{"id":37649,"date":"2021-05-31T14:50:31","date_gmt":"2021-05-31T14:50:31","guid":{"rendered":"https:\/\/cz.f-chain.com\/nominee-services\/"},"modified":"2021-05-31T14:50:31","modified_gmt":"2021-05-31T14:50:31","slug":"nominee-services","status":"publish","type":"page","link":"https:\/\/cz.f-chain.com\/cs\/nominee-services\/","title":{"rendered":"Nominee services"},"content":{"rendered":"<div class=\"wpb-content-wrapper\"><p>[vc_row css_animation=&#8220;fadeInUp&#8220;][vc_column][vc_column_text]<\/p>\n<h3>Many companies using the services of the FCHAIN Corporation have foreign owners who do not reside in the Czech Republic. In addition to the advantages, there are certain difficulties in this form of doing business.<\/h3>\n<p>After all, foreign entrepreneurs who registered their company in the Czech Republic have to conduct their business within the framework of local legislation and taxation system.[\/vc_column_text][\/vc_column][\/vc_row][vc_row content_placement=&#8220;middle&#8220; css_animation=&#8220;fadeInUp&#8220;][vc_column width=&#8220;1\/2&#8243;][vc_column_text]Financial Chain Corporation is a reliable partner who is always ready to provide quality support to its clients at all levels. We responsibly represent the interests of our clients in the state institutions and other organizations in accordance with the powers of the powers of attorney granted to us.<\/p>\n<p>Unfortunately, in some cases, this is not enough and the physical presence of the director is required. In addition, banks are often not very friendly to non-residents of the Czech Republic, refusing to open an account or closing existing accounts.<\/p>\n<p>Financial Chain Corporation has already found a profitable and easy solution for our foreign clients<strong>.<\/strong> We offer a nominee service. A nominee director is an individual who will act as a director (and a founder, if necessary) and represent the interests of the company in the Czech Republic.[\/vc_column_text][\/vc_column][vc_column width=&#8220;1\/2&#8243;][vc_single_image image=&#8220;19974&#8243; img_size=&#8220;full&#8220;][\/vc_column][\/vc_row][vc_row content_placement=&#8220;middle&#8220; css_animation=&#8220;fadeInUp&#8220;][vc_column width=&#8220;1\/2&#8243;][vc_single_image image=&#8220;19977&#8243; img_size=&#8220;full&#8220;][\/vc_column][vc_column width=&#8220;1\/2&#8243;][vc_column_text]<strong>Benefits:<\/strong><\/p>\n<ul class=\"ul-gray\">\n<li>In all cases, where the physical presence of a director is required, the company may be represented by a nominee director acting solely in your interests.<\/li>\n<li>A nominee director enables to open and maintain a bank account eliminating the risk of closure due to the lack of relationship with the Czech Republic and absence of residency status.<\/li>\n<li>Being the true owner, the actual director of the company is not listed in the register, which ensures the confidentiality of the client.<\/li>\n<li>This service can also be useful, if the director cannot register the company on himself due to time constraints.<\/li>\n<\/ul>\n<p>The functions, rights, and duties of the nominee director and actual director are governed by an agreement that is signed for at least 1 year. In case of unforeseen or extraordinary situations, the term of the contract is considered individually.[\/vc_column_text][\/vc_column][\/vc_row]<\/p>\n<\/div>","protected":false},"excerpt":{"rendered":"<p>[vc_row css_animation=&#8220;fadeInUp&#8220;][vc_column][vc_column_text] Many companies using the services of the FCHAIN Corporation have foreign owners who do not reside in the Czech Republic. In addition to the advantages, there are certain difficulties in this form of doing business. After all, foreign entrepreneurs who registered their company in the Czech Republic have to conduct their business within<\/p>\n","protected":false},"author":1,"featured_media":19696,"parent":0,"menu_order":0,"comment_status":"closed","ping_status":"closed","template":"","meta":{"_acf_changed":false,"footnotes":""},"class_list":["post-37649","page","type-page","status-publish","hentry"],"acf":[],"yoast_head":"<!-- This site is optimized with the Yoast SEO plugin v27.3 - https:\/\/yoast.com\/product\/yoast-seo-wordpress\/ -->\n<title>Nominee services - FCHAIN<\/title>\n<meta name=\"robots\" content=\"index, follow, max-snippet:-1, max-image-preview:large, max-video-preview:-1\" \/>\n<link rel=\"canonical\" href=\"https:\/\/cz.f-chain.com\/cs\/nominee-services\/\" \/>\n<meta property=\"og:locale\" content=\"cs_CZ\" \/>\n<meta property=\"og:type\" content=\"article\" \/>\n<meta property=\"og:title\" content=\"Nominee services - FCHAIN\" \/>\n<meta property=\"og:description\" content=\"[vc_row css_animation=&#8220;fadeInUp&#8220;][vc_column][vc_column_text] Many companies using the services of the FCHAIN Corporation have foreign owners who do not reside in the Czech Republic. In addition to the advantages, there are certain difficulties in this form of doing business. After all, foreign entrepreneurs who registered their company in the Czech Republic have to conduct their business within\" \/>\n<meta property=\"og:url\" content=\"https:\/\/cz.f-chain.com\/cs\/nominee-services\/\" \/>\n<meta property=\"og:site_name\" content=\"FCHAIN\" \/>\n<meta name=\"twitter:card\" content=\"summary_large_image\" \/>\n<meta name=\"twitter:label1\" content=\"Odhadovan\u00e1 doba \u010dten\u00ed\" \/>\n\t<meta name=\"twitter:data1\" content=\"2 minuty\" \/>\n<script type=\"application\/ld+json\" class=\"yoast-schema-graph\">{\"@context\":\"https:\\\/\\\/schema.org\",\"@graph\":[{\"@type\":\"WebPage\",\"@id\":\"https:\\\/\\\/cz.f-chain.com\\\/cs\\\/nominee-services\\\/\",\"url\":\"https:\\\/\\\/cz.f-chain.com\\\/cs\\\/nominee-services\\\/\",\"name\":\"Nominee services - FCHAIN\",\"isPartOf\":{\"@id\":\"https:\\\/\\\/cz.f-chain.com\\\/#website\"},\"primaryImageOfPage\":{\"@id\":\"https:\\\/\\\/cz.f-chain.com\\\/cs\\\/nominee-services\\\/#primaryimage\"},\"image\":{\"@id\":\"https:\\\/\\\/cz.f-chain.com\\\/cs\\\/nominee-services\\\/#primaryimage\"},\"thumbnailUrl\":\"https:\\\/\\\/cz.f-chain.com\\\/wp-content\\\/uploads\\\/2021\\\/05\\\/fchain_stock_78-scaled.jpg\",\"datePublished\":\"2021-05-31T14:50:31+00:00\",\"breadcrumb\":{\"@id\":\"https:\\\/\\\/cz.f-chain.com\\\/cs\\\/nominee-services\\\/#breadcrumb\"},\"inLanguage\":\"cs\",\"potentialAction\":[{\"@type\":\"ReadAction\",\"target\":[\"https:\\\/\\\/cz.f-chain.com\\\/cs\\\/nominee-services\\\/\"]}]},{\"@type\":\"ImageObject\",\"inLanguage\":\"cs\",\"@id\":\"https:\\\/\\\/cz.f-chain.com\\\/cs\\\/nominee-services\\\/#primaryimage\",\"url\":\"https:\\\/\\\/cz.f-chain.com\\\/wp-content\\\/uploads\\\/2021\\\/05\\\/fchain_stock_78-scaled.jpg\",\"contentUrl\":\"https:\\\/\\\/cz.f-chain.com\\\/wp-content\\\/uploads\\\/2021\\\/05\\\/fchain_stock_78-scaled.jpg\",\"width\":2560,\"height\":1707},{\"@type\":\"BreadcrumbList\",\"@id\":\"https:\\\/\\\/cz.f-chain.com\\\/cs\\\/nominee-services\\\/#breadcrumb\",\"itemListElement\":[{\"@type\":\"ListItem\",\"position\":1,\"name\":\"Home\",\"item\":\"https:\\\/\\\/cz.f-chain.com\\\/cs\\\/\"},{\"@type\":\"ListItem\",\"position\":2,\"name\":\"Nominee services\"}]},{\"@type\":\"WebSite\",\"@id\":\"https:\\\/\\\/cz.f-chain.com\\\/#website\",\"url\":\"https:\\\/\\\/cz.f-chain.com\\\/\",\"name\":\"FCHAIN\",\"description\":\"Financial Chain Corporation in Czech Republic\",\"potentialAction\":[{\"@type\":\"SearchAction\",\"target\":{\"@type\":\"EntryPoint\",\"urlTemplate\":\"https:\\\/\\\/cz.f-chain.com\\\/?s={search_term_string}\"},\"query-input\":{\"@type\":\"PropertyValueSpecification\",\"valueRequired\":true,\"valueName\":\"search_term_string\"}}],\"inLanguage\":\"cs\"}]}<\/script>\n<!-- \/ Yoast SEO plugin. -->","yoast_head_json":{"title":"Nominee services - FCHAIN","robots":{"index":"index","follow":"follow","max-snippet":"max-snippet:-1","max-image-preview":"max-image-preview:large","max-video-preview":"max-video-preview:-1"},"canonical":"https:\/\/cz.f-chain.com\/cs\/nominee-services\/","og_locale":"cs_CZ","og_type":"article","og_title":"Nominee services - FCHAIN","og_description":"[vc_row css_animation=&#8220;fadeInUp&#8220;][vc_column][vc_column_text] Many companies using the services of the FCHAIN Corporation have foreign owners who do not reside in the Czech Republic. In addition to the advantages, there are certain difficulties in this form of doing business. After all, foreign entrepreneurs who registered their company in the Czech Republic have to conduct their business within","og_url":"https:\/\/cz.f-chain.com\/cs\/nominee-services\/","og_site_name":"FCHAIN","twitter_card":"summary_large_image","twitter_misc":{"Odhadovan\u00e1 doba \u010dten\u00ed":"2 minuty"},"schema":{"@context":"https:\/\/schema.org","@graph":[{"@type":"WebPage","@id":"https:\/\/cz.f-chain.com\/cs\/nominee-services\/","url":"https:\/\/cz.f-chain.com\/cs\/nominee-services\/","name":"Nominee services - FCHAIN","isPartOf":{"@id":"https:\/\/cz.f-chain.com\/#website"},"primaryImageOfPage":{"@id":"https:\/\/cz.f-chain.com\/cs\/nominee-services\/#primaryimage"},"image":{"@id":"https:\/\/cz.f-chain.com\/cs\/nominee-services\/#primaryimage"},"thumbnailUrl":"https:\/\/cz.f-chain.com\/wp-content\/uploads\/2021\/05\/fchain_stock_78-scaled.jpg","datePublished":"2021-05-31T14:50:31+00:00","breadcrumb":{"@id":"https:\/\/cz.f-chain.com\/cs\/nominee-services\/#breadcrumb"},"inLanguage":"cs","potentialAction":[{"@type":"ReadAction","target":["https:\/\/cz.f-chain.com\/cs\/nominee-services\/"]}]},{"@type":"ImageObject","inLanguage":"cs","@id":"https:\/\/cz.f-chain.com\/cs\/nominee-services\/#primaryimage","url":"https:\/\/cz.f-chain.com\/wp-content\/uploads\/2021\/05\/fchain_stock_78-scaled.jpg","contentUrl":"https:\/\/cz.f-chain.com\/wp-content\/uploads\/2021\/05\/fchain_stock_78-scaled.jpg","width":2560,"height":1707},{"@type":"BreadcrumbList","@id":"https:\/\/cz.f-chain.com\/cs\/nominee-services\/#breadcrumb","itemListElement":[{"@type":"ListItem","position":1,"name":"Home","item":"https:\/\/cz.f-chain.com\/cs\/"},{"@type":"ListItem","position":2,"name":"Nominee services"}]},{"@type":"WebSite","@id":"https:\/\/cz.f-chain.com\/#website","url":"https:\/\/cz.f-chain.com\/","name":"FCHAIN","description":"Financial Chain Corporation in Czech Republic","potentialAction":[{"@type":"SearchAction","target":{"@type":"EntryPoint","urlTemplate":"https:\/\/cz.f-chain.com\/?s={search_term_string}"},"query-input":{"@type":"PropertyValueSpecification","valueRequired":true,"valueName":"search_term_string"}}],"inLanguage":"cs"}]}},"_links":{"self":[{"href":"https:\/\/cz.f-chain.com\/cs\/wp-json\/wp\/v2\/pages\/37649","targetHints":{"allow":["GET"]}}],"collection":[{"href":"https:\/\/cz.f-chain.com\/cs\/wp-json\/wp\/v2\/pages"}],"about":[{"href":"https:\/\/cz.f-chain.com\/cs\/wp-json\/wp\/v2\/types\/page"}],"author":[{"embeddable":true,"href":"https:\/\/cz.f-chain.com\/cs\/wp-json\/wp\/v2\/users\/1"}],"replies":[{"embeddable":true,"href":"https:\/\/cz.f-chain.com\/cs\/wp-json\/wp\/v2\/comments?post=37649"}],"version-history":[{"count":0,"href":"https:\/\/cz.f-chain.com\/cs\/wp-json\/wp\/v2\/pages\/37649\/revisions"}],"wp:featuredmedia":[{"embeddable":true,"href":"https:\/\/cz.f-chain.com\/cs\/wp-json\/wp\/v2\/media\/19696"}],"wp:attachment":[{"href":"https:\/\/cz.f-chain.com\/cs\/wp-json\/wp\/v2\/media?parent=37649"}],"curies":[{"name":"wp","href":"https:\/\/api.w.org\/{rel}","templated":true}]}}