{"id":20801,"date":"2025-02-04T13:41:25","date_gmt":"2025-02-04T13:41:25","guid":{"rendered":"https:\/\/cz.f-chain.com\/?page_id=20801"},"modified":"2025-11-18T11:23:06","modified_gmt":"2025-11-18T11:23:06","slug":"marketing-services","status":"publish","type":"page","link":"https:\/\/cz.f-chain.com\/cs\/marketing-services\/","title":{"rendered":"Marketingov\u00e9 slu\u017eby"},"content":{"rendered":"<div class=\"wpb-content-wrapper\"><p>[vc_row][vc_column][vc_column_text]Ve spole\u010dnosti FChain poskytujeme odborn\u00e9 marketingov\u00e9 slu\u017eby navr\u017een\u00e9 tak, aby pomohly podnik\u016fm r\u016fst, zapojit jejich publikum a zv\u00fd\u0161it p\u0159\u00edjmy. N\u00e1\u0161 t\u00fdm se specializuje na marketing, prodej a propagaci a zaji\u0161\u0165uje, aby va\u0161e firma vynikla na konkuren\u010dn\u00edm trhu.[\/vc_column_text][\/vc_column][\/vc_row][vc_row][vc_column width=&#8220;1\/2&#8243;][vc_column_text]K marketingu pou\u017e\u00edv\u00e1me p\u0159\u00edstup zalo\u017een\u00fd na datech, kombinujeme kreativitu s analytikou a vytv\u00e1\u0159\u00edme strategie, kter\u00e9 p\u0159in\u00e1\u0161ej\u00ed m\u011b\u0159iteln\u00e9 v\u00fdsledky. A\u0165 u\u017e pot\u0159ebujete kompletn\u00ed marketingovou kampa\u0148 nebo c\u00edlenou podporu v konkr\u00e9tn\u00edch oblastech, na\u0161e \u0159e\u0161en\u00ed p\u0159izp\u016fsob\u00edme va\u0161im jedine\u010dn\u00fdm obchodn\u00edm c\u00edl\u016fm. Na\u0161e odborn\u00e9 znalosti v oblasti SEO a obsahov\u00e9ho marketingu pom\u00e1haj\u00ed zlep\u0161ovat hodnocen\u00ed ve vyhled\u00e1va\u010d\u00edch, zvy\u0161ovat organickou n\u00e1v\u0161t\u011bvnost a zlep\u0161ovat viditelnost zna\u010dky. Prost\u0159ednictv\u00edm marketingu na soci\u00e1ln\u00edch s\u00edt\u00edch vytv\u00e1\u0159\u00edme p\u016fsobiv\u00fd obsah a spravujeme kampan\u011b, kter\u00e9 podporuj\u00ed zapojen\u00ed a buduj\u00ed siln\u00e9 spojen\u00ed s va\u0161\u00edm publikem.<\/p>\n<p>Na\u0161e strategie placen\u00e9 reklamy, v\u010detn\u011b PPC reklam a reklam na soci\u00e1ln\u00edch s\u00edt\u00edch, jsou navr\u017eeny tak, aby maximalizovaly n\u00e1vratnost investic c\u00edlen\u00edm na spr\u00e1vn\u00e9 z\u00e1kazn\u00edky ve spr\u00e1vn\u00fd \u010das. Poskytujeme tak\u00e9 zna\u010dkov\u00e9 a kreativn\u00ed slu\u017eby, abychom vytvo\u0159ili silnou a zapamatovatelnou identitu zna\u010dky. Na\u0161e e-mailov\u00e1 a SMS marketingov\u00e1 \u0159e\u0161en\u00ed nav\u00edc udr\u017euj\u00ed va\u0161e publikum v kontaktu prost\u0159ednictv\u00edm personalizovan\u00e9 a automatizovan\u00e9 komunikace.[\/vc_column_text][\/vc_column][vc_column width=&#8220;1\/2&#8243;][vc_single_image image=&#8220;20797&#8243; img_size=&#8220;full&#8220;][\/vc_column][\/vc_row][vc_row][vc_column][vc_column_text]Ve spole\u010dnosti FChain jsme odhodl\u00e1ni dod\u00e1vat inovativn\u00ed a p\u0159izp\u016fsoben\u00e1 marketingov\u00e1 \u0159e\u0161en\u00ed. Se zam\u011b\u0159en\u00edm na transparentnost a m\u011b\u0159iteln\u00e9 v\u00fdsledky poskytujeme podrobn\u00e9 zpr\u00e1vy a statistiky, abychom zajistili, \u017ee va\u0161e marketingov\u00e9 \u00fasil\u00ed povede ke skute\u010dn\u00e9mu \u00fasp\u011bchu. Poj\u010fme spole\u010dn\u011b vytvo\u0159it marketingovou strategii, kter\u00e1 podpo\u0159\u00ed r\u016fst va\u0161eho podnik\u00e1n\u00ed a pos\u00edl\u00ed va\u0161i online p\u0159\u00edtomnost. Chcete-li za\u010d\u00edt, kontaktujte n\u00e1s je\u0161t\u011b dnes.[\/vc_column_text][\/vc_column][\/vc_row]<\/p>\n<\/div>","protected":false},"excerpt":{"rendered":"<p>[vc_row][vc_column][vc_column_text]Ve spole\u010dnosti FChain poskytujeme odborn\u00e9 marketingov\u00e9 slu\u017eby navr\u017een\u00e9 tak, aby pomohly podnik\u016fm r\u016fst, zapojit jejich publikum a zv\u00fd\u0161it p\u0159\u00edjmy. N\u00e1\u0161 t\u00fdm se specializuje na marketing, prodej a propagaci a zaji\u0161\u0165uje, aby va\u0161e firma vynikla na konkuren\u010dn\u00edm trhu.[\/vc_column_text][\/vc_column][\/vc_row][vc_row][vc_column width=&#8220;1\/2&#8243;][vc_column_text]K marketingu pou\u017e\u00edv\u00e1me p\u0159\u00edstup zalo\u017een\u00fd na datech, kombinujeme kreativitu s analytikou a vytv\u00e1\u0159\u00edme strategie, kter\u00e9 p\u0159in\u00e1\u0161ej\u00ed m\u011b\u0159iteln\u00e9 v\u00fdsledky.<\/p>\n","protected":false},"author":3,"featured_media":20798,"parent":0,"menu_order":0,"comment_status":"closed","ping_status":"closed","template":"","meta":{"_acf_changed":false,"footnotes":""},"class_list":["post-20801","page","type-page","status-publish","hentry"],"acf":[],"yoast_head":"<!-- This site is optimized with the Yoast SEO plugin v27.3 - https:\/\/yoast.com\/product\/yoast-seo-wordpress\/ -->\n<title>Marketing Services<\/title>\n<meta name=\"description\" content=\"At FChain, we provide expert marketing services designed to help businesses grow, engage their audience, and increase revenue. Our team specializes in marketing, sales and promotion, ensuring that your business stands out in a competitive marketplace.\" \/>\n<meta name=\"robots\" content=\"index, follow, max-snippet:-1, max-image-preview:large, max-video-preview:-1\" \/>\n<link rel=\"canonical\" href=\"https:\/\/cz.f-chain.com\/cs\/marketing-services\/\" \/>\n<meta property=\"og:locale\" content=\"cs_CZ\" \/>\n<meta property=\"og:type\" content=\"article\" \/>\n<meta property=\"og:title\" content=\"Marketing Services\" \/>\n<meta property=\"og:description\" content=\"At FChain, we provide expert marketing services designed to help businesses grow, engage their audience, and increase revenue. Our team specializes in marketing, sales and promotion, ensuring that your business stands out in a competitive marketplace.\" \/>\n<meta property=\"og:url\" content=\"https:\/\/cz.f-chain.com\/cs\/marketing-services\/\" \/>\n<meta property=\"og:site_name\" content=\"FCHAIN\" \/>\n<meta property=\"article:modified_time\" content=\"2025-11-18T11:23:06+00:00\" \/>\n<meta property=\"og:image\" content=\"https:\/\/cz.f-chain.com\/wp-content\/uploads\/2025\/02\/marketing-plan-and-strategy-2023-11-27-05-16-14-utc-scaled.jpg\" \/>\n\t<meta property=\"og:image:width\" content=\"2560\" \/>\n\t<meta property=\"og:image:height\" content=\"1707\" \/>\n\t<meta property=\"og:image:type\" content=\"image\/jpeg\" \/>\n<meta name=\"twitter:card\" content=\"summary_large_image\" \/>\n<meta name=\"twitter:label1\" content=\"Odhadovan\u00e1 doba \u010dten\u00ed\" \/>\n\t<meta name=\"twitter:data1\" content=\"2 minuty\" \/>\n<script type=\"application\/ld+json\" class=\"yoast-schema-graph\">{\"@context\":\"https:\\\/\\\/schema.org\",\"@graph\":[{\"@type\":\"WebPage\",\"@id\":\"https:\\\/\\\/cz.f-chain.com\\\/cs\\\/marketing-services\\\/\",\"url\":\"https:\\\/\\\/cz.f-chain.com\\\/cs\\\/marketing-services\\\/\",\"name\":\"Marketing Services\",\"isPartOf\":{\"@id\":\"https:\\\/\\\/cz.f-chain.com\\\/#website\"},\"primaryImageOfPage\":{\"@id\":\"https:\\\/\\\/cz.f-chain.com\\\/cs\\\/marketing-services\\\/#primaryimage\"},\"image\":{\"@id\":\"https:\\\/\\\/cz.f-chain.com\\\/cs\\\/marketing-services\\\/#primaryimage\"},\"thumbnailUrl\":\"https:\\\/\\\/cz.f-chain.com\\\/wp-content\\\/uploads\\\/2025\\\/02\\\/marketing-plan-and-strategy-2023-11-27-05-16-14-utc-scaled.jpg\",\"datePublished\":\"2025-02-04T13:41:25+00:00\",\"dateModified\":\"2025-11-18T11:23:06+00:00\",\"description\":\"At FChain, we provide expert marketing services designed to help businesses grow, engage their audience, and increase revenue. Our team specializes in marketing, sales and promotion, ensuring that your business stands out in a competitive marketplace.\",\"breadcrumb\":{\"@id\":\"https:\\\/\\\/cz.f-chain.com\\\/cs\\\/marketing-services\\\/#breadcrumb\"},\"inLanguage\":\"cs\",\"potentialAction\":[{\"@type\":\"ReadAction\",\"target\":[\"https:\\\/\\\/cz.f-chain.com\\\/cs\\\/marketing-services\\\/\"]}]},{\"@type\":\"ImageObject\",\"inLanguage\":\"cs\",\"@id\":\"https:\\\/\\\/cz.f-chain.com\\\/cs\\\/marketing-services\\\/#primaryimage\",\"url\":\"https:\\\/\\\/cz.f-chain.com\\\/wp-content\\\/uploads\\\/2025\\\/02\\\/marketing-plan-and-strategy-2023-11-27-05-16-14-utc-scaled.jpg\",\"contentUrl\":\"https:\\\/\\\/cz.f-chain.com\\\/wp-content\\\/uploads\\\/2025\\\/02\\\/marketing-plan-and-strategy-2023-11-27-05-16-14-utc-scaled.jpg\",\"width\":2560,\"height\":1707,\"caption\":\"Marketing strategy report on a desk\"},{\"@type\":\"BreadcrumbList\",\"@id\":\"https:\\\/\\\/cz.f-chain.com\\\/cs\\\/marketing-services\\\/#breadcrumb\",\"itemListElement\":[{\"@type\":\"ListItem\",\"position\":1,\"name\":\"Home\",\"item\":\"https:\\\/\\\/cz.f-chain.com\\\/cs\\\/\"},{\"@type\":\"ListItem\",\"position\":2,\"name\":\"Marketingov\u00e9 slu\u017eby\"}]},{\"@type\":\"WebSite\",\"@id\":\"https:\\\/\\\/cz.f-chain.com\\\/#website\",\"url\":\"https:\\\/\\\/cz.f-chain.com\\\/\",\"name\":\"FCHAIN\",\"description\":\"Financial Chain Corporation in Czech Republic\",\"potentialAction\":[{\"@type\":\"SearchAction\",\"target\":{\"@type\":\"EntryPoint\",\"urlTemplate\":\"https:\\\/\\\/cz.f-chain.com\\\/?s={search_term_string}\"},\"query-input\":{\"@type\":\"PropertyValueSpecification\",\"valueRequired\":true,\"valueName\":\"search_term_string\"}}],\"inLanguage\":\"cs\"}]}<\/script>\n<!-- \/ Yoast SEO plugin. -->","yoast_head_json":{"title":"Marketing Services","description":"At FChain, we provide expert marketing services designed to help businesses grow, engage their audience, and increase revenue. Our team specializes in marketing, sales and promotion, ensuring that your business stands out in a competitive marketplace.","robots":{"index":"index","follow":"follow","max-snippet":"max-snippet:-1","max-image-preview":"max-image-preview:large","max-video-preview":"max-video-preview:-1"},"canonical":"https:\/\/cz.f-chain.com\/cs\/marketing-services\/","og_locale":"cs_CZ","og_type":"article","og_title":"Marketing Services","og_description":"At FChain, we provide expert marketing services designed to help businesses grow, engage their audience, and increase revenue. Our team specializes in marketing, sales and promotion, ensuring that your business stands out in a competitive marketplace.","og_url":"https:\/\/cz.f-chain.com\/cs\/marketing-services\/","og_site_name":"FCHAIN","article_modified_time":"2025-11-18T11:23:06+00:00","og_image":[{"width":2560,"height":1707,"url":"https:\/\/cz.f-chain.com\/wp-content\/uploads\/2025\/02\/marketing-plan-and-strategy-2023-11-27-05-16-14-utc-scaled.jpg","type":"image\/jpeg"}],"twitter_card":"summary_large_image","twitter_misc":{"Odhadovan\u00e1 doba \u010dten\u00ed":"2 minuty"},"schema":{"@context":"https:\/\/schema.org","@graph":[{"@type":"WebPage","@id":"https:\/\/cz.f-chain.com\/cs\/marketing-services\/","url":"https:\/\/cz.f-chain.com\/cs\/marketing-services\/","name":"Marketing Services","isPartOf":{"@id":"https:\/\/cz.f-chain.com\/#website"},"primaryImageOfPage":{"@id":"https:\/\/cz.f-chain.com\/cs\/marketing-services\/#primaryimage"},"image":{"@id":"https:\/\/cz.f-chain.com\/cs\/marketing-services\/#primaryimage"},"thumbnailUrl":"https:\/\/cz.f-chain.com\/wp-content\/uploads\/2025\/02\/marketing-plan-and-strategy-2023-11-27-05-16-14-utc-scaled.jpg","datePublished":"2025-02-04T13:41:25+00:00","dateModified":"2025-11-18T11:23:06+00:00","description":"At FChain, we provide expert marketing services designed to help businesses grow, engage their audience, and increase revenue. Our team specializes in marketing, sales and promotion, ensuring that your business stands out in a competitive marketplace.","breadcrumb":{"@id":"https:\/\/cz.f-chain.com\/cs\/marketing-services\/#breadcrumb"},"inLanguage":"cs","potentialAction":[{"@type":"ReadAction","target":["https:\/\/cz.f-chain.com\/cs\/marketing-services\/"]}]},{"@type":"ImageObject","inLanguage":"cs","@id":"https:\/\/cz.f-chain.com\/cs\/marketing-services\/#primaryimage","url":"https:\/\/cz.f-chain.com\/wp-content\/uploads\/2025\/02\/marketing-plan-and-strategy-2023-11-27-05-16-14-utc-scaled.jpg","contentUrl":"https:\/\/cz.f-chain.com\/wp-content\/uploads\/2025\/02\/marketing-plan-and-strategy-2023-11-27-05-16-14-utc-scaled.jpg","width":2560,"height":1707,"caption":"Marketing strategy report on a desk"},{"@type":"BreadcrumbList","@id":"https:\/\/cz.f-chain.com\/cs\/marketing-services\/#breadcrumb","itemListElement":[{"@type":"ListItem","position":1,"name":"Home","item":"https:\/\/cz.f-chain.com\/cs\/"},{"@type":"ListItem","position":2,"name":"Marketingov\u00e9 slu\u017eby"}]},{"@type":"WebSite","@id":"https:\/\/cz.f-chain.com\/#website","url":"https:\/\/cz.f-chain.com\/","name":"FCHAIN","description":"Financial Chain Corporation in Czech Republic","potentialAction":[{"@type":"SearchAction","target":{"@type":"EntryPoint","urlTemplate":"https:\/\/cz.f-chain.com\/?s={search_term_string}"},"query-input":{"@type":"PropertyValueSpecification","valueRequired":true,"valueName":"search_term_string"}}],"inLanguage":"cs"}]}},"_links":{"self":[{"href":"https:\/\/cz.f-chain.com\/cs\/wp-json\/wp\/v2\/pages\/20801","targetHints":{"allow":["GET"]}}],"collection":[{"href":"https:\/\/cz.f-chain.com\/cs\/wp-json\/wp\/v2\/pages"}],"about":[{"href":"https:\/\/cz.f-chain.com\/cs\/wp-json\/wp\/v2\/types\/page"}],"author":[{"embeddable":true,"href":"https:\/\/cz.f-chain.com\/cs\/wp-json\/wp\/v2\/users\/3"}],"replies":[{"embeddable":true,"href":"https:\/\/cz.f-chain.com\/cs\/wp-json\/wp\/v2\/comments?post=20801"}],"version-history":[{"count":3,"href":"https:\/\/cz.f-chain.com\/cs\/wp-json\/wp\/v2\/pages\/20801\/revisions"}],"predecessor-version":[{"id":37686,"href":"https:\/\/cz.f-chain.com\/cs\/wp-json\/wp\/v2\/pages\/20801\/revisions\/37686"}],"wp:featuredmedia":[{"embeddable":true,"href":"https:\/\/cz.f-chain.com\/cs\/wp-json\/wp\/v2\/media\/20798"}],"wp:attachment":[{"href":"https:\/\/cz.f-chain.com\/cs\/wp-json\/wp\/v2\/media?parent=20801"}],"curies":[{"name":"wp","href":"https:\/\/api.w.org\/{rel}","templated":true}]}}