{"id":20777,"date":"2025-02-04T13:07:14","date_gmt":"2025-02-04T13:07:14","guid":{"rendered":"https:\/\/cz.f-chain.com\/?page_id=20777"},"modified":"2025-02-04T13:07:14","modified_gmt":"2025-02-04T13:07:14","slug":"obchodni-marketingove-sluzby","status":"publish","type":"page","link":"https:\/\/cz.f-chain.com\/cs\/obchodni-marketingove-sluzby\/","title":{"rendered":"Obchodn\u00ed marketingov\u00e9 slu\u017eby"},"content":{"rendered":"<div class=\"wpb-content-wrapper\"><p>[vc_row][vc_column][vc_column_text]<strong>Maximalizace dopadu va\u0161\u00ed zna\u010dky na trhu<\/strong><\/p>\n<p>Ve spole\u010dnosti FChain se specializujeme na <strong>obchodn\u00ed marketingov\u00e9 slu\u017eby<\/strong>, jejich\u017e c\u00edlem je zlep\u0161it viditelnost va\u0161\u00ed zna\u010dky, zv\u00fd\u0161it v\u00fdkon maloobchodu a pos\u00edlit vztahy s distributory a maloobchodn\u00edky. N\u00e1\u0161 strategick\u00fd p\u0159\u00edstup zaji\u0161\u0165uje, \u017ee va\u0161e produkty vyniknou na pultech a oslov\u00ed spr\u00e1vn\u00e9 z\u00e1kazn\u00edky ve spr\u00e1vn\u00fd \u010das.[\/vc_column_text][\/vc_column][\/vc_row][vc_row][vc_column width=&#8220;1\/2&#8243;][vc_column_text]<strong>Co je obchodn\u00ed marketing?<\/strong><\/p>\n<p>Obchodn\u00ed marketing se zam\u011b\u0159uje na propagaci va\u0161ich produkt\u016f u velkoobchodn\u00edk\u016f, distributor\u016f a maloobchodn\u00edk\u016f, sp\u00ed\u0161e ne\u017e p\u0159\u00edmo u spot\u0159ebitel\u016f. C\u00edlem je optimalizovat um\u00edst\u011bn\u00ed, dostupnost a prodejn\u00ed v\u00fdkon va\u0161eho produktu v r\u016fzn\u00fdch maloobchodn\u00edch kan\u00e1lech.<\/p>\n<p>&nbsp;<\/p>\n<p><strong>Na\u0161e obchodn\u00ed marketingov\u00e1 \u0159e\u0161en\u00ed<\/strong><\/p>\n<p><strong>Maloobchodn\u00ed strategie a realizace<\/strong> \u2013 Zaji\u0161t\u011bn\u00ed efektivn\u00edho um\u00edst\u011bn\u00ed va\u0161ich produkt\u016f a jejich uv\u00e1d\u011bn\u00ed na trh v maloobchodn\u00edch prodejn\u00e1ch.<\/p>\n<p><strong>Propaga\u010dn\u00ed kampan\u011b<\/strong> \u2013 Rozvoj obchodn\u00edch propagac\u00ed, aktivac\u00ed v obchodech a prodejn\u00edch pob\u00eddek.<\/p>\n<p><strong>Category Management<\/strong> \u2013 \u200b\u200bOptimalizace sortimentu produkt\u016f, um\u00edst\u011bn\u00ed reg\u00e1l\u016f a cenov\u00fdch strategi\u00ed.<\/p>\n<p><strong>Marketing v m\u00edst\u011b prodeje (POS)<\/strong> \u2013 Navrhov\u00e1n\u00ed p\u016fsobiv\u00fdch displej\u016f, zna\u010den\u00ed a marketingov\u00fdch materi\u00e1l\u016f v obchod\u011b.<\/p>\n<p><strong>Zapojen\u00ed distributor\u016f a prodejc\u016f<\/strong> \u2013 Pos\u00edlen\u00ed partnerstv\u00ed prost\u0159ednictv\u00edm p\u0159izp\u016fsoben\u00e9 marketingov\u00e9 podpory a prodejn\u00edch n\u00e1stroj\u016f.<\/p>\n<p><strong>Market Insights &amp; Analytics<\/strong> \u2013 Vyu\u017eit\u00ed strategi\u00ed zalo\u017een\u00fdch na datech k maximalizaci prodeje a n\u00e1vratnosti investic.[\/vc_column_text][\/vc_column][vc_column width=&#8220;1\/2&#8243;][vc_single_image image=&#8220;20772&#8243; img_size=&#8220;full&#8220;][\/vc_column][\/vc_row][vc_row][vc_column][vc_row_inner][vc_column_inner][vc_column_text]<strong>Pro\u010d si vybrat n\u00e1s?<\/strong><\/p>\n<p>D\u00edky hlubok\u00fdm odborn\u00fdm znalostem a inovativn\u00edm obchodn\u00edm marketingov\u00fdm \u0159e\u0161en\u00edm pom\u00e1h\u00e1me zna\u010dk\u00e1m z\u00edskat konkuren\u010dn\u00ed v\u00fdhodu v maloobchodn\u00edm prost\u0159ed\u00ed. A\u0165 u\u017e uv\u00e1d\u00edte na trh nov\u00fd produkt nebo chcete zlep\u0161it svou st\u00e1vaj\u00edc\u00ed p\u0159\u00edtomnost na trhu, n\u00e1\u0161 t\u00fdm je zde, aby v\u00e1m dodal strategie zam\u011b\u0159en\u00e9 na v\u00fdsledky p\u0159izp\u016fsoben\u00e9 va\u0161im obchodn\u00edm pot\u0159eb\u00e1m.[\/vc_column_text][\/vc_column_inner][\/vc_row_inner][\/vc_column][\/vc_row]<\/p>\n<\/div>","protected":false},"excerpt":{"rendered":"<p>[vc_row][vc_column][vc_column_text]Maximalizace dopadu va\u0161\u00ed zna\u010dky na trhu Ve spole\u010dnosti FChain se specializujeme na obchodn\u00ed marketingov\u00e9 slu\u017eby, jejich\u017e c\u00edlem je zlep\u0161it viditelnost va\u0161\u00ed zna\u010dky, zv\u00fd\u0161it v\u00fdkon maloobchodu a pos\u00edlit vztahy s distributory a maloobchodn\u00edky. N\u00e1\u0161 strategick\u00fd p\u0159\u00edstup zaji\u0161\u0165uje, \u017ee va\u0161e produkty vyniknou na pultech a oslov\u00ed spr\u00e1vn\u00e9 z\u00e1kazn\u00edky ve spr\u00e1vn\u00fd \u010das.[\/vc_column_text][\/vc_column][\/vc_row][vc_row][vc_column width=&#8220;1\/2&#8243;][vc_column_text]Co je obchodn\u00ed marketing? Obchodn\u00ed marketing<\/p>\n","protected":false},"author":3,"featured_media":20773,"parent":0,"menu_order":0,"comment_status":"closed","ping_status":"closed","template":"","meta":{"_acf_changed":false,"footnotes":""},"class_list":["post-20777","page","type-page","status-publish","hentry"],"acf":[],"yoast_head":"<!-- This site is optimized with the Yoast SEO plugin v27.3 - https:\/\/yoast.com\/product\/yoast-seo-wordpress\/ -->\n<title>Obchodn\u00ed marketingov\u00e9 slu\u017eby<\/title>\n<meta name=\"robots\" content=\"index, follow, max-snippet:-1, max-image-preview:large, max-video-preview:-1\" \/>\n<link rel=\"canonical\" href=\"https:\/\/cz.f-chain.com\/cs\/obchodni-marketingove-sluzby\/\" \/>\n<meta property=\"og:locale\" content=\"cs_CZ\" \/>\n<meta property=\"og:type\" content=\"article\" \/>\n<meta property=\"og:title\" content=\"Obchodn\u00ed marketingov\u00e9 slu\u017eby\" \/>\n<meta property=\"og:description\" content=\"[vc_row][vc_column][vc_column_text]Maximalizace dopadu va\u0161\u00ed zna\u010dky na trhu Ve spole\u010dnosti FChain se specializujeme na obchodn\u00ed marketingov\u00e9 slu\u017eby, jejich\u017e c\u00edlem je zlep\u0161it viditelnost va\u0161\u00ed zna\u010dky, zv\u00fd\u0161it v\u00fdkon maloobchodu a pos\u00edlit vztahy s distributory a maloobchodn\u00edky. N\u00e1\u0161 strategick\u00fd p\u0159\u00edstup zaji\u0161\u0165uje, \u017ee va\u0161e produkty vyniknou na pultech a oslov\u00ed spr\u00e1vn\u00e9 z\u00e1kazn\u00edky ve spr\u00e1vn\u00fd \u010das.[\/vc_column_text][\/vc_column][\/vc_row][vc_row][vc_column width=&#8220;1\/2&#8243;][vc_column_text]Co je obchodn\u00ed marketing? Obchodn\u00ed marketing\" \/>\n<meta property=\"og:url\" content=\"https:\/\/cz.f-chain.com\/cs\/obchodni-marketingove-sluzby\/\" \/>\n<meta property=\"og:site_name\" content=\"FCHAIN\" \/>\n<meta property=\"og:image\" content=\"https:\/\/cz.f-chain.com\/wp-content\/uploads\/2025\/02\/stock-trading-graph-price-prediction-and-profit-ga-2024-11-27-10-29-28-utc-scaled.jpg\" \/>\n\t<meta property=\"og:image:width\" content=\"2560\" \/>\n\t<meta property=\"og:image:height\" content=\"1440\" \/>\n\t<meta property=\"og:image:type\" content=\"image\/jpeg\" \/>\n<meta name=\"twitter:card\" content=\"summary_large_image\" \/>\n<meta name=\"twitter:label1\" content=\"Odhadovan\u00e1 doba \u010dten\u00ed\" \/>\n\t<meta name=\"twitter:data1\" content=\"2 minuty\" \/>\n<script type=\"application\/ld+json\" class=\"yoast-schema-graph\">{\"@context\":\"https:\\\/\\\/schema.org\",\"@graph\":[{\"@type\":\"WebPage\",\"@id\":\"https:\\\/\\\/cz.f-chain.com\\\/cs\\\/obchodni-marketingove-sluzby\\\/\",\"url\":\"https:\\\/\\\/cz.f-chain.com\\\/cs\\\/obchodni-marketingove-sluzby\\\/\",\"name\":\"Obchodn\u00ed marketingov\u00e9 slu\u017eby\",\"isPartOf\":{\"@id\":\"https:\\\/\\\/cz.f-chain.com\\\/#website\"},\"primaryImageOfPage\":{\"@id\":\"https:\\\/\\\/cz.f-chain.com\\\/cs\\\/obchodni-marketingove-sluzby\\\/#primaryimage\"},\"image\":{\"@id\":\"https:\\\/\\\/cz.f-chain.com\\\/cs\\\/obchodni-marketingove-sluzby\\\/#primaryimage\"},\"thumbnailUrl\":\"https:\\\/\\\/cz.f-chain.com\\\/wp-content\\\/uploads\\\/2025\\\/02\\\/stock-trading-graph-price-prediction-and-profit-ga-2024-11-27-10-29-28-utc-scaled.jpg\",\"datePublished\":\"2025-02-04T13:07:14+00:00\",\"breadcrumb\":{\"@id\":\"https:\\\/\\\/cz.f-chain.com\\\/cs\\\/obchodni-marketingove-sluzby\\\/#breadcrumb\"},\"inLanguage\":\"cs\",\"potentialAction\":[{\"@type\":\"ReadAction\",\"target\":[\"https:\\\/\\\/cz.f-chain.com\\\/cs\\\/obchodni-marketingove-sluzby\\\/\"]}]},{\"@type\":\"ImageObject\",\"inLanguage\":\"cs\",\"@id\":\"https:\\\/\\\/cz.f-chain.com\\\/cs\\\/obchodni-marketingove-sluzby\\\/#primaryimage\",\"url\":\"https:\\\/\\\/cz.f-chain.com\\\/wp-content\\\/uploads\\\/2025\\\/02\\\/stock-trading-graph-price-prediction-and-profit-ga-2024-11-27-10-29-28-utc-scaled.jpg\",\"contentUrl\":\"https:\\\/\\\/cz.f-chain.com\\\/wp-content\\\/uploads\\\/2025\\\/02\\\/stock-trading-graph-price-prediction-and-profit-ga-2024-11-27-10-29-28-utc-scaled.jpg\",\"width\":2560,\"height\":1440,\"caption\":\"investment stockbroker profit analysis. Stock trading graph price prediction and profit gain. Manager using multiple devices\"},{\"@type\":\"BreadcrumbList\",\"@id\":\"https:\\\/\\\/cz.f-chain.com\\\/cs\\\/obchodni-marketingove-sluzby\\\/#breadcrumb\",\"itemListElement\":[{\"@type\":\"ListItem\",\"position\":1,\"name\":\"Home\",\"item\":\"https:\\\/\\\/cz.f-chain.com\\\/cs\\\/\"},{\"@type\":\"ListItem\",\"position\":2,\"name\":\"Obchodn\u00ed marketingov\u00e9 slu\u017eby\"}]},{\"@type\":\"WebSite\",\"@id\":\"https:\\\/\\\/cz.f-chain.com\\\/#website\",\"url\":\"https:\\\/\\\/cz.f-chain.com\\\/\",\"name\":\"FCHAIN\",\"description\":\"Financial Chain Corporation in Czech Republic\",\"potentialAction\":[{\"@type\":\"SearchAction\",\"target\":{\"@type\":\"EntryPoint\",\"urlTemplate\":\"https:\\\/\\\/cz.f-chain.com\\\/?s={search_term_string}\"},\"query-input\":{\"@type\":\"PropertyValueSpecification\",\"valueRequired\":true,\"valueName\":\"search_term_string\"}}],\"inLanguage\":\"cs\"}]}<\/script>\n<!-- \/ Yoast SEO plugin. -->","yoast_head_json":{"title":"Obchodn\u00ed marketingov\u00e9 slu\u017eby","robots":{"index":"index","follow":"follow","max-snippet":"max-snippet:-1","max-image-preview":"max-image-preview:large","max-video-preview":"max-video-preview:-1"},"canonical":"https:\/\/cz.f-chain.com\/cs\/obchodni-marketingove-sluzby\/","og_locale":"cs_CZ","og_type":"article","og_title":"Obchodn\u00ed marketingov\u00e9 slu\u017eby","og_description":"[vc_row][vc_column][vc_column_text]Maximalizace dopadu va\u0161\u00ed zna\u010dky na trhu Ve spole\u010dnosti FChain se specializujeme na obchodn\u00ed marketingov\u00e9 slu\u017eby, jejich\u017e c\u00edlem je zlep\u0161it viditelnost va\u0161\u00ed zna\u010dky, zv\u00fd\u0161it v\u00fdkon maloobchodu a pos\u00edlit vztahy s distributory a maloobchodn\u00edky. N\u00e1\u0161 strategick\u00fd p\u0159\u00edstup zaji\u0161\u0165uje, \u017ee va\u0161e produkty vyniknou na pultech a oslov\u00ed spr\u00e1vn\u00e9 z\u00e1kazn\u00edky ve spr\u00e1vn\u00fd \u010das.[\/vc_column_text][\/vc_column][\/vc_row][vc_row][vc_column width=&#8220;1\/2&#8243;][vc_column_text]Co je obchodn\u00ed marketing? Obchodn\u00ed marketing","og_url":"https:\/\/cz.f-chain.com\/cs\/obchodni-marketingove-sluzby\/","og_site_name":"FCHAIN","og_image":[{"width":2560,"height":1440,"url":"https:\/\/cz.f-chain.com\/wp-content\/uploads\/2025\/02\/stock-trading-graph-price-prediction-and-profit-ga-2024-11-27-10-29-28-utc-scaled.jpg","type":"image\/jpeg"}],"twitter_card":"summary_large_image","twitter_misc":{"Odhadovan\u00e1 doba \u010dten\u00ed":"2 minuty"},"schema":{"@context":"https:\/\/schema.org","@graph":[{"@type":"WebPage","@id":"https:\/\/cz.f-chain.com\/cs\/obchodni-marketingove-sluzby\/","url":"https:\/\/cz.f-chain.com\/cs\/obchodni-marketingove-sluzby\/","name":"Obchodn\u00ed marketingov\u00e9 slu\u017eby","isPartOf":{"@id":"https:\/\/cz.f-chain.com\/#website"},"primaryImageOfPage":{"@id":"https:\/\/cz.f-chain.com\/cs\/obchodni-marketingove-sluzby\/#primaryimage"},"image":{"@id":"https:\/\/cz.f-chain.com\/cs\/obchodni-marketingove-sluzby\/#primaryimage"},"thumbnailUrl":"https:\/\/cz.f-chain.com\/wp-content\/uploads\/2025\/02\/stock-trading-graph-price-prediction-and-profit-ga-2024-11-27-10-29-28-utc-scaled.jpg","datePublished":"2025-02-04T13:07:14+00:00","breadcrumb":{"@id":"https:\/\/cz.f-chain.com\/cs\/obchodni-marketingove-sluzby\/#breadcrumb"},"inLanguage":"cs","potentialAction":[{"@type":"ReadAction","target":["https:\/\/cz.f-chain.com\/cs\/obchodni-marketingove-sluzby\/"]}]},{"@type":"ImageObject","inLanguage":"cs","@id":"https:\/\/cz.f-chain.com\/cs\/obchodni-marketingove-sluzby\/#primaryimage","url":"https:\/\/cz.f-chain.com\/wp-content\/uploads\/2025\/02\/stock-trading-graph-price-prediction-and-profit-ga-2024-11-27-10-29-28-utc-scaled.jpg","contentUrl":"https:\/\/cz.f-chain.com\/wp-content\/uploads\/2025\/02\/stock-trading-graph-price-prediction-and-profit-ga-2024-11-27-10-29-28-utc-scaled.jpg","width":2560,"height":1440,"caption":"investment stockbroker profit analysis. Stock trading graph price prediction and profit gain. Manager using multiple devices"},{"@type":"BreadcrumbList","@id":"https:\/\/cz.f-chain.com\/cs\/obchodni-marketingove-sluzby\/#breadcrumb","itemListElement":[{"@type":"ListItem","position":1,"name":"Home","item":"https:\/\/cz.f-chain.com\/cs\/"},{"@type":"ListItem","position":2,"name":"Obchodn\u00ed marketingov\u00e9 slu\u017eby"}]},{"@type":"WebSite","@id":"https:\/\/cz.f-chain.com\/#website","url":"https:\/\/cz.f-chain.com\/","name":"FCHAIN","description":"Financial Chain Corporation in Czech Republic","potentialAction":[{"@type":"SearchAction","target":{"@type":"EntryPoint","urlTemplate":"https:\/\/cz.f-chain.com\/?s={search_term_string}"},"query-input":{"@type":"PropertyValueSpecification","valueRequired":true,"valueName":"search_term_string"}}],"inLanguage":"cs"}]}},"_links":{"self":[{"href":"https:\/\/cz.f-chain.com\/cs\/wp-json\/wp\/v2\/pages\/20777","targetHints":{"allow":["GET"]}}],"collection":[{"href":"https:\/\/cz.f-chain.com\/cs\/wp-json\/wp\/v2\/pages"}],"about":[{"href":"https:\/\/cz.f-chain.com\/cs\/wp-json\/wp\/v2\/types\/page"}],"author":[{"embeddable":true,"href":"https:\/\/cz.f-chain.com\/cs\/wp-json\/wp\/v2\/users\/3"}],"replies":[{"embeddable":true,"href":"https:\/\/cz.f-chain.com\/cs\/wp-json\/wp\/v2\/comments?post=20777"}],"version-history":[{"count":1,"href":"https:\/\/cz.f-chain.com\/cs\/wp-json\/wp\/v2\/pages\/20777\/revisions"}],"predecessor-version":[{"id":20778,"href":"https:\/\/cz.f-chain.com\/cs\/wp-json\/wp\/v2\/pages\/20777\/revisions\/20778"}],"wp:featuredmedia":[{"embeddable":true,"href":"https:\/\/cz.f-chain.com\/cs\/wp-json\/wp\/v2\/media\/20773"}],"wp:attachment":[{"href":"https:\/\/cz.f-chain.com\/cs\/wp-json\/wp\/v2\/media?parent=20777"}],"curies":[{"name":"wp","href":"https:\/\/api.w.org\/{rel}","templated":true}]}}