{"id":20747,"date":"2025-01-31T08:35:26","date_gmt":"2025-01-31T08:35:26","guid":{"rendered":"https:\/\/cz.f-chain.com\/?page_id=20747"},"modified":"2025-01-31T08:36:22","modified_gmt":"2025-01-31T08:36:22","slug":"asistence-pri-danovem-poradenstvi","status":"publish","type":"page","link":"https:\/\/cz.f-chain.com\/cs\/asistence-pri-danovem-poradenstvi\/","title":{"rendered":"Asistence p\u0159i da\u0148ov\u00e9m poradenstv\u00ed"},"content":{"rendered":"<div class=\"wpb-content-wrapper\"><p>[vc_row][vc_column][vc_column_text]<\/p>\n<h3>Da\u0148ov\u00e9 p\u0159edpisy mohou b\u00fdt slo\u017eit\u00e9 a neust\u00e1le se m\u011bn\u00ed, co\u017e \u010din\u00ed d\u016fle\u017eit\u00fdm m\u00edt d\u016fv\u011bryhodn\u00e9ho poradce, kter\u00fd v\u00e1s provede t\u00edmto procesem. Na\u0161e slu\u017eby da\u0148ov\u00e9ho poradenstv\u00ed nab\u00edzej\u00ed personalizovan\u00e9 strategie, jak minimalizovat va\u0161i da\u0148ovou povinnost, zajistit shodu s p\u0159edpisy a maximalizovat va\u0161e finan\u010dn\u00ed p\u0159\u00edle\u017eitosti.<\/h3>\n<p>[\/vc_column_text][\/vc_column][\/vc_row][vc_row][vc_column width=&#8220;1\/2&#8243;][vc_column_text]<\/p>\n<h3>Na\u0161e slu\u017eby zahrnuj\u00ed:<\/h3>\n<ul class=\"ul-gray\">\n<li>\u2022 <strong>Da\u0148ov\u00e1 strategie a pl\u00e1nov\u00e1n\u00ed<\/strong>: Spolupracujeme s v\u00e1mi na vytvo\u0159en\u00ed da\u0148ov\u00e9 strategie, kter\u00e1 je v souladu s va\u0161imi finan\u010dn\u00edmi c\u00edli, pom\u00e1h\u00e1 minimalizovat dan\u011b a maximalizovat odpo\u010dty a da\u0148ov\u00e9 \u00falevy.<br \/>\n\u2022 <strong>Da\u0148ov\u00e1 shoda<\/strong>: Na\u0161i odborn\u00edci zajist\u00ed, \u017ee va\u0161e da\u0148ov\u00e1 p\u0159izn\u00e1n\u00ed budou spr\u00e1vn\u00e1 a pod\u00e1na v\u010das, \u010d\u00edm\u017e se vyhnete n\u00e1kladn\u00fdm pokut\u00e1m nebo \u00farok\u016fm.<br \/>\n\u2022 <strong>Poradenstv\u00ed v oblasti korpor\u00e1tn\u00edch dan\u00ed<\/strong>: Pom\u00e1h\u00e1me firm\u00e1m s pl\u00e1nov\u00e1n\u00edm, strukturac\u00ed a dodr\u017eov\u00e1n\u00edm korpor\u00e1tn\u00edch da\u0148ov\u00fdch p\u0159edpis\u016f, abychom v\u00e1m pomohli navigovat slo\u017eit\u00e9 da\u0148ov\u00e9 pravidla pro podniky.<br \/>\n\u2022 <strong>Individu\u00e1ln\u00ed da\u0148ov\u00e9 poradenstv\u00ed<\/strong>: Poskytujeme \u0161it\u00e9 na m\u00edru da\u0148ov\u00e9 poradenstv\u00ed pro jednotlivce, v\u010detn\u011b strategi\u00ed pro pl\u00e1nov\u00e1n\u00ed majetku, spo\u0159en\u00ed na d\u016fchod a p\u0159\u00edjmy z investic.<br \/>\n\u2022 <strong>Da\u0148ov\u011b efektivn\u00ed investice<\/strong>: Porad\u00edme v\u00e1m s investi\u010dn\u00edmi strategiemi, kter\u00e9 jsou da\u0148ov\u011b efektivn\u00ed, pom\u00e1h\u00e1me v\u00e1m r\u016fst va\u0161eho majetku a z\u00e1rove\u0148 sni\u017eovat da\u0148ovou z\u00e1t\u011b\u017e.<br \/>\n\u2022 <strong>Podpora p\u0159i auditech a sporech<\/strong>: Pokud \u010del\u00edte auditu IRS nebo da\u0148ov\u00e9mu sporu, nab\u00edz\u00edme podporu p\u0159i \u0159e\u0161en\u00ed probl\u00e9m\u016f, p\u0159\u00edprav\u011b dokumentace a zastupov\u00e1n\u00ed va\u0161ich z\u00e1jm\u016f.<\/li>\n<\/ul>\n<h3>S na\u0161imi odborn\u00fdmi da\u0148ov\u00fdmi poradensk\u00fdmi slu\u017ebami si m\u016f\u017eete b\u00fdt jisti, \u017ee \u010din\u00edte nejlep\u0161\u00ed finan\u010dn\u00ed rozhodnut\u00ed, zat\u00edmco z\u016fst\u00e1v\u00e1te v souladu s da\u0148ov\u00fdmi p\u0159edpisy. Pom\u016f\u017eeme v\u00e1m orientovat se v slo\u017eitostech zdan\u011bn\u00ed a maximalizovat va\u0161e \u00faspory.<\/h3>\n<p>[\/vc_column_text][\/vc_column][vc_column width=&#8220;1\/2&#8243;][vc_single_image image=&#8220;20738&#8243; img_size=&#8220;full&#8220;][\/vc_column][\/vc_row]<\/p>\n<\/div>","protected":false},"excerpt":{"rendered":"<p>[vc_row][vc_column][vc_column_text] Da\u0148ov\u00e9 p\u0159edpisy mohou b\u00fdt slo\u017eit\u00e9 a neust\u00e1le se m\u011bn\u00ed, co\u017e \u010din\u00ed d\u016fle\u017eit\u00fdm m\u00edt d\u016fv\u011bryhodn\u00e9ho poradce, kter\u00fd v\u00e1s provede t\u00edmto procesem. Na\u0161e slu\u017eby da\u0148ov\u00e9ho poradenstv\u00ed nab\u00edzej\u00ed personalizovan\u00e9 strategie, jak minimalizovat va\u0161i da\u0148ovou povinnost, zajistit shodu s p\u0159edpisy a maximalizovat va\u0161e finan\u010dn\u00ed p\u0159\u00edle\u017eitosti. [\/vc_column_text][\/vc_column][\/vc_row][vc_row][vc_column width=&#8220;1\/2&#8243;][vc_column_text] Na\u0161e slu\u017eby zahrnuj\u00ed: \u2022 Da\u0148ov\u00e1 strategie a pl\u00e1nov\u00e1n\u00ed: Spolupracujeme s v\u00e1mi<\/p>\n","protected":false},"author":3,"featured_media":20742,"parent":0,"menu_order":0,"comment_status":"closed","ping_status":"closed","template":"","meta":{"_acf_changed":false,"footnotes":""},"class_list":["post-20747","page","type-page","status-publish","hentry"],"acf":[],"yoast_head":"<!-- This site is optimized with the Yoast SEO plugin v27.3 - https:\/\/yoast.com\/product\/yoast-seo-wordpress\/ -->\n<title>Asistence p\u0159i da\u0148ov\u00e9m poradenstv\u00ed<\/title>\n<meta name=\"description\" content=\"Da\u0148ov\u00e9 p\u0159edpisy mohou b\u00fdt slo\u017eit\u00e9 a neust\u00e1le se m\u011bn\u00ed, co\u017e \u010din\u00ed d\u016fle\u017eit\u00fdm m\u00edt d\u016fv\u011bryhodn\u00e9ho poradce, kter\u00fd v\u00e1s provede t\u00edmto procesem.\" \/>\n<meta name=\"robots\" content=\"index, follow, max-snippet:-1, max-image-preview:large, max-video-preview:-1\" \/>\n<link rel=\"canonical\" href=\"https:\/\/cz.f-chain.com\/cs\/asistence-pri-danovem-poradenstvi\/\" \/>\n<meta property=\"og:locale\" content=\"cs_CZ\" \/>\n<meta property=\"og:type\" content=\"article\" \/>\n<meta property=\"og:title\" content=\"Asistence p\u0159i da\u0148ov\u00e9m poradenstv\u00ed\" \/>\n<meta property=\"og:description\" content=\"Da\u0148ov\u00e9 p\u0159edpisy mohou b\u00fdt slo\u017eit\u00e9 a neust\u00e1le se m\u011bn\u00ed, co\u017e \u010din\u00ed d\u016fle\u017eit\u00fdm m\u00edt d\u016fv\u011bryhodn\u00e9ho poradce, kter\u00fd v\u00e1s provede t\u00edmto procesem.\" \/>\n<meta property=\"og:url\" content=\"https:\/\/cz.f-chain.com\/cs\/asistence-pri-danovem-poradenstvi\/\" \/>\n<meta property=\"og:site_name\" content=\"FCHAIN\" \/>\n<meta property=\"article:modified_time\" content=\"2025-01-31T08:36:22+00:00\" \/>\n<meta property=\"og:image\" content=\"https:\/\/cz.f-chain.com\/wp-content\/uploads\/2025\/01\/prague-from-above-2023-11-27-05-13-58-utc-scaled.jpg\" \/>\n\t<meta property=\"og:image:width\" content=\"2560\" \/>\n\t<meta property=\"og:image:height\" content=\"1709\" \/>\n\t<meta property=\"og:image:type\" content=\"image\/jpeg\" \/>\n<meta name=\"twitter:card\" content=\"summary_large_image\" \/>\n<meta name=\"twitter:label1\" content=\"Odhadovan\u00e1 doba \u010dten\u00ed\" \/>\n\t<meta name=\"twitter:data1\" content=\"2 minuty\" \/>\n<script type=\"application\/ld+json\" class=\"yoast-schema-graph\">{\"@context\":\"https:\\\/\\\/schema.org\",\"@graph\":[{\"@type\":\"WebPage\",\"@id\":\"https:\\\/\\\/cz.f-chain.com\\\/cs\\\/asistence-pri-danovem-poradenstvi\\\/\",\"url\":\"https:\\\/\\\/cz.f-chain.com\\\/cs\\\/asistence-pri-danovem-poradenstvi\\\/\",\"name\":\"Asistence p\u0159i da\u0148ov\u00e9m poradenstv\u00ed\",\"isPartOf\":{\"@id\":\"https:\\\/\\\/cz.f-chain.com\\\/#website\"},\"primaryImageOfPage\":{\"@id\":\"https:\\\/\\\/cz.f-chain.com\\\/cs\\\/asistence-pri-danovem-poradenstvi\\\/#primaryimage\"},\"image\":{\"@id\":\"https:\\\/\\\/cz.f-chain.com\\\/cs\\\/asistence-pri-danovem-poradenstvi\\\/#primaryimage\"},\"thumbnailUrl\":\"https:\\\/\\\/cz.f-chain.com\\\/wp-content\\\/uploads\\\/2025\\\/01\\\/prague-from-above-2023-11-27-05-13-58-utc-scaled.jpg\",\"datePublished\":\"2025-01-31T08:35:26+00:00\",\"dateModified\":\"2025-01-31T08:36:22+00:00\",\"description\":\"Da\u0148ov\u00e9 p\u0159edpisy mohou b\u00fdt slo\u017eit\u00e9 a neust\u00e1le se m\u011bn\u00ed, co\u017e \u010din\u00ed d\u016fle\u017eit\u00fdm m\u00edt d\u016fv\u011bryhodn\u00e9ho poradce, kter\u00fd v\u00e1s provede t\u00edmto procesem.\",\"breadcrumb\":{\"@id\":\"https:\\\/\\\/cz.f-chain.com\\\/cs\\\/asistence-pri-danovem-poradenstvi\\\/#breadcrumb\"},\"inLanguage\":\"cs\",\"potentialAction\":[{\"@type\":\"ReadAction\",\"target\":[\"https:\\\/\\\/cz.f-chain.com\\\/cs\\\/asistence-pri-danovem-poradenstvi\\\/\"]}]},{\"@type\":\"ImageObject\",\"inLanguage\":\"cs\",\"@id\":\"https:\\\/\\\/cz.f-chain.com\\\/cs\\\/asistence-pri-danovem-poradenstvi\\\/#primaryimage\",\"url\":\"https:\\\/\\\/cz.f-chain.com\\\/wp-content\\\/uploads\\\/2025\\\/01\\\/prague-from-above-2023-11-27-05-13-58-utc-scaled.jpg\",\"contentUrl\":\"https:\\\/\\\/cz.f-chain.com\\\/wp-content\\\/uploads\\\/2025\\\/01\\\/prague-from-above-2023-11-27-05-13-58-utc-scaled.jpg\",\"width\":2560,\"height\":1709,\"caption\":\"View on Prague cathedrals and res roofs from above\"},{\"@type\":\"BreadcrumbList\",\"@id\":\"https:\\\/\\\/cz.f-chain.com\\\/cs\\\/asistence-pri-danovem-poradenstvi\\\/#breadcrumb\",\"itemListElement\":[{\"@type\":\"ListItem\",\"position\":1,\"name\":\"Home\",\"item\":\"https:\\\/\\\/cz.f-chain.com\\\/cs\\\/\"},{\"@type\":\"ListItem\",\"position\":2,\"name\":\"Asistence p\u0159i da\u0148ov\u00e9m poradenstv\u00ed\"}]},{\"@type\":\"WebSite\",\"@id\":\"https:\\\/\\\/cz.f-chain.com\\\/#website\",\"url\":\"https:\\\/\\\/cz.f-chain.com\\\/\",\"name\":\"FCHAIN\",\"description\":\"Financial Chain Corporation in Czech Republic\",\"potentialAction\":[{\"@type\":\"SearchAction\",\"target\":{\"@type\":\"EntryPoint\",\"urlTemplate\":\"https:\\\/\\\/cz.f-chain.com\\\/?s={search_term_string}\"},\"query-input\":{\"@type\":\"PropertyValueSpecification\",\"valueRequired\":true,\"valueName\":\"search_term_string\"}}],\"inLanguage\":\"cs\"}]}<\/script>\n<!-- \/ Yoast SEO plugin. -->","yoast_head_json":{"title":"Asistence p\u0159i da\u0148ov\u00e9m poradenstv\u00ed","description":"Da\u0148ov\u00e9 p\u0159edpisy mohou b\u00fdt slo\u017eit\u00e9 a neust\u00e1le se m\u011bn\u00ed, co\u017e \u010din\u00ed d\u016fle\u017eit\u00fdm m\u00edt d\u016fv\u011bryhodn\u00e9ho poradce, kter\u00fd v\u00e1s provede t\u00edmto procesem.","robots":{"index":"index","follow":"follow","max-snippet":"max-snippet:-1","max-image-preview":"max-image-preview:large","max-video-preview":"max-video-preview:-1"},"canonical":"https:\/\/cz.f-chain.com\/cs\/asistence-pri-danovem-poradenstvi\/","og_locale":"cs_CZ","og_type":"article","og_title":"Asistence p\u0159i da\u0148ov\u00e9m poradenstv\u00ed","og_description":"Da\u0148ov\u00e9 p\u0159edpisy mohou b\u00fdt slo\u017eit\u00e9 a neust\u00e1le se m\u011bn\u00ed, co\u017e \u010din\u00ed d\u016fle\u017eit\u00fdm m\u00edt d\u016fv\u011bryhodn\u00e9ho poradce, kter\u00fd v\u00e1s provede t\u00edmto procesem.","og_url":"https:\/\/cz.f-chain.com\/cs\/asistence-pri-danovem-poradenstvi\/","og_site_name":"FCHAIN","article_modified_time":"2025-01-31T08:36:22+00:00","og_image":[{"width":2560,"height":1709,"url":"https:\/\/cz.f-chain.com\/wp-content\/uploads\/2025\/01\/prague-from-above-2023-11-27-05-13-58-utc-scaled.jpg","type":"image\/jpeg"}],"twitter_card":"summary_large_image","twitter_misc":{"Odhadovan\u00e1 doba \u010dten\u00ed":"2 minuty"},"schema":{"@context":"https:\/\/schema.org","@graph":[{"@type":"WebPage","@id":"https:\/\/cz.f-chain.com\/cs\/asistence-pri-danovem-poradenstvi\/","url":"https:\/\/cz.f-chain.com\/cs\/asistence-pri-danovem-poradenstvi\/","name":"Asistence p\u0159i da\u0148ov\u00e9m poradenstv\u00ed","isPartOf":{"@id":"https:\/\/cz.f-chain.com\/#website"},"primaryImageOfPage":{"@id":"https:\/\/cz.f-chain.com\/cs\/asistence-pri-danovem-poradenstvi\/#primaryimage"},"image":{"@id":"https:\/\/cz.f-chain.com\/cs\/asistence-pri-danovem-poradenstvi\/#primaryimage"},"thumbnailUrl":"https:\/\/cz.f-chain.com\/wp-content\/uploads\/2025\/01\/prague-from-above-2023-11-27-05-13-58-utc-scaled.jpg","datePublished":"2025-01-31T08:35:26+00:00","dateModified":"2025-01-31T08:36:22+00:00","description":"Da\u0148ov\u00e9 p\u0159edpisy mohou b\u00fdt slo\u017eit\u00e9 a neust\u00e1le se m\u011bn\u00ed, co\u017e \u010din\u00ed d\u016fle\u017eit\u00fdm m\u00edt d\u016fv\u011bryhodn\u00e9ho poradce, kter\u00fd v\u00e1s provede t\u00edmto procesem.","breadcrumb":{"@id":"https:\/\/cz.f-chain.com\/cs\/asistence-pri-danovem-poradenstvi\/#breadcrumb"},"inLanguage":"cs","potentialAction":[{"@type":"ReadAction","target":["https:\/\/cz.f-chain.com\/cs\/asistence-pri-danovem-poradenstvi\/"]}]},{"@type":"ImageObject","inLanguage":"cs","@id":"https:\/\/cz.f-chain.com\/cs\/asistence-pri-danovem-poradenstvi\/#primaryimage","url":"https:\/\/cz.f-chain.com\/wp-content\/uploads\/2025\/01\/prague-from-above-2023-11-27-05-13-58-utc-scaled.jpg","contentUrl":"https:\/\/cz.f-chain.com\/wp-content\/uploads\/2025\/01\/prague-from-above-2023-11-27-05-13-58-utc-scaled.jpg","width":2560,"height":1709,"caption":"View on Prague cathedrals and res roofs from above"},{"@type":"BreadcrumbList","@id":"https:\/\/cz.f-chain.com\/cs\/asistence-pri-danovem-poradenstvi\/#breadcrumb","itemListElement":[{"@type":"ListItem","position":1,"name":"Home","item":"https:\/\/cz.f-chain.com\/cs\/"},{"@type":"ListItem","position":2,"name":"Asistence p\u0159i da\u0148ov\u00e9m poradenstv\u00ed"}]},{"@type":"WebSite","@id":"https:\/\/cz.f-chain.com\/#website","url":"https:\/\/cz.f-chain.com\/","name":"FCHAIN","description":"Financial Chain Corporation in Czech Republic","potentialAction":[{"@type":"SearchAction","target":{"@type":"EntryPoint","urlTemplate":"https:\/\/cz.f-chain.com\/?s={search_term_string}"},"query-input":{"@type":"PropertyValueSpecification","valueRequired":true,"valueName":"search_term_string"}}],"inLanguage":"cs"}]}},"_links":{"self":[{"href":"https:\/\/cz.f-chain.com\/cs\/wp-json\/wp\/v2\/pages\/20747","targetHints":{"allow":["GET"]}}],"collection":[{"href":"https:\/\/cz.f-chain.com\/cs\/wp-json\/wp\/v2\/pages"}],"about":[{"href":"https:\/\/cz.f-chain.com\/cs\/wp-json\/wp\/v2\/types\/page"}],"author":[{"embeddable":true,"href":"https:\/\/cz.f-chain.com\/cs\/wp-json\/wp\/v2\/users\/3"}],"replies":[{"embeddable":true,"href":"https:\/\/cz.f-chain.com\/cs\/wp-json\/wp\/v2\/comments?post=20747"}],"version-history":[{"count":2,"href":"https:\/\/cz.f-chain.com\/cs\/wp-json\/wp\/v2\/pages\/20747\/revisions"}],"predecessor-version":[{"id":20749,"href":"https:\/\/cz.f-chain.com\/cs\/wp-json\/wp\/v2\/pages\/20747\/revisions\/20749"}],"wp:featuredmedia":[{"embeddable":true,"href":"https:\/\/cz.f-chain.com\/cs\/wp-json\/wp\/v2\/media\/20742"}],"wp:attachment":[{"href":"https:\/\/cz.f-chain.com\/cs\/wp-json\/wp\/v2\/media?parent=20747"}],"curies":[{"name":"wp","href":"https:\/\/api.w.org\/{rel}","templated":true}]}}