{"id":20729,"date":"2025-01-30T14:09:28","date_gmt":"2025-01-30T14:09:28","guid":{"rendered":"https:\/\/cz.f-chain.com\/?page_id=20729"},"modified":"2025-01-30T14:09:28","modified_gmt":"2025-01-30T14:09:28","slug":"asistence-pri-financnim-auditu","status":"publish","type":"page","link":"https:\/\/cz.f-chain.com\/cs\/asistence-pri-financnim-auditu\/","title":{"rendered":"Asistence p\u0159i finan\u010dn\u00edm auditu"},"content":{"rendered":"<div class=\"wpb-content-wrapper\"><p>[vc_row][vc_column][vc_column_text]<\/p>\n<h3>Nez\u00e1visl\u00fd finan\u010dn\u00ed audit poskytuje jasnost a jistotu ohledn\u011b spr\u00e1vnosti va\u0161ich finan\u010dn\u00edch v\u00fdkaz\u016f, zaji\u0161\u0165uje transparentnost a d\u016fv\u011bru s va\u0161imi z\u00fa\u010dastn\u011bn\u00fdmi stranami. Na\u0161e slu\u017eby asistence p\u0159i finan\u010dn\u00edm auditu v\u00e1m nab\u00edzej\u00ed komplexn\u00ed podporu pro hladk\u00fd a efektivn\u00ed pr\u016fb\u011bh auditu.<\/h3>\n<p>[\/vc_column_text][\/vc_column][\/vc_row][vc_row equal_height=&#8220;yes&#8220; content_placement=&#8220;middle&#8220; css_animation=&#8220;bounceInLeft&#8220;][vc_column width=&#8220;1\/2&#8243;][vc_column_text]<\/p>\n<h3>Na\u0161e slu\u017eby zahrnuj\u00ed:<\/h3>\n<ul class=\"ul-gray\">\n<li>\u2022 <strong>P\u0159\u00edprava na audit<\/strong>: Pom\u016f\u017eeme v\u00e1m p\u0159ipravit va\u0161e finan\u010dn\u00ed z\u00e1znamy a v\u00fdkazy pro audit, zajist\u00edme, \u017ee v\u0161e bude v po\u0159\u00e1dku a v souladu s \u00fa\u010detn\u00edmi standardy.<br \/>\n\u2022 <strong>Podpora p\u0159i auditu<\/strong>: N\u00e1\u0161 t\u00fdm bude \u00fazce spolupracovat s auditory, poskytne pot\u0159ebnou dokumentaci, objasn\u00ed informace a vy\u0159e\u0161\u00ed p\u0159\u00edpadn\u00e9 dotazy, kter\u00e9 se mohou objevit b\u011bhem auditu.<br \/>\n\u2022 <strong>Kontrola intern\u00edch proces\u016f<\/strong>: Prov\u00e1d\u00edme revizi va\u0161ich intern\u00edch kontrol a \u00fa\u010detn\u00edch proces\u016f, abychom identifikovali oblasti pro zlep\u0161en\u00ed a sn\u00ed\u017eili riziko chyb nebo podvod\u016f.<br \/>\n\u2022 <strong>Soulad s po\u017eadavky na audit<\/strong>: Zajist\u00edme, \u017ee va\u0161e firma spl\u0148uje v\u0161echny regula\u010dn\u00ed a specifick\u00e9 standardy po\u017eadovan\u00e9 pro auditn\u00ed proces.<br \/>\n\u2022 <strong>Anal\u00fdza finan\u010dn\u00edch v\u00fdkaz\u016f<\/strong>: Po auditu v\u00e1m pom\u016f\u017eeme interpretovat zji\u0161t\u011bn\u00ed a poskytneme doporu\u010den\u00ed pro zlep\u0161en\u00ed va\u0161ich finan\u010dn\u00edch v\u00fdkaz\u016f a podnikov\u00fdch operac\u00ed.<\/li>\n<\/ul>\n<h3>A\u0165 u\u017e pot\u0159ebujete pomoc p\u0159i p\u0159\u00edprav\u011b na extern\u00ed audit nebo intern\u00ed podporu p\u0159i auditu, n\u00e1\u0161 t\u00fdm v\u00e1s provede cel\u00fdm procesem a zajist\u00ed, \u017ee va\u0161e finan\u010dn\u00ed \u00fadaje budou p\u0159esn\u00e9 a v souladu s p\u0159edpisy.<\/h3>\n<p>[\/vc_column_text][\/vc_column][vc_column width=&#8220;1\/2&#8243;][vc_single_image image=&#8220;20715&#8243; img_size=&#8220;full&#8220;][\/vc_column][\/vc_row]<\/p>\n<\/div>","protected":false},"excerpt":{"rendered":"<p>[vc_row][vc_column][vc_column_text] Nez\u00e1visl\u00fd finan\u010dn\u00ed audit poskytuje jasnost a jistotu ohledn\u011b spr\u00e1vnosti va\u0161ich finan\u010dn\u00edch v\u00fdkaz\u016f, zaji\u0161\u0165uje transparentnost a d\u016fv\u011bru s va\u0161imi z\u00fa\u010dastn\u011bn\u00fdmi stranami. Na\u0161e slu\u017eby asistence p\u0159i finan\u010dn\u00edm auditu v\u00e1m nab\u00edzej\u00ed komplexn\u00ed podporu pro hladk\u00fd a efektivn\u00ed pr\u016fb\u011bh auditu. [\/vc_column_text][\/vc_column][\/vc_row][vc_row equal_height=&#8220;yes&#8220; content_placement=&#8220;middle&#8220; css_animation=&#8220;bounceInLeft&#8220;][vc_column width=&#8220;1\/2&#8243;][vc_column_text] Na\u0161e slu\u017eby zahrnuj\u00ed: \u2022 P\u0159\u00edprava na audit: Pom\u016f\u017eeme v\u00e1m p\u0159ipravit va\u0161e finan\u010dn\u00ed z\u00e1znamy<\/p>\n","protected":false},"author":3,"featured_media":20724,"parent":0,"menu_order":0,"comment_status":"closed","ping_status":"closed","template":"","meta":{"_acf_changed":false,"footnotes":""},"class_list":["post-20729","page","type-page","status-publish","hentry"],"acf":[],"yoast_head":"<!-- This site is optimized with the Yoast SEO plugin v27.3 - https:\/\/yoast.com\/product\/yoast-seo-wordpress\/ -->\n<title>Asistence p\u0159i finan\u010dn\u00edm auditu<\/title>\n<meta name=\"description\" content=\"Nez\u00e1visl\u00fd finan\u010dn\u00ed audit poskytuje jasnost a jistotu ohledn\u011b spr\u00e1vnosti va\u0161ich finan\u010dn\u00edch v\u00fdkaz\u016f, zaji\u0161\u0165uje transparentnost a d\u016fv\u011bru s va\u0161imi z\u00fa\u010dastn\u011bn\u00fdmi stranami.\" \/>\n<meta name=\"robots\" content=\"index, follow, max-snippet:-1, max-image-preview:large, max-video-preview:-1\" \/>\n<link rel=\"canonical\" href=\"https:\/\/cz.f-chain.com\/cs\/asistence-pri-financnim-auditu\/\" \/>\n<meta property=\"og:locale\" content=\"cs_CZ\" \/>\n<meta property=\"og:type\" content=\"article\" \/>\n<meta property=\"og:title\" content=\"Asistence p\u0159i finan\u010dn\u00edm auditu\" \/>\n<meta property=\"og:description\" content=\"Nez\u00e1visl\u00fd finan\u010dn\u00ed audit poskytuje jasnost a jistotu ohledn\u011b spr\u00e1vnosti va\u0161ich finan\u010dn\u00edch v\u00fdkaz\u016f, zaji\u0161\u0165uje transparentnost a d\u016fv\u011bru s va\u0161imi z\u00fa\u010dastn\u011bn\u00fdmi stranami.\" \/>\n<meta property=\"og:url\" content=\"https:\/\/cz.f-chain.com\/cs\/asistence-pri-financnim-auditu\/\" \/>\n<meta property=\"og:site_name\" content=\"FCHAIN\" \/>\n<meta property=\"og:image\" content=\"https:\/\/cz.f-chain.com\/wp-content\/uploads\/2025\/01\/view-to-prague-bridges-on-vltava-2023-11-27-04-55-08-utc-scaled.jpg\" \/>\n\t<meta property=\"og:image:width\" content=\"2560\" \/>\n\t<meta property=\"og:image:height\" content=\"1709\" \/>\n\t<meta property=\"og:image:type\" content=\"image\/jpeg\" \/>\n<meta name=\"twitter:card\" content=\"summary_large_image\" \/>\n<meta name=\"twitter:label1\" content=\"Odhadovan\u00e1 doba \u010dten\u00ed\" \/>\n\t<meta name=\"twitter:data1\" content=\"2 minuty\" \/>\n<script type=\"application\/ld+json\" class=\"yoast-schema-graph\">{\"@context\":\"https:\\\/\\\/schema.org\",\"@graph\":[{\"@type\":\"WebPage\",\"@id\":\"https:\\\/\\\/cz.f-chain.com\\\/cs\\\/asistence-pri-financnim-auditu\\\/\",\"url\":\"https:\\\/\\\/cz.f-chain.com\\\/cs\\\/asistence-pri-financnim-auditu\\\/\",\"name\":\"Asistence p\u0159i finan\u010dn\u00edm auditu\",\"isPartOf\":{\"@id\":\"https:\\\/\\\/cz.f-chain.com\\\/#website\"},\"primaryImageOfPage\":{\"@id\":\"https:\\\/\\\/cz.f-chain.com\\\/cs\\\/asistence-pri-financnim-auditu\\\/#primaryimage\"},\"image\":{\"@id\":\"https:\\\/\\\/cz.f-chain.com\\\/cs\\\/asistence-pri-financnim-auditu\\\/#primaryimage\"},\"thumbnailUrl\":\"https:\\\/\\\/cz.f-chain.com\\\/wp-content\\\/uploads\\\/2025\\\/01\\\/view-to-prague-bridges-on-vltava-2023-11-27-04-55-08-utc-scaled.jpg\",\"datePublished\":\"2025-01-30T14:09:28+00:00\",\"description\":\"Nez\u00e1visl\u00fd finan\u010dn\u00ed audit poskytuje jasnost a jistotu ohledn\u011b spr\u00e1vnosti va\u0161ich finan\u010dn\u00edch v\u00fdkaz\u016f, zaji\u0161\u0165uje transparentnost a d\u016fv\u011bru s va\u0161imi z\u00fa\u010dastn\u011bn\u00fdmi stranami.\",\"breadcrumb\":{\"@id\":\"https:\\\/\\\/cz.f-chain.com\\\/cs\\\/asistence-pri-financnim-auditu\\\/#breadcrumb\"},\"inLanguage\":\"cs\",\"potentialAction\":[{\"@type\":\"ReadAction\",\"target\":[\"https:\\\/\\\/cz.f-chain.com\\\/cs\\\/asistence-pri-financnim-auditu\\\/\"]}]},{\"@type\":\"ImageObject\",\"inLanguage\":\"cs\",\"@id\":\"https:\\\/\\\/cz.f-chain.com\\\/cs\\\/asistence-pri-financnim-auditu\\\/#primaryimage\",\"url\":\"https:\\\/\\\/cz.f-chain.com\\\/wp-content\\\/uploads\\\/2025\\\/01\\\/view-to-prague-bridges-on-vltava-2023-11-27-04-55-08-utc-scaled.jpg\",\"contentUrl\":\"https:\\\/\\\/cz.f-chain.com\\\/wp-content\\\/uploads\\\/2025\\\/01\\\/view-to-prague-bridges-on-vltava-2023-11-27-04-55-08-utc-scaled.jpg\",\"width\":2560,\"height\":1709,\"caption\":\"View to Prague bridges on Vltava from view point Letensky profil at sunset\"},{\"@type\":\"BreadcrumbList\",\"@id\":\"https:\\\/\\\/cz.f-chain.com\\\/cs\\\/asistence-pri-financnim-auditu\\\/#breadcrumb\",\"itemListElement\":[{\"@type\":\"ListItem\",\"position\":1,\"name\":\"Home\",\"item\":\"https:\\\/\\\/cz.f-chain.com\\\/cs\\\/\"},{\"@type\":\"ListItem\",\"position\":2,\"name\":\"Asistence p\u0159i finan\u010dn\u00edm auditu\"}]},{\"@type\":\"WebSite\",\"@id\":\"https:\\\/\\\/cz.f-chain.com\\\/#website\",\"url\":\"https:\\\/\\\/cz.f-chain.com\\\/\",\"name\":\"FCHAIN\",\"description\":\"Financial Chain Corporation in Czech Republic\",\"potentialAction\":[{\"@type\":\"SearchAction\",\"target\":{\"@type\":\"EntryPoint\",\"urlTemplate\":\"https:\\\/\\\/cz.f-chain.com\\\/?s={search_term_string}\"},\"query-input\":{\"@type\":\"PropertyValueSpecification\",\"valueRequired\":true,\"valueName\":\"search_term_string\"}}],\"inLanguage\":\"cs\"}]}<\/script>\n<!-- \/ Yoast SEO plugin. -->","yoast_head_json":{"title":"Asistence p\u0159i finan\u010dn\u00edm auditu","description":"Nez\u00e1visl\u00fd finan\u010dn\u00ed audit poskytuje jasnost a jistotu ohledn\u011b spr\u00e1vnosti va\u0161ich finan\u010dn\u00edch v\u00fdkaz\u016f, zaji\u0161\u0165uje transparentnost a d\u016fv\u011bru s va\u0161imi z\u00fa\u010dastn\u011bn\u00fdmi stranami.","robots":{"index":"index","follow":"follow","max-snippet":"max-snippet:-1","max-image-preview":"max-image-preview:large","max-video-preview":"max-video-preview:-1"},"canonical":"https:\/\/cz.f-chain.com\/cs\/asistence-pri-financnim-auditu\/","og_locale":"cs_CZ","og_type":"article","og_title":"Asistence p\u0159i finan\u010dn\u00edm auditu","og_description":"Nez\u00e1visl\u00fd finan\u010dn\u00ed audit poskytuje jasnost a jistotu ohledn\u011b spr\u00e1vnosti va\u0161ich finan\u010dn\u00edch v\u00fdkaz\u016f, zaji\u0161\u0165uje transparentnost a d\u016fv\u011bru s va\u0161imi z\u00fa\u010dastn\u011bn\u00fdmi stranami.","og_url":"https:\/\/cz.f-chain.com\/cs\/asistence-pri-financnim-auditu\/","og_site_name":"FCHAIN","og_image":[{"width":2560,"height":1709,"url":"https:\/\/cz.f-chain.com\/wp-content\/uploads\/2025\/01\/view-to-prague-bridges-on-vltava-2023-11-27-04-55-08-utc-scaled.jpg","type":"image\/jpeg"}],"twitter_card":"summary_large_image","twitter_misc":{"Odhadovan\u00e1 doba \u010dten\u00ed":"2 minuty"},"schema":{"@context":"https:\/\/schema.org","@graph":[{"@type":"WebPage","@id":"https:\/\/cz.f-chain.com\/cs\/asistence-pri-financnim-auditu\/","url":"https:\/\/cz.f-chain.com\/cs\/asistence-pri-financnim-auditu\/","name":"Asistence p\u0159i finan\u010dn\u00edm auditu","isPartOf":{"@id":"https:\/\/cz.f-chain.com\/#website"},"primaryImageOfPage":{"@id":"https:\/\/cz.f-chain.com\/cs\/asistence-pri-financnim-auditu\/#primaryimage"},"image":{"@id":"https:\/\/cz.f-chain.com\/cs\/asistence-pri-financnim-auditu\/#primaryimage"},"thumbnailUrl":"https:\/\/cz.f-chain.com\/wp-content\/uploads\/2025\/01\/view-to-prague-bridges-on-vltava-2023-11-27-04-55-08-utc-scaled.jpg","datePublished":"2025-01-30T14:09:28+00:00","description":"Nez\u00e1visl\u00fd finan\u010dn\u00ed audit poskytuje jasnost a jistotu ohledn\u011b spr\u00e1vnosti va\u0161ich finan\u010dn\u00edch v\u00fdkaz\u016f, zaji\u0161\u0165uje transparentnost a d\u016fv\u011bru s va\u0161imi z\u00fa\u010dastn\u011bn\u00fdmi stranami.","breadcrumb":{"@id":"https:\/\/cz.f-chain.com\/cs\/asistence-pri-financnim-auditu\/#breadcrumb"},"inLanguage":"cs","potentialAction":[{"@type":"ReadAction","target":["https:\/\/cz.f-chain.com\/cs\/asistence-pri-financnim-auditu\/"]}]},{"@type":"ImageObject","inLanguage":"cs","@id":"https:\/\/cz.f-chain.com\/cs\/asistence-pri-financnim-auditu\/#primaryimage","url":"https:\/\/cz.f-chain.com\/wp-content\/uploads\/2025\/01\/view-to-prague-bridges-on-vltava-2023-11-27-04-55-08-utc-scaled.jpg","contentUrl":"https:\/\/cz.f-chain.com\/wp-content\/uploads\/2025\/01\/view-to-prague-bridges-on-vltava-2023-11-27-04-55-08-utc-scaled.jpg","width":2560,"height":1709,"caption":"View to Prague bridges on Vltava from view point Letensky profil at sunset"},{"@type":"BreadcrumbList","@id":"https:\/\/cz.f-chain.com\/cs\/asistence-pri-financnim-auditu\/#breadcrumb","itemListElement":[{"@type":"ListItem","position":1,"name":"Home","item":"https:\/\/cz.f-chain.com\/cs\/"},{"@type":"ListItem","position":2,"name":"Asistence p\u0159i finan\u010dn\u00edm auditu"}]},{"@type":"WebSite","@id":"https:\/\/cz.f-chain.com\/#website","url":"https:\/\/cz.f-chain.com\/","name":"FCHAIN","description":"Financial Chain Corporation in Czech Republic","potentialAction":[{"@type":"SearchAction","target":{"@type":"EntryPoint","urlTemplate":"https:\/\/cz.f-chain.com\/?s={search_term_string}"},"query-input":{"@type":"PropertyValueSpecification","valueRequired":true,"valueName":"search_term_string"}}],"inLanguage":"cs"}]}},"_links":{"self":[{"href":"https:\/\/cz.f-chain.com\/cs\/wp-json\/wp\/v2\/pages\/20729","targetHints":{"allow":["GET"]}}],"collection":[{"href":"https:\/\/cz.f-chain.com\/cs\/wp-json\/wp\/v2\/pages"}],"about":[{"href":"https:\/\/cz.f-chain.com\/cs\/wp-json\/wp\/v2\/types\/page"}],"author":[{"embeddable":true,"href":"https:\/\/cz.f-chain.com\/cs\/wp-json\/wp\/v2\/users\/3"}],"replies":[{"embeddable":true,"href":"https:\/\/cz.f-chain.com\/cs\/wp-json\/wp\/v2\/comments?post=20729"}],"version-history":[{"count":1,"href":"https:\/\/cz.f-chain.com\/cs\/wp-json\/wp\/v2\/pages\/20729\/revisions"}],"predecessor-version":[{"id":20730,"href":"https:\/\/cz.f-chain.com\/cs\/wp-json\/wp\/v2\/pages\/20729\/revisions\/20730"}],"wp:featuredmedia":[{"embeddable":true,"href":"https:\/\/cz.f-chain.com\/cs\/wp-json\/wp\/v2\/media\/20724"}],"wp:attachment":[{"href":"https:\/\/cz.f-chain.com\/cs\/wp-json\/wp\/v2\/media?parent=20729"}],"curies":[{"name":"wp","href":"https:\/\/api.w.org\/{rel}","templated":true}]}}