{"id":20699,"date":"2025-01-30T13:40:54","date_gmt":"2025-01-30T13:40:54","guid":{"rendered":"https:\/\/cz.f-chain.com\/?page_id=20699"},"modified":"2025-01-30T13:52:23","modified_gmt":"2025-01-30T13:52:23","slug":"mzdove-sluzby","status":"publish","type":"page","link":"https:\/\/cz.f-chain.com\/cs\/mzdove-sluzby\/","title":{"rendered":"Mzdov\u00e9 slu\u017eby"},"content":{"rendered":"<div class=\"wpb-content-wrapper\"><p>[vc_row][vc_column][vc_column_text]<\/p>\n<h3>Spr\u00e1va mezd m\u016f\u017ee b\u00fdt \u010dasov\u011b n\u00e1ro\u010dn\u00e1 a slo\u017eit\u00e1 \u00faloha pro firmy v\u0161ech velikost\u00ed. Na\u0161e mzdov\u00e9 slu\u017eby jsou navr\u017eeny tak, aby v\u00e1s zbavily t\u00e9to z\u00e1t\u011b\u017ee, zajistily, \u017ee va\u0161i zam\u011bstnanci budou placeni spr\u00e1vn\u011b a v\u010das, a z\u00e1rove\u0148 byly v souladu s m\u00edstn\u00edmi, st\u00e1tn\u00edmi a feder\u00e1ln\u00edmi da\u0148ov\u00fdmi p\u0159edpisy.<\/h3>\n<p>[\/vc_column_text][\/vc_column][\/vc_row][vc_row][vc_column width=&#8220;1\/2&#8243;][vc_column_text]<\/p>\n<h3>Na\u0161e mzdov\u00e9 slu\u017eby zahrnuj\u00ed:<\/h3>\n<ul class=\"ul-gray\">\n<li>\u2022 <strong>Zpracov\u00e1n\u00ed mezd<\/strong>: Zajist\u00edme v\u0161echny aspekty zpracov\u00e1n\u00ed mezd, v\u010detn\u011b v\u00fdpo\u010dtu mezd, da\u0148ov\u00fdch odvod\u016f, bonus\u016f a proviz\u00ed.<br \/>\n\u2022 <strong>Da\u0148ov\u00e9 z\u00e1lohy a reportov\u00e1n\u00ed<\/strong>: Zajist\u00edme, \u017ee v\u0161echny po\u017eadavky na feder\u00e1ln\u00ed, st\u00e1tn\u00ed a m\u00edstn\u00ed dan\u011b budou spln\u011bny, v\u010detn\u011b pod\u00e1n\u00ed mzdov\u00fdch dan\u00ed a poskytov\u00e1n\u00ed pot\u0159ebn\u00e9 dokumentace.<br \/>\n\u2022 <strong>Benefity pro zam\u011bstnance a sr\u00e1\u017eky<\/strong>: Spravujeme benefity, jako jsou p\u0159\u00edsp\u011bvky na d\u016fchodov\u00e9 poji\u0161t\u011bn\u00ed, zdravotn\u00ed poji\u0161t\u011bn\u00ed a jin\u00e9 sr\u00e1\u017eky.<br \/>\n\u2022 <strong>P\u0159\u00edm\u00fd vklad a v\u00fdplatn\u00ed p\u00e1sky<\/strong>: Va\u0161i zam\u011bstnanci budou m\u00edt k dispozici pohodl\u00ed p\u0159\u00edm\u00e9ho vkladu a podrobn\u00e9 v\u00fdplatn\u00ed p\u00e1sky pro ka\u017ed\u00e9 v\u00fdplatn\u00ed obdob\u00ed.<br \/>\n\u2022 <strong>Soulad s p\u0159edpisy a reportov\u00e1n\u00ed<\/strong>: Zajist\u00edme, \u017ee va\u0161e mzdy budou v pln\u00e9m souladu s neust\u00e1le se m\u011bn\u00edc\u00edmi z\u00e1kony a p\u0159edpisy, v\u010detn\u011b nov\u00fdch da\u0148ov\u00fdch z\u00e1kon\u016f a po\u017eadavk\u016f na reportov\u00e1n\u00ed.<br \/>\n\u2022 <strong>Individu\u00e1ln\u00ed \u0159e\u0161en\u00ed<\/strong>: Nab\u00edz\u00edme na m\u00edru \u0161it\u00e1 mzdov\u00e1 \u0159e\u0161en\u00ed, kter\u00e1 odpov\u00eddaj\u00ed specifick\u00fdm pot\u0159eb\u00e1m va\u0161\u00ed firmy, a\u0165 u\u017e jste mal\u00fd startup nebo velk\u00e1 korporace.<\/li>\n<\/ul>\n<h3>Nechte n\u00e1s se postarat o va\u0161e mzdy, abyste se mohli soust\u0159edit na \u0159\u00edzen\u00ed va\u0161\u00ed firmy s klidn\u00fdm sv\u011bdom\u00edm, \u017ee proces v\u00fdplat je p\u0159esn\u00fd, efektivn\u00ed a pln\u011b v souladu s p\u0159edpisy.<\/h3>\n<p>[\/vc_column_text][\/vc_column][vc_column width=&#8220;1\/2&#8243;][vc_single_image image=&#8220;20709&#8243; img_size=&#8220;full&#8220;][\/vc_column][\/vc_row]<\/p>\n<\/div>","protected":false},"excerpt":{"rendered":"<p>[vc_row][vc_column][vc_column_text] Spr\u00e1va mezd m\u016f\u017ee b\u00fdt \u010dasov\u011b n\u00e1ro\u010dn\u00e1 a slo\u017eit\u00e1 \u00faloha pro firmy v\u0161ech velikost\u00ed. Na\u0161e mzdov\u00e9 slu\u017eby jsou navr\u017eeny tak, aby v\u00e1s zbavily t\u00e9to z\u00e1t\u011b\u017ee, zajistily, \u017ee va\u0161i zam\u011bstnanci budou placeni spr\u00e1vn\u011b a v\u010das, a z\u00e1rove\u0148 byly v souladu s m\u00edstn\u00edmi, st\u00e1tn\u00edmi a feder\u00e1ln\u00edmi da\u0148ov\u00fdmi p\u0159edpisy. [\/vc_column_text][\/vc_column][\/vc_row][vc_row][vc_column width=&#8220;1\/2&#8243;][vc_column_text] Na\u0161e mzdov\u00e9 slu\u017eby zahrnuj\u00ed: \u2022 Zpracov\u00e1n\u00ed mezd:<\/p>\n","protected":false},"author":3,"featured_media":20696,"parent":0,"menu_order":0,"comment_status":"closed","ping_status":"closed","template":"","meta":{"_acf_changed":false,"footnotes":""},"class_list":["post-20699","page","type-page","status-publish","hentry"],"acf":[],"yoast_head":"<!-- This site is optimized with the Yoast SEO plugin v27.3 - https:\/\/yoast.com\/product\/yoast-seo-wordpress\/ -->\n<title>Mzdov\u00e9 slu\u017eby<\/title>\n<meta name=\"description\" content=\"Spr\u00e1va mezd m\u016f\u017ee b\u00fdt \u010dasov\u011b n\u00e1ro\u010dn\u00e1 a slo\u017eit\u00e1 \u00faloha pro firmy v\u0161ech velikost\u00ed. Na\u0161e mzdov\u00e9 slu\u017eby jsou navr\u017eeny tak, aby v\u00e1s zbavily t\u00e9to z\u00e1t\u011b\u017ee, zajistily, \u017ee va\u0161i zam\u011bstnanci budou placeni spr\u00e1vn\u011b a v\u010das, a z\u00e1rove\u0148 byly v souladu s m\u00edstn\u00edmi, st\u00e1tn\u00edmi a feder\u00e1ln\u00edmi da\u0148ov\u00fdmi p\u0159edpisy.\" \/>\n<meta name=\"robots\" content=\"index, follow, max-snippet:-1, max-image-preview:large, max-video-preview:-1\" \/>\n<link rel=\"canonical\" href=\"https:\/\/cz.f-chain.com\/cs\/mzdove-sluzby\/\" \/>\n<meta property=\"og:locale\" content=\"cs_CZ\" \/>\n<meta property=\"og:type\" content=\"article\" \/>\n<meta property=\"og:title\" content=\"Mzdov\u00e9 slu\u017eby\" \/>\n<meta property=\"og:description\" content=\"Spr\u00e1va mezd m\u016f\u017ee b\u00fdt \u010dasov\u011b n\u00e1ro\u010dn\u00e1 a slo\u017eit\u00e1 \u00faloha pro firmy v\u0161ech velikost\u00ed. Na\u0161e mzdov\u00e9 slu\u017eby jsou navr\u017eeny tak, aby v\u00e1s zbavily t\u00e9to z\u00e1t\u011b\u017ee, zajistily, \u017ee va\u0161i zam\u011bstnanci budou placeni spr\u00e1vn\u011b a v\u010das, a z\u00e1rove\u0148 byly v souladu s m\u00edstn\u00edmi, st\u00e1tn\u00edmi a feder\u00e1ln\u00edmi da\u0148ov\u00fdmi p\u0159edpisy.\" \/>\n<meta property=\"og:url\" content=\"https:\/\/cz.f-chain.com\/cs\/mzdove-sluzby\/\" \/>\n<meta property=\"og:site_name\" content=\"FCHAIN\" \/>\n<meta property=\"article:modified_time\" content=\"2025-01-30T13:52:23+00:00\" \/>\n<meta property=\"og:image\" content=\"https:\/\/cz.f-chain.com\/wp-content\/uploads\/2025\/01\/prague-2023-11-27-04-57-10-utc-scaled.jpg\" \/>\n\t<meta property=\"og:image:width\" content=\"2560\" \/>\n\t<meta property=\"og:image:height\" content=\"1695\" \/>\n\t<meta property=\"og:image:type\" content=\"image\/jpeg\" \/>\n<meta name=\"twitter:card\" content=\"summary_large_image\" \/>\n<meta name=\"twitter:label1\" content=\"Odhadovan\u00e1 doba \u010dten\u00ed\" \/>\n\t<meta name=\"twitter:data1\" content=\"2 minuty\" \/>\n<script type=\"application\/ld+json\" class=\"yoast-schema-graph\">{\"@context\":\"https:\\\/\\\/schema.org\",\"@graph\":[{\"@type\":\"WebPage\",\"@id\":\"https:\\\/\\\/cz.f-chain.com\\\/cs\\\/mzdove-sluzby\\\/\",\"url\":\"https:\\\/\\\/cz.f-chain.com\\\/cs\\\/mzdove-sluzby\\\/\",\"name\":\"Mzdov\u00e9 slu\u017eby\",\"isPartOf\":{\"@id\":\"https:\\\/\\\/cz.f-chain.com\\\/#website\"},\"primaryImageOfPage\":{\"@id\":\"https:\\\/\\\/cz.f-chain.com\\\/cs\\\/mzdove-sluzby\\\/#primaryimage\"},\"image\":{\"@id\":\"https:\\\/\\\/cz.f-chain.com\\\/cs\\\/mzdove-sluzby\\\/#primaryimage\"},\"thumbnailUrl\":\"https:\\\/\\\/cz.f-chain.com\\\/wp-content\\\/uploads\\\/2025\\\/01\\\/prague-2023-11-27-04-57-10-utc-scaled.jpg\",\"datePublished\":\"2025-01-30T13:40:54+00:00\",\"dateModified\":\"2025-01-30T13:52:23+00:00\",\"description\":\"Spr\u00e1va mezd m\u016f\u017ee b\u00fdt \u010dasov\u011b n\u00e1ro\u010dn\u00e1 a slo\u017eit\u00e1 \u00faloha pro firmy v\u0161ech velikost\u00ed. Na\u0161e mzdov\u00e9 slu\u017eby jsou navr\u017eeny tak, aby v\u00e1s zbavily t\u00e9to z\u00e1t\u011b\u017ee, zajistily, \u017ee va\u0161i zam\u011bstnanci budou placeni spr\u00e1vn\u011b a v\u010das, a z\u00e1rove\u0148 byly v souladu s m\u00edstn\u00edmi, st\u00e1tn\u00edmi a feder\u00e1ln\u00edmi da\u0148ov\u00fdmi p\u0159edpisy.\",\"breadcrumb\":{\"@id\":\"https:\\\/\\\/cz.f-chain.com\\\/cs\\\/mzdove-sluzby\\\/#breadcrumb\"},\"inLanguage\":\"cs\",\"potentialAction\":[{\"@type\":\"ReadAction\",\"target\":[\"https:\\\/\\\/cz.f-chain.com\\\/cs\\\/mzdove-sluzby\\\/\"]}]},{\"@type\":\"ImageObject\",\"inLanguage\":\"cs\",\"@id\":\"https:\\\/\\\/cz.f-chain.com\\\/cs\\\/mzdove-sluzby\\\/#primaryimage\",\"url\":\"https:\\\/\\\/cz.f-chain.com\\\/wp-content\\\/uploads\\\/2025\\\/01\\\/prague-2023-11-27-04-57-10-utc-scaled.jpg\",\"contentUrl\":\"https:\\\/\\\/cz.f-chain.com\\\/wp-content\\\/uploads\\\/2025\\\/01\\\/prague-2023-11-27-04-57-10-utc-scaled.jpg\",\"width\":2560,\"height\":1695,\"caption\":\"Prague, view on Vltava river\"},{\"@type\":\"BreadcrumbList\",\"@id\":\"https:\\\/\\\/cz.f-chain.com\\\/cs\\\/mzdove-sluzby\\\/#breadcrumb\",\"itemListElement\":[{\"@type\":\"ListItem\",\"position\":1,\"name\":\"Home\",\"item\":\"https:\\\/\\\/cz.f-chain.com\\\/cs\\\/\"},{\"@type\":\"ListItem\",\"position\":2,\"name\":\"Mzdov\u00e9 slu\u017eby\"}]},{\"@type\":\"WebSite\",\"@id\":\"https:\\\/\\\/cz.f-chain.com\\\/#website\",\"url\":\"https:\\\/\\\/cz.f-chain.com\\\/\",\"name\":\"FCHAIN\",\"description\":\"Financial Chain Corporation in Czech Republic\",\"potentialAction\":[{\"@type\":\"SearchAction\",\"target\":{\"@type\":\"EntryPoint\",\"urlTemplate\":\"https:\\\/\\\/cz.f-chain.com\\\/?s={search_term_string}\"},\"query-input\":{\"@type\":\"PropertyValueSpecification\",\"valueRequired\":true,\"valueName\":\"search_term_string\"}}],\"inLanguage\":\"cs\"}]}<\/script>\n<!-- \/ Yoast SEO plugin. -->","yoast_head_json":{"title":"Mzdov\u00e9 slu\u017eby","description":"Spr\u00e1va mezd m\u016f\u017ee b\u00fdt \u010dasov\u011b n\u00e1ro\u010dn\u00e1 a slo\u017eit\u00e1 \u00faloha pro firmy v\u0161ech velikost\u00ed. Na\u0161e mzdov\u00e9 slu\u017eby jsou navr\u017eeny tak, aby v\u00e1s zbavily t\u00e9to z\u00e1t\u011b\u017ee, zajistily, \u017ee va\u0161i zam\u011bstnanci budou placeni spr\u00e1vn\u011b a v\u010das, a z\u00e1rove\u0148 byly v souladu s m\u00edstn\u00edmi, st\u00e1tn\u00edmi a feder\u00e1ln\u00edmi da\u0148ov\u00fdmi p\u0159edpisy.","robots":{"index":"index","follow":"follow","max-snippet":"max-snippet:-1","max-image-preview":"max-image-preview:large","max-video-preview":"max-video-preview:-1"},"canonical":"https:\/\/cz.f-chain.com\/cs\/mzdove-sluzby\/","og_locale":"cs_CZ","og_type":"article","og_title":"Mzdov\u00e9 slu\u017eby","og_description":"Spr\u00e1va mezd m\u016f\u017ee b\u00fdt \u010dasov\u011b n\u00e1ro\u010dn\u00e1 a slo\u017eit\u00e1 \u00faloha pro firmy v\u0161ech velikost\u00ed. Na\u0161e mzdov\u00e9 slu\u017eby jsou navr\u017eeny tak, aby v\u00e1s zbavily t\u00e9to z\u00e1t\u011b\u017ee, zajistily, \u017ee va\u0161i zam\u011bstnanci budou placeni spr\u00e1vn\u011b a v\u010das, a z\u00e1rove\u0148 byly v souladu s m\u00edstn\u00edmi, st\u00e1tn\u00edmi a feder\u00e1ln\u00edmi da\u0148ov\u00fdmi p\u0159edpisy.","og_url":"https:\/\/cz.f-chain.com\/cs\/mzdove-sluzby\/","og_site_name":"FCHAIN","article_modified_time":"2025-01-30T13:52:23+00:00","og_image":[{"width":2560,"height":1695,"url":"https:\/\/cz.f-chain.com\/wp-content\/uploads\/2025\/01\/prague-2023-11-27-04-57-10-utc-scaled.jpg","type":"image\/jpeg"}],"twitter_card":"summary_large_image","twitter_misc":{"Odhadovan\u00e1 doba \u010dten\u00ed":"2 minuty"},"schema":{"@context":"https:\/\/schema.org","@graph":[{"@type":"WebPage","@id":"https:\/\/cz.f-chain.com\/cs\/mzdove-sluzby\/","url":"https:\/\/cz.f-chain.com\/cs\/mzdove-sluzby\/","name":"Mzdov\u00e9 slu\u017eby","isPartOf":{"@id":"https:\/\/cz.f-chain.com\/#website"},"primaryImageOfPage":{"@id":"https:\/\/cz.f-chain.com\/cs\/mzdove-sluzby\/#primaryimage"},"image":{"@id":"https:\/\/cz.f-chain.com\/cs\/mzdove-sluzby\/#primaryimage"},"thumbnailUrl":"https:\/\/cz.f-chain.com\/wp-content\/uploads\/2025\/01\/prague-2023-11-27-04-57-10-utc-scaled.jpg","datePublished":"2025-01-30T13:40:54+00:00","dateModified":"2025-01-30T13:52:23+00:00","description":"Spr\u00e1va mezd m\u016f\u017ee b\u00fdt \u010dasov\u011b n\u00e1ro\u010dn\u00e1 a slo\u017eit\u00e1 \u00faloha pro firmy v\u0161ech velikost\u00ed. Na\u0161e mzdov\u00e9 slu\u017eby jsou navr\u017eeny tak, aby v\u00e1s zbavily t\u00e9to z\u00e1t\u011b\u017ee, zajistily, \u017ee va\u0161i zam\u011bstnanci budou placeni spr\u00e1vn\u011b a v\u010das, a z\u00e1rove\u0148 byly v souladu s m\u00edstn\u00edmi, st\u00e1tn\u00edmi a feder\u00e1ln\u00edmi da\u0148ov\u00fdmi p\u0159edpisy.","breadcrumb":{"@id":"https:\/\/cz.f-chain.com\/cs\/mzdove-sluzby\/#breadcrumb"},"inLanguage":"cs","potentialAction":[{"@type":"ReadAction","target":["https:\/\/cz.f-chain.com\/cs\/mzdove-sluzby\/"]}]},{"@type":"ImageObject","inLanguage":"cs","@id":"https:\/\/cz.f-chain.com\/cs\/mzdove-sluzby\/#primaryimage","url":"https:\/\/cz.f-chain.com\/wp-content\/uploads\/2025\/01\/prague-2023-11-27-04-57-10-utc-scaled.jpg","contentUrl":"https:\/\/cz.f-chain.com\/wp-content\/uploads\/2025\/01\/prague-2023-11-27-04-57-10-utc-scaled.jpg","width":2560,"height":1695,"caption":"Prague, view on Vltava river"},{"@type":"BreadcrumbList","@id":"https:\/\/cz.f-chain.com\/cs\/mzdove-sluzby\/#breadcrumb","itemListElement":[{"@type":"ListItem","position":1,"name":"Home","item":"https:\/\/cz.f-chain.com\/cs\/"},{"@type":"ListItem","position":2,"name":"Mzdov\u00e9 slu\u017eby"}]},{"@type":"WebSite","@id":"https:\/\/cz.f-chain.com\/#website","url":"https:\/\/cz.f-chain.com\/","name":"FCHAIN","description":"Financial Chain Corporation in Czech Republic","potentialAction":[{"@type":"SearchAction","target":{"@type":"EntryPoint","urlTemplate":"https:\/\/cz.f-chain.com\/?s={search_term_string}"},"query-input":{"@type":"PropertyValueSpecification","valueRequired":true,"valueName":"search_term_string"}}],"inLanguage":"cs"}]}},"_links":{"self":[{"href":"https:\/\/cz.f-chain.com\/cs\/wp-json\/wp\/v2\/pages\/20699","targetHints":{"allow":["GET"]}}],"collection":[{"href":"https:\/\/cz.f-chain.com\/cs\/wp-json\/wp\/v2\/pages"}],"about":[{"href":"https:\/\/cz.f-chain.com\/cs\/wp-json\/wp\/v2\/types\/page"}],"author":[{"embeddable":true,"href":"https:\/\/cz.f-chain.com\/cs\/wp-json\/wp\/v2\/users\/3"}],"replies":[{"embeddable":true,"href":"https:\/\/cz.f-chain.com\/cs\/wp-json\/wp\/v2\/comments?post=20699"}],"version-history":[{"count":2,"href":"https:\/\/cz.f-chain.com\/cs\/wp-json\/wp\/v2\/pages\/20699\/revisions"}],"predecessor-version":[{"id":20712,"href":"https:\/\/cz.f-chain.com\/cs\/wp-json\/wp\/v2\/pages\/20699\/revisions\/20712"}],"wp:featuredmedia":[{"embeddable":true,"href":"https:\/\/cz.f-chain.com\/cs\/wp-json\/wp\/v2\/media\/20696"}],"wp:attachment":[{"href":"https:\/\/cz.f-chain.com\/cs\/wp-json\/wp\/v2\/media?parent=20699"}],"curies":[{"name":"wp","href":"https:\/\/api.w.org\/{rel}","templated":true}]}}