{"id":19120,"date":"2021-04-22T10:45:07","date_gmt":"2021-04-22T10:45:07","guid":{"rendered":"https:\/\/newcz.f-chain.com\/main\/"},"modified":"2025-02-04T12:31:19","modified_gmt":"2025-02-04T12:31:19","slug":"main","status":"publish","type":"page","link":"https:\/\/cz.f-chain.com\/cs\/","title":{"rendered":"Main"},"content":{"rendered":"","protected":false},"excerpt":{"rendered":"","protected":false},"author":1,"featured_media":1065,"parent":0,"menu_order":0,"comment_status":"closed","ping_status":"closed","template":"page-main.php","meta":{"_acf_changed":false,"footnotes":""},"class_list":["post-19120","page","type-page","status-publish","hentry"],"acf":[],"yoast_head":"<!-- This site is optimized with the Yoast SEO plugin v27.3 - https:\/\/yoast.com\/product\/yoast-seo-wordpress\/ -->\n<title>Poradensk\u00e9 slu\u017eby od spole\u010dnosti F-Chain v \u010cesk\u00e9 republice<\/title>\n<meta name=\"description\" content=\"Vedouc\u00ed spole\u010dnost na trhu accounting\ufe0f \u00fa\u010detn\u00ed slu\u017eby v \u010cesk\u00e9 republice s v\u00edce ne\u017e 15 lety zku\u0161enost\u00ed v\u00e1m zajist\u00ed stabilitu a d\u016fv\u011bru ve spr\u00e1vnou implementaci da\u0148ov\u00fdch odpo\u010dt\u016f.\" \/>\n<meta name=\"robots\" content=\"index, follow, max-snippet:-1, max-image-preview:large, max-video-preview:-1\" \/>\n<link rel=\"canonical\" href=\"https:\/\/cz.f-chain.com\/cs\/\" \/>\n<meta property=\"og:locale\" content=\"cs_CZ\" \/>\n<meta property=\"og:type\" content=\"article\" \/>\n<meta property=\"og:title\" content=\"Poradensk\u00e9 slu\u017eby od spole\u010dnosti F-Chain v \u010cesk\u00e9 republice\" \/>\n<meta property=\"og:description\" content=\"Vedouc\u00ed spole\u010dnost na trhu accounting\ufe0f \u00fa\u010detn\u00ed slu\u017eby v \u010cesk\u00e9 republice s v\u00edce ne\u017e 15 lety zku\u0161enost\u00ed v\u00e1m zajist\u00ed stabilitu a d\u016fv\u011bru ve spr\u00e1vnou implementaci da\u0148ov\u00fdch odpo\u010dt\u016f.\" \/>\n<meta property=\"og:url\" content=\"https:\/\/cz.f-chain.com\/cs\/\" \/>\n<meta property=\"og:site_name\" content=\"FCHAIN\" \/>\n<meta property=\"article:modified_time\" content=\"2025-02-04T12:31:19+00:00\" \/>\n<meta property=\"og:image\" content=\"https:\/\/cz.f-chain.com\/wp-content\/uploads\/2020\/10\/Czech_Republic_Prague_Houses_Rivers_Bridges_532413_3840x2400-scaled-e1606888791743.jpg\" \/>\n\t<meta property=\"og:image:width\" content=\"2560\" \/>\n\t<meta property=\"og:image:height\" content=\"1107\" \/>\n\t<meta property=\"og:image:type\" content=\"image\/jpeg\" \/>\n<meta name=\"twitter:card\" content=\"summary_large_image\" \/>\n<meta name=\"twitter:label1\" content=\"Odhadovan\u00e1 doba \u010dten\u00ed\" \/>\n\t<meta name=\"twitter:data1\" content=\"1 minuta\" \/>\n<script type=\"application\/ld+json\" class=\"yoast-schema-graph\">{\"@context\":\"https:\\\/\\\/schema.org\",\"@graph\":[{\"@type\":\"WebPage\",\"@id\":\"https:\\\/\\\/cz.f-chain.com\\\/cs\\\/\",\"url\":\"https:\\\/\\\/cz.f-chain.com\\\/cs\\\/\",\"name\":\"Poradensk\u00e9 slu\u017eby od spole\u010dnosti F-Chain v \u010cesk\u00e9 republice\",\"isPartOf\":{\"@id\":\"https:\\\/\\\/cz.f-chain.com\\\/#website\"},\"primaryImageOfPage\":{\"@id\":\"https:\\\/\\\/cz.f-chain.com\\\/cs\\\/#primaryimage\"},\"image\":{\"@id\":\"https:\\\/\\\/cz.f-chain.com\\\/cs\\\/#primaryimage\"},\"thumbnailUrl\":\"https:\\\/\\\/cz.f-chain.com\\\/wp-content\\\/uploads\\\/2020\\\/10\\\/Czech_Republic_Prague_Houses_Rivers_Bridges_532413_3840x2400-scaled-e1606888791743.jpg\",\"datePublished\":\"2021-04-22T10:45:07+00:00\",\"dateModified\":\"2025-02-04T12:31:19+00:00\",\"description\":\"Vedouc\u00ed spole\u010dnost na trhu accounting\ufe0f \u00fa\u010detn\u00ed slu\u017eby v \u010cesk\u00e9 republice s v\u00edce ne\u017e 15 lety zku\u0161enost\u00ed v\u00e1m zajist\u00ed stabilitu a d\u016fv\u011bru ve spr\u00e1vnou implementaci da\u0148ov\u00fdch odpo\u010dt\u016f.\",\"breadcrumb\":{\"@id\":\"https:\\\/\\\/cz.f-chain.com\\\/cs\\\/#breadcrumb\"},\"inLanguage\":\"cs\",\"potentialAction\":[{\"@type\":\"ReadAction\",\"target\":[\"https:\\\/\\\/cz.f-chain.com\\\/cs\\\/\"]}]},{\"@type\":\"ImageObject\",\"inLanguage\":\"cs\",\"@id\":\"https:\\\/\\\/cz.f-chain.com\\\/cs\\\/#primaryimage\",\"url\":\"https:\\\/\\\/cz.f-chain.com\\\/wp-content\\\/uploads\\\/2020\\\/10\\\/Czech_Republic_Prague_Houses_Rivers_Bridges_532413_3840x2400-scaled-e1606888791743.jpg\",\"contentUrl\":\"https:\\\/\\\/cz.f-chain.com\\\/wp-content\\\/uploads\\\/2020\\\/10\\\/Czech_Republic_Prague_Houses_Rivers_Bridges_532413_3840x2400-scaled-e1606888791743.jpg\",\"width\":2560,\"height\":1107},{\"@type\":\"BreadcrumbList\",\"@id\":\"https:\\\/\\\/cz.f-chain.com\\\/cs\\\/#breadcrumb\",\"itemListElement\":[{\"@type\":\"ListItem\",\"position\":1,\"name\":\"Home\",\"item\":\"https:\\\/\\\/cz.f-chain.com\\\/cs\\\/\"},{\"@type\":\"ListItem\",\"position\":2,\"name\":\"Main\"}]},{\"@type\":\"WebSite\",\"@id\":\"https:\\\/\\\/cz.f-chain.com\\\/#website\",\"url\":\"https:\\\/\\\/cz.f-chain.com\\\/\",\"name\":\"FCHAIN\",\"description\":\"Financial Chain Corporation in Czech Republic\",\"potentialAction\":[{\"@type\":\"SearchAction\",\"target\":{\"@type\":\"EntryPoint\",\"urlTemplate\":\"https:\\\/\\\/cz.f-chain.com\\\/?s={search_term_string}\"},\"query-input\":{\"@type\":\"PropertyValueSpecification\",\"valueRequired\":true,\"valueName\":\"search_term_string\"}}],\"inLanguage\":\"cs\"}]}<\/script>\n<!-- \/ Yoast SEO plugin. -->","yoast_head_json":{"title":"Poradensk\u00e9 slu\u017eby od spole\u010dnosti F-Chain v \u010cesk\u00e9 republice","description":"Vedouc\u00ed spole\u010dnost na trhu accounting\ufe0f \u00fa\u010detn\u00ed slu\u017eby v \u010cesk\u00e9 republice s v\u00edce ne\u017e 15 lety zku\u0161enost\u00ed v\u00e1m zajist\u00ed stabilitu a d\u016fv\u011bru ve spr\u00e1vnou implementaci da\u0148ov\u00fdch odpo\u010dt\u016f.","robots":{"index":"index","follow":"follow","max-snippet":"max-snippet:-1","max-image-preview":"max-image-preview:large","max-video-preview":"max-video-preview:-1"},"canonical":"https:\/\/cz.f-chain.com\/cs\/","og_locale":"cs_CZ","og_type":"article","og_title":"Poradensk\u00e9 slu\u017eby od spole\u010dnosti F-Chain v \u010cesk\u00e9 republice","og_description":"Vedouc\u00ed spole\u010dnost na trhu accounting\ufe0f \u00fa\u010detn\u00ed slu\u017eby v \u010cesk\u00e9 republice s v\u00edce ne\u017e 15 lety zku\u0161enost\u00ed v\u00e1m zajist\u00ed stabilitu a d\u016fv\u011bru ve spr\u00e1vnou implementaci da\u0148ov\u00fdch odpo\u010dt\u016f.","og_url":"https:\/\/cz.f-chain.com\/cs\/","og_site_name":"FCHAIN","article_modified_time":"2025-02-04T12:31:19+00:00","og_image":[{"width":2560,"height":1107,"url":"https:\/\/cz.f-chain.com\/wp-content\/uploads\/2020\/10\/Czech_Republic_Prague_Houses_Rivers_Bridges_532413_3840x2400-scaled-e1606888791743.jpg","type":"image\/jpeg"}],"twitter_card":"summary_large_image","twitter_misc":{"Odhadovan\u00e1 doba \u010dten\u00ed":"1 minuta"},"schema":{"@context":"https:\/\/schema.org","@graph":[{"@type":"WebPage","@id":"https:\/\/cz.f-chain.com\/cs\/","url":"https:\/\/cz.f-chain.com\/cs\/","name":"Poradensk\u00e9 slu\u017eby od spole\u010dnosti F-Chain v \u010cesk\u00e9 republice","isPartOf":{"@id":"https:\/\/cz.f-chain.com\/#website"},"primaryImageOfPage":{"@id":"https:\/\/cz.f-chain.com\/cs\/#primaryimage"},"image":{"@id":"https:\/\/cz.f-chain.com\/cs\/#primaryimage"},"thumbnailUrl":"https:\/\/cz.f-chain.com\/wp-content\/uploads\/2020\/10\/Czech_Republic_Prague_Houses_Rivers_Bridges_532413_3840x2400-scaled-e1606888791743.jpg","datePublished":"2021-04-22T10:45:07+00:00","dateModified":"2025-02-04T12:31:19+00:00","description":"Vedouc\u00ed spole\u010dnost na trhu accounting\ufe0f \u00fa\u010detn\u00ed slu\u017eby v \u010cesk\u00e9 republice s v\u00edce ne\u017e 15 lety zku\u0161enost\u00ed v\u00e1m zajist\u00ed stabilitu a d\u016fv\u011bru ve spr\u00e1vnou implementaci da\u0148ov\u00fdch odpo\u010dt\u016f.","breadcrumb":{"@id":"https:\/\/cz.f-chain.com\/cs\/#breadcrumb"},"inLanguage":"cs","potentialAction":[{"@type":"ReadAction","target":["https:\/\/cz.f-chain.com\/cs\/"]}]},{"@type":"ImageObject","inLanguage":"cs","@id":"https:\/\/cz.f-chain.com\/cs\/#primaryimage","url":"https:\/\/cz.f-chain.com\/wp-content\/uploads\/2020\/10\/Czech_Republic_Prague_Houses_Rivers_Bridges_532413_3840x2400-scaled-e1606888791743.jpg","contentUrl":"https:\/\/cz.f-chain.com\/wp-content\/uploads\/2020\/10\/Czech_Republic_Prague_Houses_Rivers_Bridges_532413_3840x2400-scaled-e1606888791743.jpg","width":2560,"height":1107},{"@type":"BreadcrumbList","@id":"https:\/\/cz.f-chain.com\/cs\/#breadcrumb","itemListElement":[{"@type":"ListItem","position":1,"name":"Home","item":"https:\/\/cz.f-chain.com\/cs\/"},{"@type":"ListItem","position":2,"name":"Main"}]},{"@type":"WebSite","@id":"https:\/\/cz.f-chain.com\/#website","url":"https:\/\/cz.f-chain.com\/","name":"FCHAIN","description":"Financial Chain Corporation in Czech Republic","potentialAction":[{"@type":"SearchAction","target":{"@type":"EntryPoint","urlTemplate":"https:\/\/cz.f-chain.com\/?s={search_term_string}"},"query-input":{"@type":"PropertyValueSpecification","valueRequired":true,"valueName":"search_term_string"}}],"inLanguage":"cs"}]}},"_links":{"self":[{"href":"https:\/\/cz.f-chain.com\/cs\/wp-json\/wp\/v2\/pages\/19120","targetHints":{"allow":["GET"]}}],"collection":[{"href":"https:\/\/cz.f-chain.com\/cs\/wp-json\/wp\/v2\/pages"}],"about":[{"href":"https:\/\/cz.f-chain.com\/cs\/wp-json\/wp\/v2\/types\/page"}],"author":[{"embeddable":true,"href":"https:\/\/cz.f-chain.com\/cs\/wp-json\/wp\/v2\/users\/1"}],"replies":[{"embeddable":true,"href":"https:\/\/cz.f-chain.com\/cs\/wp-json\/wp\/v2\/comments?post=19120"}],"version-history":[{"count":7,"href":"https:\/\/cz.f-chain.com\/cs\/wp-json\/wp\/v2\/pages\/19120\/revisions"}],"predecessor-version":[{"id":20757,"href":"https:\/\/cz.f-chain.com\/cs\/wp-json\/wp\/v2\/pages\/19120\/revisions\/20757"}],"wp:featuredmedia":[{"embeddable":true,"href":"https:\/\/cz.f-chain.com\/cs\/wp-json\/wp\/v2\/media\/1065"}],"wp:attachment":[{"href":"https:\/\/cz.f-chain.com\/cs\/wp-json\/wp\/v2\/media?parent=19120"}],"curies":[{"name":"wp","href":"https:\/\/api.w.org\/{rel}","templated":true}]}}