{"id":16146,"date":"2018-09-21T11:06:20","date_gmt":"2018-09-21T07:06:20","guid":{"rendered":"http:\/\/cacs.eu\/?page_id=16146"},"modified":"2025-11-18T11:25:01","modified_gmt":"2025-11-18T11:25:01","slug":"nalogovyj-kalendar","status":"publish","type":"page","link":"https:\/\/cz.f-chain.com\/cs\/nalogovyj-kalendar\/","title":{"rendered":"Da\u0148ov\u00fd kalend\u00e1\u0159"},"content":{"rendered":"<div class=\"wpb-content-wrapper\"><p>[vc_row][vc_column][vc_column_text]<\/p>\n<h1>Da\u0148ov\u00fd kalend\u00e1\u0159 &#8211; jeho v\u00fdznam a vyu\u017eit\u00ed<\/h1>\n<p>[\/vc_column_text][\/vc_column][\/vc_row][vc_row][vc_column][vc_column_text]Da\u0148ov\u00fd kalend\u00e1\u0159 p\u0159in\u00e1\u0161\u00ed p\u0159ehled konkr\u00e9tn\u00edch term\u00edn\u016f pro v\u010dasn\u00e9 placen\u00ed dan\u00ed a pojistn\u00e9ho.<\/p>\n<p>Obsahuje da\u0148ov\u00e9 povinnosti jak pro fyzick\u00e9, tak pro pr\u00e1vnick\u00e9 osoby a zam\u011bstnance. Upozor\u0148uje tedy na term\u00edny placen\u00ed dan\u00ed.<br \/>\nDa\u0148ov\u00fd kalend\u00e1\u0159 b\u011b\u017en\u011b dostupn\u00fd na str\u00e1nk\u00e1ch Ministerstva financ\u00ed stanovuje term\u00edny dan\u00ed, jako nap\u0159\u00edklad da\u0148 z\u00a0p\u0159\u00edjm\u016f, da\u0148 z\u00a0p\u0159idan\u00e9 hodnoty, silni\u010dn\u00ed da\u0148, spot\u0159ebn\u00ed dan\u011b, da\u0148 z\u00a0nemovitosti, dan\u011b energetick\u00e9 ale i nap\u0159\u00edklad pojistn\u00e9 na d\u016fchodov\u00e9 spo\u0159en\u00ed a dal\u0161\u00ed dan\u011b a odvody. Abychom vy\u0161li vst\u0159\u00edc na\u0161im z\u00e1kazn\u00edk\u016fm, p\u0159evezmeme za v\u00e1s kontrolu da\u0148ov\u00e9ho kalend\u00e1\u0159e a budeme v\u00e1s s\u00a0p\u0159edstihem informovat, co a kdy je pot\u0159eba zaplatit. \u00a0Kdy se plat\u00ed dan\u011b, v\u00e1m \u0159ekneme s\u00a0pat\u0159i\u010dn\u00fdm p\u0159edstihem.<\/p>\n<h2><\/h2>\n<p>[\/vc_column_text][\/vc_column][\/vc_row][vc_row][vc_column][vc_column_text]<\/p>\n<h2>Da\u0148ov\u00fd kalend\u00e1\u0159 a libera\u010dn\u00ed lh\u016fta<\/h2>\n<p>S\u00a0nov\u00fdm da\u0148ov\u00fdm \u0159\u00e1dem, \u00fa\u010dinn\u00fdm od roku 2011, nastaly zm\u011bny d\u016fle\u017eit\u00e9 pro v\u010dasn\u00e9 pod\u00e1n\u00ed p\u0159izn\u00e1n\u00ed k\u00a0dani z\u00a0p\u0159\u00edjm\u016f. Zm\u011bnila se toti\u017e lh\u016fta, kter\u00e1 je proti minulosti o n\u011bco p\u0159\u00edzniv\u011bj\u0161\u00ed k\u00a0opozdilc\u016fm. Da\u0148ov\u00fd \u0159\u00e1d toleruje 5 pracovn\u00edch dn\u00ed pro pozdn\u00ed pod\u00e1n\u00ed p\u0159izn\u00e1n\u00ed a tak\u00e9 pro zaplacen\u00ed. V\u00a0t\u00e9to, tzv. libera\u010dn\u00ed lh\u016ft\u011b, v\u00e1m nehroz\u00ed \u017e\u00e1dn\u00e9 postihy ve form\u011b pokut \u010di pen\u00e1le. Pokud v\u0161ak bude pod\u00e1n\u00ed da\u0148ov\u00e9ho p\u0159izn\u00e1n\u00ed chybn\u011b adresov\u00e1no a p\u0159izn\u00e1n\u00ed bude postoupeno na jinou adresu a toto postoupen\u00ed p\u0159ekro\u010d\u00ed libera\u010dn\u00ed lh\u016ftu, vystavuje se poplatn\u00edk mo\u017en\u00fdm sankc\u00edm ze strany Finan\u010dn\u00edho \u00fa\u0159adu.<\/p>\n<p>U n\u00e1s v\u0161ak t\u00e9to libera\u010dn\u00ed lh\u016fty nevyu\u017e\u00edv\u00e1me, \u0159\u00edd\u00edme se platn\u00fdm da\u0148ov\u00fdm kalend\u00e1\u0159em a ve\u0161ker\u00e9 dan\u011b zpracov\u00e1v\u00e1me v\u00a0\u0159\u00e1dn\u00fdch term\u00ednech. Tato tolerance plat\u00ed nejen pro dan\u011b z\u00a0p\u0159\u00edjm\u016f ale i ostatn\u00ed dan\u011b. V\u00fdjimku tvo\u0159\u00ed kontroln\u00ed hl\u00e1\u0161en\u00ed k\u00a0DPH, pro kter\u00e9 tato libera\u010dn\u00ed lh\u016fta naplat\u00ed.<\/p>\n<p>Za jak\u00e9 odvody dan\u00ed v\u00e1m ru\u010d\u00edme, popisujeme n\u00ed\u017ee.<br \/>\nKdy platit dan\u011b a jak\u00e9, v\u00e1m ohl\u00edd\u00e1me a hlavn\u011b je pro v\u00e1s zpracujeme. Da\u0148ov\u00e9 povinnosti, kter\u00e9 pro v\u00e1s vypl\u00fdvaj\u00ed ze z\u00e1kona, jsou:<\/p>\n<ul>\n<li><em>Dan\u011b z\u00a0p\u0159\u00edjm\u016f<\/em> a) fyzick\u00fdch osob, b) pr\u00e1vnick\u00fdch osob, c) fyzick\u00fdch osob ze z\u00e1visl\u00e9 \u010dinnosti, d) dan\u011b vyb\u00edran\u00e9 sr\u00e1\u017ekou.<\/li>\n<li><em>Da\u0148 z\u00a0p\u0159idan\u00e9 hodnoty<\/em>.<\/li>\n<li><em>Spot\u0159ebn\u00ed dan\u011b<\/em> a) z\u00a0miner\u00e1ln\u00edch olej\u016f, b) z\u00a0lihu, c) z\u00a0v\u00edna, d) z\u00a0tab\u00e1ku.<\/li>\n<li><em>Da\u0148 silni\u010dn\u00ed.<\/em><\/li>\n<li><em>Da\u0148 z\u00a0nemovitost\u00ed.<\/em><\/li>\n<li><em>Da\u0148 z\u00a0nabyt\u00fdch nemovitost\u00ed.<\/em><\/li>\n<li><em>Energetick\u00e9 dan\u011b<\/em> a) ze zemn\u00edho plynu, b) z\u00a0pevn\u00fdch paliv, c) z\u00a0elekt\u0159iny.<\/li>\n<li><em>Odvody z\u00a0biopaliv a loteri\u00ed.<\/em><\/li>\n<li><em>Da\u0148 d\u011bdick\u00e1, da\u0148 darovac\u00ed a da\u0148 z\u00a0p\u0159evodu nemovitost\u00ed.<\/em><\/li>\n<li><em>Da\u0148 z\u00a0hazardn\u00edch her.<\/em><\/li>\n<\/ul>\n<h3><\/h3>\n<p>[\/vc_column_text][\/vc_column][\/vc_row][vc_row][vc_column][vc_column_text]<\/p>\n<h3>Uk\u00e1zka da\u0148ov\u00e9ho kalend\u00e1\u0159e<\/h3>\n<p>Pro va\u0161\u00ed p\u0159edstavu uv\u00e1d\u00edme p\u0159\u00edklad da\u0148ov\u00e9ho kalend\u00e1\u0159e pro rok 2017 s\u00a0vybran\u00fdmi, nejv\u00edce se vyskytuj\u00edc\u00edmi dan\u011bmi a odvody.<\/p>\n<table width=\"0\">\n<thead>\n<tr>\n<td>Da\u0148 (odvod)\/m\u011bs\u00edc<\/td>\n<td>1.<\/td>\n<td>2.<\/td>\n<td>3.<\/td>\n<td>4.<\/td>\n<td>5.<\/td>\n<td>6.<\/td>\n<td>7.<\/td>\n<td>8.<\/td>\n<td>9.<\/td>\n<td>10.<\/td>\n<td>11.<\/td>\n<td>12.<\/td>\n<\/tr>\n<\/thead>\n<tbody>\n<tr>\n<td>Da\u0148 z p\u0159\u00edjm\u016f &#8211; z\u00e1loha (nad 150.000,-)<\/td>\n<td>&#8211;<\/td>\n<td>&#8211;<\/td>\n<td>15.<\/td>\n<td>&#8211;<\/td>\n<td>&#8211;<\/td>\n<td>15.<\/td>\n<td>&#8211;<\/td>\n<td>&#8211;<\/td>\n<td>15.<\/td>\n<td>&#8211;<\/td>\n<td>&#8211;<\/td>\n<td>15.<\/td>\n<\/tr>\n<tr>\n<td>Da\u0148 z p\u0159\u00edjm\u016f &#8211; z\u00e1loha (nad 30.000,-)<\/td>\n<td>&#8211;<\/td>\n<td>&#8211;<\/td>\n<td>&#8211;<\/td>\n<td>&#8211;<\/td>\n<td>&#8211;<\/td>\n<td>15.<\/td>\n<td>&#8211;<\/td>\n<td>&#8211;<\/td>\n<td>&#8211;<\/td>\n<td>&#8211;<\/td>\n<td>&#8211;<\/td>\n<td>15.<\/td>\n<\/tr>\n<tr>\n<td>Da\u0148 z\u00a0p\u0159\u00edjm\u016f &#8211; da\u0148 vyb\u00edran\u00e1 sr\u00e1\u017ekou<\/td>\n<td>02.<\/td>\n<td>28.<\/td>\n<td>31.<\/td>\n<td>30.<\/td>\n<td>31.<\/td>\n<td>30.<\/td>\n<td>31.<\/td>\n<td>31.<\/td>\n<td>30.<\/td>\n<td>31.<\/td>\n<td>30.<\/td>\n<td>&#8211;<\/td>\n<\/tr>\n<tr>\n<td>Da\u0148 z\u00a0p\u0159\u00edjm\u016f &#8211; sra\u017een\u00e9 z\u00e1lohy<\/td>\n<td>20.<\/td>\n<td>20.<\/td>\n<td>20.<\/td>\n<td>20.<\/td>\n<td>22.<\/td>\n<td>20.<\/td>\n<td>20.<\/td>\n<td>21.<\/td>\n<td>20.<\/td>\n<td>20.<\/td>\n<td>20.<\/td>\n<td>20.<\/td>\n<\/tr>\n<tr>\n<td>Da\u0148 z\u00a0p\u0159\u00edjm\u016f &#8211; sr\u00e1\u017eka dle zvl. sazby<\/td>\n<td>31.<\/td>\n<td>28.<\/td>\n<td>&#8211;<\/td>\n<td>03.<\/td>\n<td>02.<\/td>\n<td>30.<\/td>\n<td>31.<\/td>\n<td>31.<\/td>\n<td>&#8211;<\/td>\n<td>02.<\/td>\n<td>30.<\/td>\n<td>27.<\/td>\n<\/tr>\n<tr>\n<td>Da\u0148 z\u00a0p\u0159\u00edjm\u016f &#8211; ro\u010dn\u00ed z\u00fa\u010dtov\u00e1n\u00ed<\/td>\n<td><\/td>\n<td>15.<\/td>\n<td><\/td>\n<td><\/td>\n<td><\/td>\n<td><\/td>\n<td><\/td>\n<td><\/td>\n<td><\/td>\n<td><\/td>\n<td><\/td>\n<td><\/td>\n<\/tr>\n<tr>\n<td>Da\u0148 z\u00a0p\u0159\u00edjm\u016f &#8211; vy\u00fa\u010dtov\u00e1n\u00ed dan\u011b<\/td>\n<td><\/td>\n<td><\/td>\n<td>01.<\/td>\n<td><\/td>\n<td><\/td>\n<td><\/td>\n<td><\/td>\n<td><\/td>\n<td><\/td>\n<td><\/td>\n<td><\/td>\n<td><\/td>\n<\/tr>\n<tr>\n<td>Da\u0148 z\u00a0p\u0159\u00edjm\u016f &#8211; \u00fahrada dan\u011b<\/td>\n<td><\/td>\n<td><\/td>\n<td><\/td>\n<td>03.<\/td>\n<td><\/td>\n<td><\/td>\n<td>03.<\/td>\n<td><\/td>\n<td><\/td>\n<td><\/td>\n<td><\/td>\n<td><\/td>\n<\/tr>\n<tr>\n<td>DPH &#8211; m\u011bs\u00ed\u010dn\u00ed pl\u00e1tce<\/td>\n<td>25.<\/td>\n<td>27.<\/td>\n<td>27.<\/td>\n<td>25.<\/td>\n<td>25.<\/td>\n<td>26.<\/td>\n<td>25.<\/td>\n<td>25.<\/td>\n<td>25.<\/td>\n<td>25.<\/td>\n<td>27.<\/td>\n<td>27.<\/td>\n<\/tr>\n<tr>\n<td>DPH &#8211; \u010dtvrtletn\u00ed pl\u00e1tce<\/td>\n<td>25.<\/td>\n<td>&#8211;<\/td>\n<td>&#8211;<\/td>\n<td>25.<\/td>\n<td>&#8211;<\/td>\n<td>&#8211;<\/td>\n<td>25.<\/td>\n<td>&#8211;<\/td>\n<td>&#8211;<\/td>\n<td>25.<\/td>\n<td>&#8211;<\/td>\n<td>&#8211;<\/td>\n<\/tr>\n<tr>\n<td>DPH &#8211; souhrnn\u00e9 hl\u00e1\u0161en\u00ed<\/td>\n<td>25.<\/td>\n<td>27.<\/td>\n<td>27.<\/td>\n<td>25.<\/td>\n<td>25.<\/td>\n<td>26.<\/td>\n<td>25.<\/td>\n<td>25.<\/td>\n<td>25.<\/td>\n<td>25.<\/td>\n<td>27.<\/td>\n<td>27.<\/td>\n<\/tr>\n<tr>\n<td>DPH &#8211; kontroln\u00ed hl\u00e1\u0161en\u00ed<\/td>\n<td>25.<\/td>\n<td>27.<\/td>\n<td>27.<\/td>\n<td>25.<\/td>\n<td>25.<\/td>\n<td>26.<\/td>\n<td>25.<\/td>\n<td>25.<\/td>\n<td>25.<\/td>\n<td>25.<\/td>\n<td>27.<\/td>\n<td>27.<\/td>\n<\/tr>\n<tr>\n<td>Da\u0148 silni\u010dn\u00ed &#8211; z\u00e1loha<\/td>\n<td>&#8211;<\/td>\n<td>&#8211;<\/td>\n<td>&#8211;<\/td>\n<td>15.<\/td>\n<td>&#8211;<\/td>\n<td>&#8211;<\/td>\n<td>15.<\/td>\n<td>&#8211;<\/td>\n<td>&#8211;<\/td>\n<td>15.<\/td>\n<td>&#8211;<\/td>\n<td>15.<\/td>\n<\/tr>\n<tr>\n<td>Da\u0148 silni\u010dn\u00ed &#8211; doplatek<\/td>\n<td>31.<\/td>\n<td>&#8211;<\/td>\n<td>&#8211;<\/td>\n<td>&#8211;<\/td>\n<td>&#8211;<\/td>\n<td>&#8211;<\/td>\n<td>&#8211;<\/td>\n<td>&#8211;<\/td>\n<td>&#8211;<\/td>\n<td>&#8211;<\/td>\n<td>&#8211;<\/td>\n<td>&#8211;<\/td>\n<\/tr>\n<tr>\n<td>Da\u0148 spot\u0159ebn\u00ed &#8211; splatnost dan\u011b<\/td>\n<td>09.<\/td>\n<td>09.<\/td>\n<td>13.<\/td>\n<td>10.<\/td>\n<td>10.<\/td>\n<td>09.<\/td>\n<td>10.<\/td>\n<td>09.<\/td>\n<td>11.<\/td>\n<td>10.<\/td>\n<td>09.<\/td>\n<td>11.<\/td>\n<\/tr>\n<tr>\n<td>Da\u0148 z nemovitosti &#8211; z\u00e1loha zem\u011bd\u011blci<\/td>\n<td>&#8211;<\/td>\n<td>&#8211;<\/td>\n<td>&#8211;<\/td>\n<td>&#8211;<\/td>\n<td>&#8211;<\/td>\n<td>&#8211;<\/td>\n<td>&#8211;<\/td>\n<td>31.<\/td>\n<td>&#8211;<\/td>\n<td>&#8211;<\/td>\n<td>30.<\/td>\n<td>&#8211;<\/td>\n<\/tr>\n<tr>\n<td>Da\u0148 z nemovitosti &#8211; z\u00e1loha ostatn\u00ed<\/td>\n<td>&#8211;<\/td>\n<td>&#8211;<\/td>\n<td>&#8211;<\/td>\n<td>&#8211;<\/td>\n<td>31.<\/td>\n<td>&#8211;<\/td>\n<td>&#8211;<\/td>\n<td>&#8211;<\/td>\n<td>&#8211;<\/td>\n<td>&#8211;<\/td>\n<td>30.<\/td>\n<td>&#8211;<\/td>\n<\/tr>\n<tr>\n<td>Da\u0148 z nemovitosti &#8211; jednor\u00e1zov\u011b<\/td>\n<td>&#8211;<\/td>\n<td>&#8211;<\/td>\n<td>&#8211;<\/td>\n<td>&#8211;<\/td>\n<td>31.<\/td>\n<td>&#8211;<\/td>\n<td>&#8211;<\/td>\n<td>&#8211;<\/td>\n<td>&#8211;<\/td>\n<td>&#8211;<\/td>\n<td>&#8211;<\/td>\n<td>&#8211;<\/td>\n<\/tr>\n<tr>\n<td>Dan\u011b energetick\u00e9 &#8211; splatnost<\/td>\n<td>25.<\/td>\n<td>27.<\/td>\n<td>27.<\/td>\n<td>25.<\/td>\n<td>25.<\/td>\n<td>26.<\/td>\n<td>25.<\/td>\n<td>25.<\/td>\n<td>25.<\/td>\n<td>25.<\/td>\n<td>27.<\/td>\n<td>27.<\/td>\n<\/tr>\n<\/tbody>\n<\/table>\n<p>V\u0161echny tyto term\u00edny placen\u00ed dan\u00ed a mnoho ostatn\u00edch povinnost\u00ed za v\u00e1s pohl\u00edd\u00e1me.<\/p>\n<p>S\u00a0n\u00e1mi m\u00e1te jistotu, \u017ee na nic nezapomenete, v\u0161e toti\u017e vy\u0159\u00edd\u00edme za v\u00e1s a vy se budete moci v\u011bnovat podnik\u00e1n\u00ed.[\/vc_column_text][\/vc_column][\/vc_row]<\/p>\n<\/div>","protected":false},"excerpt":{"rendered":"<p>[vc_row][vc_column][vc_column_text] Da\u0148ov\u00fd kalend\u00e1\u0159 &#8211; jeho v\u00fdznam a vyu\u017eit\u00ed [\/vc_column_text][\/vc_column][\/vc_row][vc_row][vc_column][vc_column_text]Da\u0148ov\u00fd kalend\u00e1\u0159 p\u0159in\u00e1\u0161\u00ed p\u0159ehled konkr\u00e9tn\u00edch term\u00edn\u016f pro v\u010dasn\u00e9 placen\u00ed dan\u00ed a pojistn\u00e9ho. Obsahuje da\u0148ov\u00e9 povinnosti jak pro fyzick\u00e9, tak pro pr\u00e1vnick\u00e9 osoby a zam\u011bstnance. Upozor\u0148uje tedy na term\u00edny placen\u00ed dan\u00ed. Da\u0148ov\u00fd kalend\u00e1\u0159 b\u011b\u017en\u011b dostupn\u00fd na str\u00e1nk\u00e1ch Ministerstva financ\u00ed stanovuje term\u00edny dan\u00ed, jako nap\u0159\u00edklad da\u0148 z\u00a0p\u0159\u00edjm\u016f, da\u0148 z\u00a0p\u0159idan\u00e9<\/p>\n","protected":false},"author":1,"featured_media":0,"parent":0,"menu_order":0,"comment_status":"closed","ping_status":"closed","template":"","meta":{"_acf_changed":false,"footnotes":""},"class_list":["post-16146","page","type-page","status-publish","hentry"],"acf":[],"yoast_head":"<!-- This site is optimized with the Yoast SEO plugin v27.3 - https:\/\/yoast.com\/product\/yoast-seo-wordpress\/ -->\n<title>Da\u0148ov\u00fd kalend\u00e1\u0159<\/title>\n<meta name=\"robots\" content=\"index, follow, max-snippet:-1, max-image-preview:large, max-video-preview:-1\" \/>\n<link rel=\"canonical\" href=\"https:\/\/cz.f-chain.com\/cs\/nalogovyj-kalendar\/\" \/>\n<meta property=\"og:locale\" content=\"cs_CZ\" \/>\n<meta property=\"og:type\" content=\"article\" \/>\n<meta property=\"og:title\" content=\"Da\u0148ov\u00fd kalend\u00e1\u0159\" \/>\n<meta property=\"og:description\" content=\"[vc_row][vc_column][vc_column_text] Da\u0148ov\u00fd kalend\u00e1\u0159 &#8211; jeho v\u00fdznam a vyu\u017eit\u00ed [\/vc_column_text][\/vc_column][\/vc_row][vc_row][vc_column][vc_column_text]Da\u0148ov\u00fd kalend\u00e1\u0159 p\u0159in\u00e1\u0161\u00ed p\u0159ehled konkr\u00e9tn\u00edch term\u00edn\u016f pro v\u010dasn\u00e9 placen\u00ed dan\u00ed a pojistn\u00e9ho. Obsahuje da\u0148ov\u00e9 povinnosti jak pro fyzick\u00e9, tak pro pr\u00e1vnick\u00e9 osoby a zam\u011bstnance. Upozor\u0148uje tedy na term\u00edny placen\u00ed dan\u00ed. Da\u0148ov\u00fd kalend\u00e1\u0159 b\u011b\u017en\u011b dostupn\u00fd na str\u00e1nk\u00e1ch Ministerstva financ\u00ed stanovuje term\u00edny dan\u00ed, jako nap\u0159\u00edklad da\u0148 z\u00a0p\u0159\u00edjm\u016f, da\u0148 z\u00a0p\u0159idan\u00e9\" \/>\n<meta property=\"og:url\" content=\"https:\/\/cz.f-chain.com\/cs\/nalogovyj-kalendar\/\" \/>\n<meta property=\"og:site_name\" content=\"FCHAIN\" \/>\n<meta property=\"article:modified_time\" content=\"2025-11-18T11:25:01+00:00\" \/>\n<meta name=\"twitter:card\" content=\"summary_large_image\" \/>\n<meta name=\"twitter:label1\" content=\"Odhadovan\u00e1 doba \u010dten\u00ed\" \/>\n\t<meta name=\"twitter:data1\" content=\"4 minuty\" \/>\n<script type=\"application\/ld+json\" class=\"yoast-schema-graph\">{\"@context\":\"https:\\\/\\\/schema.org\",\"@graph\":[{\"@type\":\"WebPage\",\"@id\":\"https:\\\/\\\/cz.f-chain.com\\\/cs\\\/nalogovyj-kalendar\\\/\",\"url\":\"https:\\\/\\\/cz.f-chain.com\\\/cs\\\/nalogovyj-kalendar\\\/\",\"name\":\"Da\u0148ov\u00fd kalend\u00e1\u0159\",\"isPartOf\":{\"@id\":\"https:\\\/\\\/cz.f-chain.com\\\/#website\"},\"datePublished\":\"2018-09-21T07:06:20+00:00\",\"dateModified\":\"2025-11-18T11:25:01+00:00\",\"breadcrumb\":{\"@id\":\"https:\\\/\\\/cz.f-chain.com\\\/cs\\\/nalogovyj-kalendar\\\/#breadcrumb\"},\"inLanguage\":\"cs\",\"potentialAction\":[{\"@type\":\"ReadAction\",\"target\":[\"https:\\\/\\\/cz.f-chain.com\\\/cs\\\/nalogovyj-kalendar\\\/\"]}]},{\"@type\":\"BreadcrumbList\",\"@id\":\"https:\\\/\\\/cz.f-chain.com\\\/cs\\\/nalogovyj-kalendar\\\/#breadcrumb\",\"itemListElement\":[{\"@type\":\"ListItem\",\"position\":1,\"name\":\"Home\",\"item\":\"https:\\\/\\\/cz.f-chain.com\\\/cs\\\/\"},{\"@type\":\"ListItem\",\"position\":2,\"name\":\"Da\u0148ov\u00fd kalend\u00e1\u0159\"}]},{\"@type\":\"WebSite\",\"@id\":\"https:\\\/\\\/cz.f-chain.com\\\/#website\",\"url\":\"https:\\\/\\\/cz.f-chain.com\\\/\",\"name\":\"FCHAIN\",\"description\":\"Financial Chain Corporation in Czech Republic\",\"potentialAction\":[{\"@type\":\"SearchAction\",\"target\":{\"@type\":\"EntryPoint\",\"urlTemplate\":\"https:\\\/\\\/cz.f-chain.com\\\/?s={search_term_string}\"},\"query-input\":{\"@type\":\"PropertyValueSpecification\",\"valueRequired\":true,\"valueName\":\"search_term_string\"}}],\"inLanguage\":\"cs\"}]}<\/script>\n<!-- \/ Yoast SEO plugin. -->","yoast_head_json":{"title":"Da\u0148ov\u00fd kalend\u00e1\u0159","robots":{"index":"index","follow":"follow","max-snippet":"max-snippet:-1","max-image-preview":"max-image-preview:large","max-video-preview":"max-video-preview:-1"},"canonical":"https:\/\/cz.f-chain.com\/cs\/nalogovyj-kalendar\/","og_locale":"cs_CZ","og_type":"article","og_title":"Da\u0148ov\u00fd kalend\u00e1\u0159","og_description":"[vc_row][vc_column][vc_column_text] Da\u0148ov\u00fd kalend\u00e1\u0159 &#8211; jeho v\u00fdznam a vyu\u017eit\u00ed [\/vc_column_text][\/vc_column][\/vc_row][vc_row][vc_column][vc_column_text]Da\u0148ov\u00fd kalend\u00e1\u0159 p\u0159in\u00e1\u0161\u00ed p\u0159ehled konkr\u00e9tn\u00edch term\u00edn\u016f pro v\u010dasn\u00e9 placen\u00ed dan\u00ed a pojistn\u00e9ho. Obsahuje da\u0148ov\u00e9 povinnosti jak pro fyzick\u00e9, tak pro pr\u00e1vnick\u00e9 osoby a zam\u011bstnance. Upozor\u0148uje tedy na term\u00edny placen\u00ed dan\u00ed. Da\u0148ov\u00fd kalend\u00e1\u0159 b\u011b\u017en\u011b dostupn\u00fd na str\u00e1nk\u00e1ch Ministerstva financ\u00ed stanovuje term\u00edny dan\u00ed, jako nap\u0159\u00edklad da\u0148 z\u00a0p\u0159\u00edjm\u016f, da\u0148 z\u00a0p\u0159idan\u00e9","og_url":"https:\/\/cz.f-chain.com\/cs\/nalogovyj-kalendar\/","og_site_name":"FCHAIN","article_modified_time":"2025-11-18T11:25:01+00:00","twitter_card":"summary_large_image","twitter_misc":{"Odhadovan\u00e1 doba \u010dten\u00ed":"4 minuty"},"schema":{"@context":"https:\/\/schema.org","@graph":[{"@type":"WebPage","@id":"https:\/\/cz.f-chain.com\/cs\/nalogovyj-kalendar\/","url":"https:\/\/cz.f-chain.com\/cs\/nalogovyj-kalendar\/","name":"Da\u0148ov\u00fd kalend\u00e1\u0159","isPartOf":{"@id":"https:\/\/cz.f-chain.com\/#website"},"datePublished":"2018-09-21T07:06:20+00:00","dateModified":"2025-11-18T11:25:01+00:00","breadcrumb":{"@id":"https:\/\/cz.f-chain.com\/cs\/nalogovyj-kalendar\/#breadcrumb"},"inLanguage":"cs","potentialAction":[{"@type":"ReadAction","target":["https:\/\/cz.f-chain.com\/cs\/nalogovyj-kalendar\/"]}]},{"@type":"BreadcrumbList","@id":"https:\/\/cz.f-chain.com\/cs\/nalogovyj-kalendar\/#breadcrumb","itemListElement":[{"@type":"ListItem","position":1,"name":"Home","item":"https:\/\/cz.f-chain.com\/cs\/"},{"@type":"ListItem","position":2,"name":"Da\u0148ov\u00fd kalend\u00e1\u0159"}]},{"@type":"WebSite","@id":"https:\/\/cz.f-chain.com\/#website","url":"https:\/\/cz.f-chain.com\/","name":"FCHAIN","description":"Financial Chain Corporation in Czech Republic","potentialAction":[{"@type":"SearchAction","target":{"@type":"EntryPoint","urlTemplate":"https:\/\/cz.f-chain.com\/?s={search_term_string}"},"query-input":{"@type":"PropertyValueSpecification","valueRequired":true,"valueName":"search_term_string"}}],"inLanguage":"cs"}]}},"_links":{"self":[{"href":"https:\/\/cz.f-chain.com\/cs\/wp-json\/wp\/v2\/pages\/16146","targetHints":{"allow":["GET"]}}],"collection":[{"href":"https:\/\/cz.f-chain.com\/cs\/wp-json\/wp\/v2\/pages"}],"about":[{"href":"https:\/\/cz.f-chain.com\/cs\/wp-json\/wp\/v2\/types\/page"}],"author":[{"embeddable":true,"href":"https:\/\/cz.f-chain.com\/cs\/wp-json\/wp\/v2\/users\/1"}],"replies":[{"embeddable":true,"href":"https:\/\/cz.f-chain.com\/cs\/wp-json\/wp\/v2\/comments?post=16146"}],"version-history":[{"count":3,"href":"https:\/\/cz.f-chain.com\/cs\/wp-json\/wp\/v2\/pages\/16146\/revisions"}],"predecessor-version":[{"id":37691,"href":"https:\/\/cz.f-chain.com\/cs\/wp-json\/wp\/v2\/pages\/16146\/revisions\/37691"}],"wp:attachment":[{"href":"https:\/\/cz.f-chain.com\/cs\/wp-json\/wp\/v2\/media?parent=16146"}],"curies":[{"name":"wp","href":"https:\/\/api.w.org\/{rel}","templated":true}]}}