{"id":14532,"date":"2015-06-08T18:10:04","date_gmt":"2015-06-08T13:10:04","guid":{"rendered":"http:\/\/cacs.svvm.com\/registratsiya-individualnogo-predprinimatelya-2\/"},"modified":"2025-11-18T10:49:12","modified_gmt":"2025-11-18T10:49:12","slug":"entrepreneurs-registration","status":"publish","type":"page","link":"https:\/\/cz.f-chain.com\/cs\/entrepreneurs-registration\/","title":{"rendered":"Zalo\u017een\u00ed spole\u010dnosti \/ OSV\u010c"},"content":{"rendered":"<div class=\"wpb-content-wrapper\"><p>[vc_row css_animation=&#8220;fadeInUp&#8220;][vc_column][vc_column_text css_animation=&#8220;fadeInDown&#8220;]<\/p>\n<h2><span style=\"font-size: xx-large;\"><b>Registrace firem a fyzick\u00fdch osob v \u010cR u FCchain<\/b><\/span><\/h2>\n<h3 class=\"western\"><span style=\"font-size: x-large;\"><b>Spolehliv\u00e1 a rychl\u00e1 registrace spole\u010dnosti v Praze<\/b><\/span><\/h3>\n<p align=\"left\">Pl\u00e1nujete za\u010d\u00edt podnikat v \u010cesk\u00e9 republice? FChain nab\u00edz\u00ed profesion\u00e1ln\u00ed <b>registraci spole\u010dnost\u00ed v Praze <\/b>i po cel\u00e9 republice. Poskytujeme plnou podporu p\u0159i zakl\u00e1d\u00e1n\u00ed podniku a zaji\u0161\u0165ujeme bezprobl\u00e9mov\u00fd proces pro m\u00edstn\u00ed i mezin\u00e1rodn\u00ed podnikatele.<\/p>\n<p>Zalo\u017een\u00ed spole\u010dnosti je \u010dasov\u011b n\u00e1ro\u010dn\u00fd a z\u00e1sadn\u011b d\u016fle\u017eit\u00fd proces. Ukl\u00e1d\u00e1 povinnosti nejen p\u0159i registraci, ale tak\u00e9 v budoucnu. Jsme p\u0159ipraveni v\u00e1m kdykoli pomoci a v\u00fdrazn\u011b zjednodu\u0161it cel\u00fd proces.<\/p>\n<p>P\u0159iprav\u00edme pro v\u00e1s v\u0161echny pot\u0159ebn\u00e9 dokumenty v co nejkrat\u0161\u00edm \u010dase, pom\u016f\u017eeme v\u00e1m vybrat spr\u00e1vnou organiza\u010dn\u00ed a pr\u00e1vn\u00ed formu a nastartovat cestu k prosperit\u011b a \u00fasp\u011bchu va\u0161eho podnik\u00e1n\u00ed v \u010cesk\u00e9 republice.[\/vc_column_text][\/vc_column][\/vc_row][vc_row content_placement=&#8220;middle&#8220;][vc_column width=&#8220;1\/2&#8243;][vc_column_text css_animation=&#8220;fadeInLeft&#8220;]<\/p>\n<h2 class=\"western\"><span style=\"font-size: x-large;\"><b>Pro\u010d zvolit FCchain pro registraci spole\u010dnosti?<\/b><\/span><\/h2>\n<ol>\n<li>\n<p align=\"left\"><b>Komplexn\u00ed asistence <\/b>\u2013 Zajist\u00edme ve\u0161ker\u00e9 aspekty <b>registrace pr\u00e1vnick\u00e9 osoby <\/b>, od p\u0159\u00edpravy dokument\u016f a\u017e po da\u0148ovou registraci.<\/p>\n<\/li>\n<li>\n<p align=\"left\"><b>Efektivita <\/b>\u2013 Na\u0161i odborn\u00edci minimalizuj\u00ed dobu zpracov\u00e1n\u00ed a zaji\u0161\u0165uj\u00ed rychlou <b>registraci spole\u010dnost\u00ed v \u010cesk\u00e9 republice <\/b>.<\/p>\n<\/li>\n<li>\n<p align=\"left\"><b>Soulad s \u010desk\u00fdmi z\u00e1kony <\/b>\u2013 Zaji\u0161\u0165ujeme pln\u00fd soulad s pr\u00e1vn\u00edmi p\u0159edpisy a vyh\u00fdb\u00e1me se b\u011b\u017en\u00fdm n\u00e1strah\u00e1m.<\/p>\n<\/li>\n<li>\n<p align=\"left\"><b>\u0158e\u0161en\u00ed na m\u00edru <\/b>\u2013 A\u0165 u\u017e pot\u0159ebujete slu\u017ebu <b>registrace spole\u010dnosti <\/b>pro spole\u010dnost s ru\u010den\u00edm omezen\u00fdm, akciovou spole\u010dnost nebo <b>fyzick\u00e9ho podnikatele <\/b>, nab\u00edz\u00edme \u0159e\u0161en\u00ed na m\u00edru.<\/p>\n<\/li>\n<li>\n<p align=\"left\"><b>Podpora po registraci <\/b>\u2013 Od veden\u00ed \u00fa\u010detnictv\u00ed a\u017e po da\u0148ov\u00e9 poradenstv\u00ed v\u00e1m pom\u016f\u017eeme \u0159\u00eddit va\u0161i nov\u011b zalo\u017eenou firmu.<\/p>\n<\/li>\n<\/ol>\n<h2 class=\"western\"><a name=\"_l5sqrwscbc0l\"><\/a> <span style=\"font-size: x-large;\"><b>Kroky k registraci spole\u010dnosti v \u010cesk\u00e9 republice<\/b><\/span><\/h2>\n<ol>\n<li>\n<p align=\"left\"><b>V\u00fdb\u011br pr\u00e1vn\u00ed formy <\/b>\u2013 Pom\u016f\u017eeme vybrat spr\u00e1vnou obchodn\u00ed strukturu pro va\u0161e pot\u0159eby.<\/p>\n<\/li>\n<li>\n<p align=\"left\"><b>Schv\u00e1len\u00ed n\u00e1zvu spole\u010dnosti <\/b>\u2013 Zaji\u0161t\u011bn\u00ed jedine\u010dnosti a souladu n\u00e1zvu va\u0161\u00ed spole\u010dnosti.<\/p>\n<\/li>\n<li>\n<p align=\"left\"><b>P\u0159\u00edprava dokument\u016f <\/b>\u2013 vypracov\u00e1n\u00ed pot\u0159ebn\u00e9 pr\u00e1vn\u00ed dokumentace pro bezprobl\u00e9movou <b>registraci spole\u010dnost\u00ed <\/b>.<\/p>\n<\/li>\n<li>\n<p align=\"left\"><b>Not\u00e1\u0159sk\u00e1 a \u017eivnostensk\u00e1 registrace <\/b>\u2013 Dokon\u010den\u00ed po\u017eadovan\u00fdch postup\u016f pro pr\u00e1vn\u00ed provoz.<\/p>\n<\/li>\n<li>\n<p align=\"left\"><b>Registrace k dani a soci\u00e1ln\u00edmu zabezpe\u010den\u00ed <\/b>\u2013 Zaji\u0161t\u011bn\u00ed souladu s m\u00edstn\u00edmi da\u0148ov\u00fdmi p\u0159edpisy.<\/p>\n<\/li>\n<\/ol>\n<p>[\/vc_column_text][\/vc_column][vc_column width=&#8220;1\/2&#8243;][vc_single_image image=&#8220;19588&#8243; img_size=&#8220;full&#8220; css_animation=&#8220;fadeInRight&#8220;][\/vc_column][\/vc_row][vc_row equal_height=&#8220;yes&#8220; content_placement=&#8220;middle&#8220; css_animation=&#8220;fadeInUp&#8220;][vc_column width=&#8220;1\/2&#8243;][vc_single_image image=&#8220;19380&#8243; img_size=&#8220;full&#8220; alignment=&#8220;right&#8220; css_animation=&#8220;fadeInLeft&#8220;][\/vc_column][vc_column width=&#8220;1\/2&#8243;][vc_column_text css_animation=&#8220;fadeInRight&#8220;]<\/p>\n<h3><strong>Specialist\u00e9 spole\u010dnosti FCHAIN jsou p\u0159ipraveni v\u00e1m pomoci s n\u00e1sleduj\u00edc\u00edmi probl\u00e9my:<\/strong><\/h3>\n<ul class=\"ul-gray\">\n<li>Pom\u016f\u017eeme s registrac\u00ed pr\u00e1vnick\u00e9 osoby nebo OSV\u010c.<\/li>\n<li>P\u0159iprav\u00edme v\u0161echny podklady.<\/li>\n<li>V ka\u017ed\u00e9 f\u00e1zi procesu v\u00e1m poskytneme pomoc a radu.<\/li>\n<li>Najdeme vhodn\u00e9 s\u00eddlo pro va\u0161i spole\u010dnost.<\/li>\n<li>Vybereme nejoptim\u00e1ln\u011bj\u0161\u00ed da\u0148ov\u00fd re\u017eim pro budouc\u00ed spole\u010dnost.<\/li>\n<li>O ka\u017ed\u00e9 jednotliv\u00e9 f\u00e1zi registrace v\u00e1s budeme informovat.<\/li>\n<li>Poskytneme v\u00e1m v\u0161echny dokumenty potvrzuj\u00edc\u00ed zalo\u017een\u00ed spole\u010dnosti.<\/li>\n<li>Pom\u016f\u017eeme s otev\u0159en\u00edm bankovn\u00edch \u00fa\u010dt\u016f.<\/li>\n<li>Zorganizujeme pro v\u00e1s v\u00fdrobu raz\u00edtka.<\/li>\n<li>Provedeme dal\u0161\u00ed nezbytn\u00e9 kroky podle va\u0161ich po\u017eadavk\u016f.<\/li>\n<li>Zaregistrujeme \u010dinnost spole\u010dnosti u p\u0159\u00edslu\u0161n\u00fdch org\u00e1n\u016f (\u017eivnostensk\u00fd odbor).<\/li>\n<li>Zaregistrujeme spole\u010dnost \/ OSV\u010c pro da\u0148 z p\u0159\u00edjmu.<\/li>\n<li>Zaregistrujeme spole\u010dnost \/ OSV\u010c v org\u00e1nech zdravotn\u00edho a soci\u00e1ln\u00edho poji\u0161t\u011bn\u00ed.<\/li>\n<\/ul>\n<p>[\/vc_column_text][\/vc_column][\/vc_row][vc_row][vc_column][vc_column_text css_animation=&#8220;fadeInLeft&#8220;]Zalo\u017een\u00ed spole\u010dnosti je administrativn\u00ed i finan\u010dn\u011b n\u00e1kladn\u00e9, v n\u011bm\u017e podnikatel\u00e9 \u010del\u00ed n\u00e1strah\u00e1m not\u00e1\u0159\u016f, instituc\u00ed a registra\u010dn\u00edch soud\u016f.<\/p>\n<p>Nev\u00e1hejte n\u00e1s kontaktovat se sv\u00fdmi dotazy a po\u017eadavky, bez ohledu na to, zda jste se ji\u017e rozhodli pro jak\u00fdkoli typ a velikost spole\u010dnosti.[\/vc_column_text][\/vc_column][\/vc_row][vc_row][vc_column][vc_column_text css_animation=&#8220;fadeInUp&#8220;]<\/p>\n<h2 class=\"western\"><span style=\"font-size: x-large;\"><b>Registrace individu\u00e1ln\u00edho podnikatele v \u010cesk\u00e9 republice<\/b><\/span><\/h2>\n<p align=\"left\">Pokud hled\u00e1te <b>registraci jednotliv\u00fdch podnikatel\u016f <\/b>, FChain poskytuje snadn\u00fd a cenov\u011b v\u00fdhodn\u00fd proces. St\u00e1t se jedin\u00fdm vlastn\u00edkem v Praze v\u00e1m umo\u017en\u00ed za\u010d\u00edt podnikat se zjednodu\u0161en\u00fdm zdan\u011bn\u00edm a men\u0161\u00ed regula\u010dn\u00ed z\u00e1t\u011b\u017e\u00ed.<\/p>\n<h3 class=\"western\"><span style=\"font-size: x-large;\"><b>Za\u010dn\u011bte podnikat v \u010cesk\u00e9 republice je\u0161t\u011b dnes!<\/b><\/span><\/h3>\n<p align=\"left\">S FChain z\u00edsk\u00e1te bezprobl\u00e9movou <b>registraci firem v Praze <\/b>a odborn\u00e9 veden\u00ed na ka\u017ed\u00e9m kroku. Kontaktujte n\u00e1s nyn\u00ed a <b>zaregistrujte spole\u010dnost <\/b>sv\u00fdch sn\u016f u p\u0159edn\u00edch profesion\u00e1l\u016f v oboru!<\/p>\n<p align=\"left\"><b>Kontaktujte n\u00e1s je\u0161t\u011b dnes pro konzultaci!<\/b><\/p>\n<p>[\/vc_column_text][\/vc_column][\/vc_row]<\/p>\n<\/div>","protected":false},"excerpt":{"rendered":"<p>[vc_row css_animation=&#8220;fadeInUp&#8220;][vc_column][vc_column_text css_animation=&#8220;fadeInDown&#8220;] Registrace firem a fyzick\u00fdch osob v \u010cR u FCchain Spolehliv\u00e1 a rychl\u00e1 registrace spole\u010dnosti v Praze Pl\u00e1nujete za\u010d\u00edt podnikat v \u010cesk\u00e9 republice? FChain nab\u00edz\u00ed profesion\u00e1ln\u00ed registraci spole\u010dnost\u00ed v Praze i po cel\u00e9 republice. Poskytujeme plnou podporu p\u0159i zakl\u00e1d\u00e1n\u00ed podniku a zaji\u0161\u0165ujeme bezprobl\u00e9mov\u00fd proces pro m\u00edstn\u00ed i mezin\u00e1rodn\u00ed podnikatele. Zalo\u017een\u00ed spole\u010dnosti je \u010dasov\u011b<\/p>\n","protected":false},"author":1,"featured_media":19284,"parent":0,"menu_order":0,"comment_status":"closed","ping_status":"closed","template":"","meta":{"_acf_changed":false,"footnotes":""},"class_list":["post-14532","page","type-page","status-publish","hentry"],"acf":[],"yoast_head":"<!-- This site is optimized with the Yoast SEO plugin v27.3 - https:\/\/yoast.com\/product\/yoast-seo-wordpress\/ -->\n<title>Registrace firem a fyzick\u00fdch osob v \u010cR<\/title>\n<meta name=\"description\" content=\"V co nejkrat\u0161\u00edm \u010dase pro v\u00e1s p\u0159iprav\u00edme ve\u0161ker\u00e9 pot\u0159ebn\u00e9 dokumenty, pom\u016f\u017eeme v\u00e1m s v\u00fdb\u011brem spr\u00e1vn\u00e9 organiza\u010dn\u00ed a pr\u00e1vn\u00ed formy a nastartujeme va\u0161i cestu k prosperit\u011b a \u00fasp\u011bchu va\u0161eho podnik\u00e1n\u00ed v \u010cesk\u00e9 republice.\" \/>\n<meta name=\"robots\" content=\"index, follow, max-snippet:-1, max-image-preview:large, max-video-preview:-1\" \/>\n<link rel=\"canonical\" href=\"https:\/\/cz.f-chain.com\/cs\/entrepreneurs-registration\/\" \/>\n<meta property=\"og:locale\" content=\"cs_CZ\" \/>\n<meta property=\"og:type\" content=\"article\" \/>\n<meta property=\"og:title\" content=\"Registrace firem a fyzick\u00fdch osob v \u010cR\" \/>\n<meta property=\"og:description\" content=\"V co nejkrat\u0161\u00edm \u010dase pro v\u00e1s p\u0159iprav\u00edme ve\u0161ker\u00e9 pot\u0159ebn\u00e9 dokumenty, pom\u016f\u017eeme v\u00e1m s v\u00fdb\u011brem spr\u00e1vn\u00e9 organiza\u010dn\u00ed a pr\u00e1vn\u00ed formy a nastartujeme va\u0161i cestu k prosperit\u011b a \u00fasp\u011bchu va\u0161eho podnik\u00e1n\u00ed v \u010cesk\u00e9 republice.\" \/>\n<meta property=\"og:url\" content=\"https:\/\/cz.f-chain.com\/cs\/entrepreneurs-registration\/\" \/>\n<meta property=\"og:site_name\" content=\"FCHAIN\" \/>\n<meta property=\"article:modified_time\" content=\"2025-11-18T10:49:12+00:00\" \/>\n<meta property=\"og:image\" content=\"https:\/\/cz.f-chain.com\/wp-content\/uploads\/2020\/10\/fchain_stock_czech-scaled.jpg\" \/>\n\t<meta property=\"og:image:width\" content=\"2560\" \/>\n\t<meta property=\"og:image:height\" content=\"1279\" \/>\n\t<meta property=\"og:image:type\" content=\"image\/jpeg\" \/>\n<meta name=\"twitter:card\" content=\"summary_large_image\" \/>\n<meta name=\"twitter:label1\" content=\"Odhadovan\u00e1 doba \u010dten\u00ed\" \/>\n\t<meta name=\"twitter:data1\" content=\"3 minuty\" \/>\n<script type=\"application\/ld+json\" class=\"yoast-schema-graph\">{\"@context\":\"https:\\\/\\\/schema.org\",\"@graph\":[{\"@type\":\"WebPage\",\"@id\":\"https:\\\/\\\/cz.f-chain.com\\\/cs\\\/entrepreneurs-registration\\\/\",\"url\":\"https:\\\/\\\/cz.f-chain.com\\\/cs\\\/entrepreneurs-registration\\\/\",\"name\":\"Registrace firem a fyzick\u00fdch osob v \u010cR\",\"isPartOf\":{\"@id\":\"https:\\\/\\\/cz.f-chain.com\\\/#website\"},\"primaryImageOfPage\":{\"@id\":\"https:\\\/\\\/cz.f-chain.com\\\/cs\\\/entrepreneurs-registration\\\/#primaryimage\"},\"image\":{\"@id\":\"https:\\\/\\\/cz.f-chain.com\\\/cs\\\/entrepreneurs-registration\\\/#primaryimage\"},\"thumbnailUrl\":\"https:\\\/\\\/cz.f-chain.com\\\/wp-content\\\/uploads\\\/2020\\\/10\\\/fchain_stock_czech-scaled.jpg\",\"datePublished\":\"2015-06-08T13:10:04+00:00\",\"dateModified\":\"2025-11-18T10:49:12+00:00\",\"description\":\"V co nejkrat\u0161\u00edm \u010dase pro v\u00e1s p\u0159iprav\u00edme ve\u0161ker\u00e9 pot\u0159ebn\u00e9 dokumenty, pom\u016f\u017eeme v\u00e1m s v\u00fdb\u011brem spr\u00e1vn\u00e9 organiza\u010dn\u00ed a pr\u00e1vn\u00ed formy a nastartujeme va\u0161i cestu k prosperit\u011b a \u00fasp\u011bchu va\u0161eho podnik\u00e1n\u00ed v \u010cesk\u00e9 republice.\",\"breadcrumb\":{\"@id\":\"https:\\\/\\\/cz.f-chain.com\\\/cs\\\/entrepreneurs-registration\\\/#breadcrumb\"},\"inLanguage\":\"cs\",\"potentialAction\":[{\"@type\":\"ReadAction\",\"target\":[\"https:\\\/\\\/cz.f-chain.com\\\/cs\\\/entrepreneurs-registration\\\/\"]}]},{\"@type\":\"ImageObject\",\"inLanguage\":\"cs\",\"@id\":\"https:\\\/\\\/cz.f-chain.com\\\/cs\\\/entrepreneurs-registration\\\/#primaryimage\",\"url\":\"https:\\\/\\\/cz.f-chain.com\\\/wp-content\\\/uploads\\\/2020\\\/10\\\/fchain_stock_czech-scaled.jpg\",\"contentUrl\":\"https:\\\/\\\/cz.f-chain.com\\\/wp-content\\\/uploads\\\/2020\\\/10\\\/fchain_stock_czech-scaled.jpg\",\"width\":2560,\"height\":1279},{\"@type\":\"BreadcrumbList\",\"@id\":\"https:\\\/\\\/cz.f-chain.com\\\/cs\\\/entrepreneurs-registration\\\/#breadcrumb\",\"itemListElement\":[{\"@type\":\"ListItem\",\"position\":1,\"name\":\"Home\",\"item\":\"https:\\\/\\\/cz.f-chain.com\\\/cs\\\/\"},{\"@type\":\"ListItem\",\"position\":2,\"name\":\"Zalo\u017een\u00ed spole\u010dnosti \\\/ OSV\u010c\"}]},{\"@type\":\"WebSite\",\"@id\":\"https:\\\/\\\/cz.f-chain.com\\\/#website\",\"url\":\"https:\\\/\\\/cz.f-chain.com\\\/\",\"name\":\"FCHAIN\",\"description\":\"Financial Chain Corporation in Czech Republic\",\"potentialAction\":[{\"@type\":\"SearchAction\",\"target\":{\"@type\":\"EntryPoint\",\"urlTemplate\":\"https:\\\/\\\/cz.f-chain.com\\\/?s={search_term_string}\"},\"query-input\":{\"@type\":\"PropertyValueSpecification\",\"valueRequired\":true,\"valueName\":\"search_term_string\"}}],\"inLanguage\":\"cs\"}]}<\/script>\n<!-- \/ Yoast SEO plugin. -->","yoast_head_json":{"title":"Registrace firem a fyzick\u00fdch osob v \u010cR","description":"V co nejkrat\u0161\u00edm \u010dase pro v\u00e1s p\u0159iprav\u00edme ve\u0161ker\u00e9 pot\u0159ebn\u00e9 dokumenty, pom\u016f\u017eeme v\u00e1m s v\u00fdb\u011brem spr\u00e1vn\u00e9 organiza\u010dn\u00ed a pr\u00e1vn\u00ed formy a nastartujeme va\u0161i cestu k prosperit\u011b a \u00fasp\u011bchu va\u0161eho podnik\u00e1n\u00ed v \u010cesk\u00e9 republice.","robots":{"index":"index","follow":"follow","max-snippet":"max-snippet:-1","max-image-preview":"max-image-preview:large","max-video-preview":"max-video-preview:-1"},"canonical":"https:\/\/cz.f-chain.com\/cs\/entrepreneurs-registration\/","og_locale":"cs_CZ","og_type":"article","og_title":"Registrace firem a fyzick\u00fdch osob v \u010cR","og_description":"V co nejkrat\u0161\u00edm \u010dase pro v\u00e1s p\u0159iprav\u00edme ve\u0161ker\u00e9 pot\u0159ebn\u00e9 dokumenty, pom\u016f\u017eeme v\u00e1m s v\u00fdb\u011brem spr\u00e1vn\u00e9 organiza\u010dn\u00ed a pr\u00e1vn\u00ed formy a nastartujeme va\u0161i cestu k prosperit\u011b a \u00fasp\u011bchu va\u0161eho podnik\u00e1n\u00ed v \u010cesk\u00e9 republice.","og_url":"https:\/\/cz.f-chain.com\/cs\/entrepreneurs-registration\/","og_site_name":"FCHAIN","article_modified_time":"2025-11-18T10:49:12+00:00","og_image":[{"width":2560,"height":1279,"url":"https:\/\/cz.f-chain.com\/wp-content\/uploads\/2020\/10\/fchain_stock_czech-scaled.jpg","type":"image\/jpeg"}],"twitter_card":"summary_large_image","twitter_misc":{"Odhadovan\u00e1 doba \u010dten\u00ed":"3 minuty"},"schema":{"@context":"https:\/\/schema.org","@graph":[{"@type":"WebPage","@id":"https:\/\/cz.f-chain.com\/cs\/entrepreneurs-registration\/","url":"https:\/\/cz.f-chain.com\/cs\/entrepreneurs-registration\/","name":"Registrace firem a fyzick\u00fdch osob v \u010cR","isPartOf":{"@id":"https:\/\/cz.f-chain.com\/#website"},"primaryImageOfPage":{"@id":"https:\/\/cz.f-chain.com\/cs\/entrepreneurs-registration\/#primaryimage"},"image":{"@id":"https:\/\/cz.f-chain.com\/cs\/entrepreneurs-registration\/#primaryimage"},"thumbnailUrl":"https:\/\/cz.f-chain.com\/wp-content\/uploads\/2020\/10\/fchain_stock_czech-scaled.jpg","datePublished":"2015-06-08T13:10:04+00:00","dateModified":"2025-11-18T10:49:12+00:00","description":"V co nejkrat\u0161\u00edm \u010dase pro v\u00e1s p\u0159iprav\u00edme ve\u0161ker\u00e9 pot\u0159ebn\u00e9 dokumenty, pom\u016f\u017eeme v\u00e1m s v\u00fdb\u011brem spr\u00e1vn\u00e9 organiza\u010dn\u00ed a pr\u00e1vn\u00ed formy a nastartujeme va\u0161i cestu k prosperit\u011b a \u00fasp\u011bchu va\u0161eho podnik\u00e1n\u00ed v \u010cesk\u00e9 republice.","breadcrumb":{"@id":"https:\/\/cz.f-chain.com\/cs\/entrepreneurs-registration\/#breadcrumb"},"inLanguage":"cs","potentialAction":[{"@type":"ReadAction","target":["https:\/\/cz.f-chain.com\/cs\/entrepreneurs-registration\/"]}]},{"@type":"ImageObject","inLanguage":"cs","@id":"https:\/\/cz.f-chain.com\/cs\/entrepreneurs-registration\/#primaryimage","url":"https:\/\/cz.f-chain.com\/wp-content\/uploads\/2020\/10\/fchain_stock_czech-scaled.jpg","contentUrl":"https:\/\/cz.f-chain.com\/wp-content\/uploads\/2020\/10\/fchain_stock_czech-scaled.jpg","width":2560,"height":1279},{"@type":"BreadcrumbList","@id":"https:\/\/cz.f-chain.com\/cs\/entrepreneurs-registration\/#breadcrumb","itemListElement":[{"@type":"ListItem","position":1,"name":"Home","item":"https:\/\/cz.f-chain.com\/cs\/"},{"@type":"ListItem","position":2,"name":"Zalo\u017een\u00ed spole\u010dnosti \/ OSV\u010c"}]},{"@type":"WebSite","@id":"https:\/\/cz.f-chain.com\/#website","url":"https:\/\/cz.f-chain.com\/","name":"FCHAIN","description":"Financial Chain Corporation in Czech Republic","potentialAction":[{"@type":"SearchAction","target":{"@type":"EntryPoint","urlTemplate":"https:\/\/cz.f-chain.com\/?s={search_term_string}"},"query-input":{"@type":"PropertyValueSpecification","valueRequired":true,"valueName":"search_term_string"}}],"inLanguage":"cs"}]}},"_links":{"self":[{"href":"https:\/\/cz.f-chain.com\/cs\/wp-json\/wp\/v2\/pages\/14532","targetHints":{"allow":["GET"]}}],"collection":[{"href":"https:\/\/cz.f-chain.com\/cs\/wp-json\/wp\/v2\/pages"}],"about":[{"href":"https:\/\/cz.f-chain.com\/cs\/wp-json\/wp\/v2\/types\/page"}],"author":[{"embeddable":true,"href":"https:\/\/cz.f-chain.com\/cs\/wp-json\/wp\/v2\/users\/1"}],"replies":[{"embeddable":true,"href":"https:\/\/cz.f-chain.com\/cs\/wp-json\/wp\/v2\/comments?post=14532"}],"version-history":[{"count":10,"href":"https:\/\/cz.f-chain.com\/cs\/wp-json\/wp\/v2\/pages\/14532\/revisions"}],"predecessor-version":[{"id":37678,"href":"https:\/\/cz.f-chain.com\/cs\/wp-json\/wp\/v2\/pages\/14532\/revisions\/37678"}],"wp:featuredmedia":[{"embeddable":true,"href":"https:\/\/cz.f-chain.com\/cs\/wp-json\/wp\/v2\/media\/19284"}],"wp:attachment":[{"href":"https:\/\/cz.f-chain.com\/cs\/wp-json\/wp\/v2\/media?parent=14532"}],"curies":[{"name":"wp","href":"https:\/\/api.w.org\/{rel}","templated":true}]}}