{"id":14530,"date":"2015-06-08T18:05:59","date_gmt":"2015-06-08T13:05:59","guid":{"rendered":"http:\/\/cacs.svvm.com\/registration-of-firm-3\/"},"modified":"2025-11-18T11:24:42","modified_gmt":"2025-11-18T11:24:42","slug":"ready-made-companies","status":"publish","type":"page","link":"https:\/\/cz.f-chain.com\/cs\/ready-made-companies\/","title":{"rendered":"Ready-made spole\u010dnosti na prodej"},"content":{"rendered":"<div class=\"wpb-content-wrapper\"><p>[vc_row equal_height=&#8220;yes&#8220; css_animation=&#8220;fadeInUp&#8220;][vc_column][vc_column_text]<\/p>\n<h3>Spole\u010dnost m\u00e1 p\u0159i registraci v\u017edy postaven\u00ed nepl\u00e1tce DPH. Aby se spole\u010dnost stala pl\u00e1tcem DPH, mus\u00ed dos\u00e1hnout obratu 1 milion \u010desk\u00fdch korun za 12 po sob\u011b n\u00e1sleduj\u00edc\u00edch m\u011bs\u00edc\u016f. Spole\u010dnost tud\u00ed\u017e nem\u016f\u017ee z\u00edsk\u00e1vat zp\u011bt zaplacenou DPH, dokud nedos\u00e1hne po\u017eadovan\u00e9ho obratu. Je zn\u00e1mo, \u017ee u ur\u010dit\u00fdch typ\u016f ekonomick\u00e9 aktivity m\u016f\u017ee b\u00fdt postaven\u00ed nepl\u00e1tce DPH extr\u00e9mn\u011b ekonomicky nev\u00fdhodn\u00e9. Existuje z toho v\u00fdchodisko!<\/h3>\n<p>[\/vc_column_text][\/vc_column][\/vc_row][vc_row content_placement=&#8220;middle&#8220; css_animation=&#8220;fadeInUp&#8220;][vc_column width=&#8220;1\/2&#8243;][vc_column_text]<\/p>\n<h3>Financial Chain Corporation m\u00e1 pro tyto p\u0159\u00edpady jedine\u010dn\u00e9 \u0159e\u0161en\u00ed. Nab\u00edz\u00edme ready-made spole\u010dnosti:<\/h3>\n<ul class=\"ul-gray\">\n<li>ji\u017e registrovan\u00e9 a maj\u00edc\u00ed postaven\u00ed pl\u00e1tce DPH;<\/li>\n<li>zkontrolovan\u00e9 na\u0161imi specialisty a pln\u011b p\u0159ipraven\u00e9 pro prodej nov\u00fdm vlastn\u00edk\u016fm.<\/li>\n<\/ul>\n<p>V z\u00e1sad\u011b jsou to spole\u010dnosti na\u0161ich klient\u016f, kte\u0159\u00ed se rozhodli pozastavit svoji \u010dinnost v \u010cesk\u00e9 republice z nejr\u016fzn\u011bj\u0161\u00edch d\u016fvod\u016f, nebo je to skupina spole\u010dnost\u00ed v r\u00e1mci Financial Chain Corporation se z\u00edskan\u00fdm postaven\u00edm pl\u00e1tce DPH.<\/p>\n<h3><strong>Z na\u0161\u00ed strany:<\/strong><\/h3>\n<ul class=\"ul-gray\">\n<li>garantujeme neexistenci jak\u00fdchkoli dluh\u016f nebo z\u00e1vazk\u016f;<\/li>\n<li>poskytujeme aktu\u00e1ln\u00ed potvrzen\u00ed neexistence dluh\u016f v\u016f\u010di st\u00e1tn\u00edm instituc\u00edm (finan\u010dn\u00ed \u00fa\u0159ad, soci\u00e1ln\u00ed zabezpe\u010den\u00ed, zdravotn\u00ed poji\u0161t\u011bn\u00ed, clo), pokud je to nezbytn\u00e9;<\/li>\n<li>poskytujeme klient\u016fm celou historii spole\u010dnosti, v\u010detn\u011b smluv, faktur, bankovn\u00edch v\u00fdpis\u016f, zpr\u00e1v, atd.;<\/li>\n<li>vyhotovujeme dokumentaci pro p\u0159evod spole\u010dnosti;<\/li>\n<li>zajist\u00edme sch\u016fzku s not\u00e1\u0159em;<\/li>\n<li>budeme v\u00e1s doprov\u00e1zet a\u017e \u00fasp\u011b\u0161n\u00e9ho dokon\u010den\u00ed v\u0161ech f\u00e1z\u00ed transakce koup\u011b a prodeje;<\/li>\n<li>nab\u00edz\u00edme dal\u0161\u00ed finan\u010dn\u00ed slu\u017eby pro spole\u010dnost (vysoce kvalifikovan\u00e9 \u00fa\u010detn\u00ed a jin\u00e9 slu\u017eby, kter\u00e9 optimalizuj\u00ed obchodn\u00ed procesy spole\u010dnosti).<\/li>\n<\/ul>\n<p>[\/vc_column_text][\/vc_column][vc_column width=&#8220;1\/2&#8243;][vc_single_image image=&#8220;19960&#8243; img_size=&#8220;full&#8220; alignment=&#8220;center&#8220;][\/vc_column][\/vc_row][vc_row content_placement=&#8220;middle&#8220; css_animation=&#8220;fadeInUp&#8220;][vc_column width=&#8220;1\/2&#8243;][vc_single_image image=&#8220;19376&#8243; img_size=&#8220;full&#8220;][\/vc_column][vc_column width=&#8220;1\/2&#8243;][vc_column_text]<\/p>\n<h3>Z\u0159ejm\u00e9 v\u00fdhody:<\/h3>\n<ul class=\"ul-gray\">\n<li>Neztr\u00e1c\u00edte \u010das (v\u00edce ne\u017e n\u011bkolik t\u00fddn\u016f) pot\u0159ebn\u00fd pro zalo\u017een\u00ed nov\u00e9 spole\u010dnosti. P\u0159evod je t\u00e9m\u011b\u0159 okam\u017eit\u00fd.<\/li>\n<li>U\u0161et\u0159\u00edte na DPH, nebo\u0165 od data koup\u011b ready-made spole\u010dnosti m\u00e1te mo\u017enost obdr\u017eet navr\u00e1cenou DPH.<\/li>\n<li>Z\u00edsk\u00e1te z\u00e1ruku neexistence dluh\u016f a z\u00e1vazk\u016f, co\u017e V\u00e1s ve skute\u010dnosti poji\u0161\u0165uje proti riziku, \u017ee budete \u010delit &#8222;past\u00edm&#8220;, kter\u00e9 se mohou ne\u010dekan\u011b objevit z d\u016fvodu historie spole\u010dnosti.<\/li>\n<\/ul>\n<p>[\/vc_column_text][\/vc_column][\/vc_row]<\/p>\n<\/div>","protected":false},"excerpt":{"rendered":"<p>[vc_row equal_height=&#8220;yes&#8220; css_animation=&#8220;fadeInUp&#8220;][vc_column][vc_column_text] Spole\u010dnost m\u00e1 p\u0159i registraci v\u017edy postaven\u00ed nepl\u00e1tce DPH. Aby se spole\u010dnost stala pl\u00e1tcem DPH, mus\u00ed dos\u00e1hnout obratu 1 milion \u010desk\u00fdch korun za 12 po sob\u011b n\u00e1sleduj\u00edc\u00edch m\u011bs\u00edc\u016f. Spole\u010dnost tud\u00ed\u017e nem\u016f\u017ee z\u00edsk\u00e1vat zp\u011bt zaplacenou DPH, dokud nedos\u00e1hne po\u017eadovan\u00e9ho obratu. Je zn\u00e1mo, \u017ee u ur\u010dit\u00fdch typ\u016f ekonomick\u00e9 aktivity m\u016f\u017ee b\u00fdt postaven\u00ed nepl\u00e1tce DPH extr\u00e9mn\u011b<\/p>\n","protected":false},"author":1,"featured_media":19284,"parent":0,"menu_order":0,"comment_status":"closed","ping_status":"closed","template":"","meta":{"_acf_changed":false,"footnotes":""},"class_list":["post-14530","page","type-page","status-publish","hentry"],"acf":[],"yoast_head":"<!-- This site is optimized with the Yoast SEO plugin v27.3 - https:\/\/yoast.com\/product\/yoast-seo-wordpress\/ -->\n<title>Ready-made companies in Czech Republic - FCHAIN Corporation<\/title>\n<meta name=\"description\" content=\"Financial Chain Corporation experts will assist you with ready-made companies in Czech Republic. Contact us!\" \/>\n<meta name=\"robots\" content=\"index, follow, max-snippet:-1, max-image-preview:large, max-video-preview:-1\" \/>\n<link rel=\"canonical\" href=\"https:\/\/cz.f-chain.com\/cs\/ready-made-companies\/\" \/>\n<meta property=\"og:locale\" content=\"cs_CZ\" \/>\n<meta property=\"og:type\" content=\"article\" \/>\n<meta property=\"og:title\" content=\"Ready-made companies in Czech Republic - FCHAIN Corporation\" \/>\n<meta property=\"og:description\" content=\"Financial Chain Corporation experts will assist you with ready-made companies in Czech Republic. Contact us!\" \/>\n<meta property=\"og:url\" content=\"https:\/\/cz.f-chain.com\/cs\/ready-made-companies\/\" \/>\n<meta property=\"og:site_name\" content=\"FCHAIN\" \/>\n<meta property=\"article:modified_time\" content=\"2025-11-18T11:24:42+00:00\" \/>\n<meta property=\"og:image\" content=\"https:\/\/cz.f-chain.com\/wp-content\/uploads\/2020\/10\/fchain_stock_czech-scaled.jpg\" \/>\n\t<meta property=\"og:image:width\" content=\"2560\" \/>\n\t<meta property=\"og:image:height\" content=\"1279\" \/>\n\t<meta property=\"og:image:type\" content=\"image\/jpeg\" \/>\n<meta name=\"twitter:card\" content=\"summary_large_image\" \/>\n<meta name=\"twitter:label1\" content=\"Odhadovan\u00e1 doba \u010dten\u00ed\" \/>\n\t<meta name=\"twitter:data1\" content=\"2 minuty\" \/>\n<script type=\"application\/ld+json\" class=\"yoast-schema-graph\">{\"@context\":\"https:\\\/\\\/schema.org\",\"@graph\":[{\"@type\":\"WebPage\",\"@id\":\"https:\\\/\\\/cz.f-chain.com\\\/cs\\\/ready-made-companies\\\/\",\"url\":\"https:\\\/\\\/cz.f-chain.com\\\/cs\\\/ready-made-companies\\\/\",\"name\":\"Ready-made companies in Czech Republic - FCHAIN Corporation\",\"isPartOf\":{\"@id\":\"https:\\\/\\\/cz.f-chain.com\\\/#website\"},\"primaryImageOfPage\":{\"@id\":\"https:\\\/\\\/cz.f-chain.com\\\/cs\\\/ready-made-companies\\\/#primaryimage\"},\"image\":{\"@id\":\"https:\\\/\\\/cz.f-chain.com\\\/cs\\\/ready-made-companies\\\/#primaryimage\"},\"thumbnailUrl\":\"https:\\\/\\\/cz.f-chain.com\\\/wp-content\\\/uploads\\\/2020\\\/10\\\/fchain_stock_czech-scaled.jpg\",\"datePublished\":\"2015-06-08T13:05:59+00:00\",\"dateModified\":\"2025-11-18T11:24:42+00:00\",\"description\":\"Financial Chain Corporation experts will assist you with ready-made companies in Czech Republic. Contact us!\",\"breadcrumb\":{\"@id\":\"https:\\\/\\\/cz.f-chain.com\\\/cs\\\/ready-made-companies\\\/#breadcrumb\"},\"inLanguage\":\"cs\",\"potentialAction\":[{\"@type\":\"ReadAction\",\"target\":[\"https:\\\/\\\/cz.f-chain.com\\\/cs\\\/ready-made-companies\\\/\"]}]},{\"@type\":\"ImageObject\",\"inLanguage\":\"cs\",\"@id\":\"https:\\\/\\\/cz.f-chain.com\\\/cs\\\/ready-made-companies\\\/#primaryimage\",\"url\":\"https:\\\/\\\/cz.f-chain.com\\\/wp-content\\\/uploads\\\/2020\\\/10\\\/fchain_stock_czech-scaled.jpg\",\"contentUrl\":\"https:\\\/\\\/cz.f-chain.com\\\/wp-content\\\/uploads\\\/2020\\\/10\\\/fchain_stock_czech-scaled.jpg\",\"width\":2560,\"height\":1279},{\"@type\":\"BreadcrumbList\",\"@id\":\"https:\\\/\\\/cz.f-chain.com\\\/cs\\\/ready-made-companies\\\/#breadcrumb\",\"itemListElement\":[{\"@type\":\"ListItem\",\"position\":1,\"name\":\"Home\",\"item\":\"https:\\\/\\\/cz.f-chain.com\\\/cs\\\/\"},{\"@type\":\"ListItem\",\"position\":2,\"name\":\"Ready-made spole\u010dnosti na prodej\"}]},{\"@type\":\"WebSite\",\"@id\":\"https:\\\/\\\/cz.f-chain.com\\\/#website\",\"url\":\"https:\\\/\\\/cz.f-chain.com\\\/\",\"name\":\"FCHAIN\",\"description\":\"Financial Chain Corporation in Czech Republic\",\"potentialAction\":[{\"@type\":\"SearchAction\",\"target\":{\"@type\":\"EntryPoint\",\"urlTemplate\":\"https:\\\/\\\/cz.f-chain.com\\\/?s={search_term_string}\"},\"query-input\":{\"@type\":\"PropertyValueSpecification\",\"valueRequired\":true,\"valueName\":\"search_term_string\"}}],\"inLanguage\":\"cs\"}]}<\/script>\n<!-- \/ Yoast SEO plugin. -->","yoast_head_json":{"title":"Ready-made companies in Czech Republic - FCHAIN Corporation","description":"Financial Chain Corporation experts will assist you with ready-made companies in Czech Republic. Contact us!","robots":{"index":"index","follow":"follow","max-snippet":"max-snippet:-1","max-image-preview":"max-image-preview:large","max-video-preview":"max-video-preview:-1"},"canonical":"https:\/\/cz.f-chain.com\/cs\/ready-made-companies\/","og_locale":"cs_CZ","og_type":"article","og_title":"Ready-made companies in Czech Republic - FCHAIN Corporation","og_description":"Financial Chain Corporation experts will assist you with ready-made companies in Czech Republic. Contact us!","og_url":"https:\/\/cz.f-chain.com\/cs\/ready-made-companies\/","og_site_name":"FCHAIN","article_modified_time":"2025-11-18T11:24:42+00:00","og_image":[{"width":2560,"height":1279,"url":"https:\/\/cz.f-chain.com\/wp-content\/uploads\/2020\/10\/fchain_stock_czech-scaled.jpg","type":"image\/jpeg"}],"twitter_card":"summary_large_image","twitter_misc":{"Odhadovan\u00e1 doba \u010dten\u00ed":"2 minuty"},"schema":{"@context":"https:\/\/schema.org","@graph":[{"@type":"WebPage","@id":"https:\/\/cz.f-chain.com\/cs\/ready-made-companies\/","url":"https:\/\/cz.f-chain.com\/cs\/ready-made-companies\/","name":"Ready-made companies in Czech Republic - FCHAIN Corporation","isPartOf":{"@id":"https:\/\/cz.f-chain.com\/#website"},"primaryImageOfPage":{"@id":"https:\/\/cz.f-chain.com\/cs\/ready-made-companies\/#primaryimage"},"image":{"@id":"https:\/\/cz.f-chain.com\/cs\/ready-made-companies\/#primaryimage"},"thumbnailUrl":"https:\/\/cz.f-chain.com\/wp-content\/uploads\/2020\/10\/fchain_stock_czech-scaled.jpg","datePublished":"2015-06-08T13:05:59+00:00","dateModified":"2025-11-18T11:24:42+00:00","description":"Financial Chain Corporation experts will assist you with ready-made companies in Czech Republic. Contact us!","breadcrumb":{"@id":"https:\/\/cz.f-chain.com\/cs\/ready-made-companies\/#breadcrumb"},"inLanguage":"cs","potentialAction":[{"@type":"ReadAction","target":["https:\/\/cz.f-chain.com\/cs\/ready-made-companies\/"]}]},{"@type":"ImageObject","inLanguage":"cs","@id":"https:\/\/cz.f-chain.com\/cs\/ready-made-companies\/#primaryimage","url":"https:\/\/cz.f-chain.com\/wp-content\/uploads\/2020\/10\/fchain_stock_czech-scaled.jpg","contentUrl":"https:\/\/cz.f-chain.com\/wp-content\/uploads\/2020\/10\/fchain_stock_czech-scaled.jpg","width":2560,"height":1279},{"@type":"BreadcrumbList","@id":"https:\/\/cz.f-chain.com\/cs\/ready-made-companies\/#breadcrumb","itemListElement":[{"@type":"ListItem","position":1,"name":"Home","item":"https:\/\/cz.f-chain.com\/cs\/"},{"@type":"ListItem","position":2,"name":"Ready-made spole\u010dnosti na prodej"}]},{"@type":"WebSite","@id":"https:\/\/cz.f-chain.com\/#website","url":"https:\/\/cz.f-chain.com\/","name":"FCHAIN","description":"Financial Chain Corporation in Czech Republic","potentialAction":[{"@type":"SearchAction","target":{"@type":"EntryPoint","urlTemplate":"https:\/\/cz.f-chain.com\/?s={search_term_string}"},"query-input":{"@type":"PropertyValueSpecification","valueRequired":true,"valueName":"search_term_string"}}],"inLanguage":"cs"}]}},"_links":{"self":[{"href":"https:\/\/cz.f-chain.com\/cs\/wp-json\/wp\/v2\/pages\/14530","targetHints":{"allow":["GET"]}}],"collection":[{"href":"https:\/\/cz.f-chain.com\/cs\/wp-json\/wp\/v2\/pages"}],"about":[{"href":"https:\/\/cz.f-chain.com\/cs\/wp-json\/wp\/v2\/types\/page"}],"author":[{"embeddable":true,"href":"https:\/\/cz.f-chain.com\/cs\/wp-json\/wp\/v2\/users\/1"}],"replies":[{"embeddable":true,"href":"https:\/\/cz.f-chain.com\/cs\/wp-json\/wp\/v2\/comments?post=14530"}],"version-history":[{"count":13,"href":"https:\/\/cz.f-chain.com\/cs\/wp-json\/wp\/v2\/pages\/14530\/revisions"}],"predecessor-version":[{"id":37689,"href":"https:\/\/cz.f-chain.com\/cs\/wp-json\/wp\/v2\/pages\/14530\/revisions\/37689"}],"wp:featuredmedia":[{"embeddable":true,"href":"https:\/\/cz.f-chain.com\/cs\/wp-json\/wp\/v2\/media\/19284"}],"wp:attachment":[{"href":"https:\/\/cz.f-chain.com\/cs\/wp-json\/wp\/v2\/media?parent=14530"}],"curies":[{"name":"wp","href":"https:\/\/api.w.org\/{rel}","templated":true}]}}