{"id":14528,"date":"2015-06-08T18:03:10","date_gmt":"2015-06-08T13:03:10","guid":{"rendered":"http:\/\/cacs.svvm.com\/records-recovery-2\/"},"modified":"2024-12-24T01:45:05","modified_gmt":"2024-12-24T01:45:05","slug":"rekonstrukce-ucetnictvi","status":"publish","type":"page","link":"https:\/\/cz.f-chain.com\/cs\/rekonstrukce-ucetnictvi\/","title":{"rendered":"Rekonstrukce \u00fa\u010detnictv\u00ed"},"content":{"rendered":"<div class=\"wpb-content-wrapper\"><p>[vc_row css_animation=&#8220;fadeInUp&#8220;][vc_column][vc_column_text]<\/p>\n<h3>Postup rekonstrukce a obnoven\u00ed \u00fa\u010detnictv\u00ed je velmi pracn\u00fd, a proto se prov\u00e1d\u00ed po etap\u00e1ch. V p\u0159edb\u011b\u017en\u00e9 f\u00e1zi pe\u010dliv\u011b analyzujeme situaci v \u00fa\u010detn\u00edm odd\u011blen\u00ed podniku klienta.<\/h3>\n<p>Po zji\u0161t\u011bn\u00ed ur\u010dit\u00fdch chyb na\u0161i specialist\u00e9 upozorn\u00ed vlastn\u00edka a poskytnou podrobnou zpr\u00e1vu o rozsahu poru\u0161en\u00ed. To v\u00e1m umo\u017en\u00ed co nejv\u00edce zkr\u00e1tit dobu procedury.[\/vc_column_text][\/vc_column][\/vc_row][vc_row content_placement=&#8220;middle&#8220; css_animation=&#8220;fadeInUp&#8220;][vc_column width=&#8220;1\/2&#8243;][vc_column_text]<\/p>\n<h3>Proces implementace opat\u0159en\u00ed k obnoven\u00ed \u00fa\u010detnictv\u00ed a da\u0148ov\u00e9 evidence je rozd\u011blen do n\u011bkolika f\u00e1z\u00ed:<\/h3>\n<p><u>Z\u00edsk\u00e1n\u00ed prim\u00e1rn\u00edch dat pro rekonstrukci \u00fa\u010detnictv\u00ed<\/u><\/p>\n<ul>\n<li>Zpracov\u00e1n\u00ed a up\u0159esn\u011bn\u00ed prim\u00e1rn\u00ed dokumentace;<\/li>\n<li>D\u016fkladn\u00e1 anal\u00fdza dat z\u00edskan\u00fdch v d\u016fsledku zpracov\u00e1n\u00ed dokumentace a uchovan\u00fdch zpr\u00e1v;<\/li>\n<li>V p\u0159\u00edpad\u011b pot\u0159eby provedeme kompletn\u00ed inventuru pen\u011b\u017en\u00edch aktiv, v\u00fdpo\u010dty a z\u00e1soby;<\/li>\n<li>Zajistit dostupn\u00e9 opisy doklad\u016f nebo po\u0159\u00edzen\u00ed kopi\u00ed od instituc\u00ed a spr\u00e1vn\u00edch org\u00e1n\u016f, z\u00edskat opisy da\u0148ov\u00fdch p\u0159izn\u00e1n\u00ed i s\u00a0p\u0159\u00edlohami a dal\u0161\u00ed miv\u00fdstupy.<\/li>\n<li>Z\u00edsk\u00e1n\u00ed p\u0159ehled\u016f spr\u00e1vy soci\u00e1ln\u00edho zabezpe\u010den\u00ed a zdravotn\u00ed poji\u0161\u0165ovny jak podnikatele, tak i jeho zam\u011bstnanc\u016f.<\/li>\n<li>Z\u00a0banky zajistit bankovn\u00ed v\u00fdpisy a \u00fav\u011brov\u00e9 smlouvy.<\/li>\n<li>Od dodavatel\u016f a odb\u011bratel\u016f opat\u0159it faktury, dobropisy a z\u00e1po\u010dty.<\/li>\n<li>Opat\u0159it kopie leasingov\u00fdch, kupn\u00edch a pojistn\u00fdch smluv.<\/li>\n<\/ul>\n<p>[\/vc_column_text][\/vc_column][vc_column width=&#8220;1\/2&#8243;][vc_single_image image=&#8220;19621&#8243; img_size=&#8220;full&#8220;][\/vc_column][\/vc_row][vc_row content_placement=&#8220;middle&#8220; css_animation=&#8220;fadeInUp&#8220;][vc_column width=&#8220;1\/2&#8243;][vc_single_image image=&#8220;19624&#8243; img_size=&#8220;full&#8220;][\/vc_column][vc_column width=&#8220;1\/2&#8243;][vc_column_text]<\/p>\n<h3><u>Rekonstrukce \u00fa\u010detnictv\u00ed<\/u><\/h3>\n<ul>\n<li>Nastaven\u00ed po\u010d\u00e1te\u010dn\u00edch stav\u016f \u00fa\u010dt\u016f a knih<\/li>\n<li>Za\u00fa\u010dtov\u00e1n\u00ed dostupn\u00fdch doklad\u016f<\/li>\n<li>Kontrola souvzta\u017en\u00fdch vazeb<\/li>\n<\/ul>\n<ul>\n<li>Obnoven\u00ed datab\u00e1ze, kterou m\u00e1 vlastn\u00edk, nebo jej\u00ed vytvo\u0159en\u00ed od nuly;<\/li>\n<li>Obnova \u00fa\u010detn\u00edch registr\u016f a tvorba po\u010d\u00e1te\u010dn\u00edho z\u016fstatku;<\/li>\n<\/ul>\n<ul>\n<li>\u00da\u010detn\u00ed uz\u00e1v\u011brka a kontrola koncov\u00fdch stav\u016f \u00fa\u010dt\u016f v\u00a0souvislosti s\u00a0podan\u00fdmi da\u0148ov\u00fdmi p\u0159izn\u00e1n\u00edmi<\/li>\n<li>Pop\u0159. dod\u00e1n\u00ed dodate\u010dn\u00fdch p\u0159izn\u00e1n\u00ed k\u00a0dani z\u00a0p\u0159\u00edjm\u016f, DPH a dal\u0161\u00ed p\u0159ehledy<\/li>\n<\/ul>\n<h3><strong><u>Posledn\u00ed f\u00e1ze<\/u><\/strong><\/h3>\n<ul>\n<li>Posledn\u00ed f\u00e1z\u00ed je zpracov\u00e1n\u00ed \u00fa\u010detn\u00edch metod a vnit\u0159n\u00edch sm\u011brnic, kter\u00e9 popisuj\u00ed zrekonstruovan\u00e9 \u00fa\u010detnictv\u00ed a z\u00e1rove\u0148 zabr\u00e1n\u00ed opakov\u00e1n\u00ed t\u00e9to nep\u0159\u00edjemn\u00e9 situace.<\/li>\n<li>V p\u0159\u00edpad\u011b pot\u0159eby jsou p\u0159ipraveny revidovan\u00e9 v\u00fdpo\u010dty a p\u0159izn\u00e1n\u00ed k dani a revidovan\u00e9 zpr\u00e1vy<\/li>\n<\/ul>\n<p>Pom\u011br ceny, kvality a rychlosti poskytov\u00e1n\u00ed slu\u017eby rekonstrukce \u00fa\u010detnictv\u00ed nab\u00edzen\u00e9 na\u0161\u00ed spole\u010dnost\u00ed je optim\u00e1ln\u00ed. Postup si m\u016f\u017eete objednat zcela nebo z\u010d\u00e1sti (z\u00e1le\u017e\u00ed na tom, ve kter\u00e9m segmentu \u00fa\u010detn\u00edho odd\u011blen\u00ed do\u0161lo k pot\u00ed\u017e\u00edm nebo kter\u00e9 operace vy\u017eaduj\u00ed rekonstrukci). K ot\u00e1zce v\u00fdpo\u010dtu n\u00e1klad\u016f na tyto slu\u017eby p\u0159istupujeme individu\u00e1ln\u011b a vych\u00e1z\u00edme z objemu a slo\u017eitosti proveden\u00e9 pr\u00e1ce.[\/vc_column_text][\/vc_column][\/vc_row][vc_row][vc_column][vc_column_text css_animation=&#8220;fadeInUp&#8220;]<\/p>\n<h2>Asistence p\u0159i finan\u010dn\u00edm auditu<\/h2>\n<p>Nez\u00e1visl\u00fd finan\u010dn\u00ed audit poskytuje jasnost a jistotu ohledn\u011b spr\u00e1vnosti va\u0161ich finan\u010dn\u00edch v\u00fdkaz\u016f, zaji\u0161\u0165uje transparentnost a d\u016fv\u011bru s va\u0161imi z\u00fa\u010dastn\u011bn\u00fdmi stranami. Na\u0161e slu\u017eby asistence p\u0159i finan\u010dn\u00edm auditu v\u00e1m nab\u00edzej\u00ed komplexn\u00ed podporu pro hladk\u00fd a efektivn\u00ed pr\u016fb\u011bh auditu.<br \/>\nNa\u0161e slu\u017eby zahrnuj\u00ed:<br \/>\n\u2022 P\u0159\u00edprava na audit: Pom\u016f\u017eeme v\u00e1m p\u0159ipravit va\u0161e finan\u010dn\u00ed z\u00e1znamy a v\u00fdkazy pro audit, zajist\u00edme, \u017ee v\u0161e bude v po\u0159\u00e1dku a v souladu s \u00fa\u010detn\u00edmi standardy.<br \/>\n\u2022 Podpora p\u0159i auditu: N\u00e1\u0161 t\u00fdm bude \u00fazce spolupracovat s auditory, poskytne pot\u0159ebnou dokumentaci, objasn\u00ed informace a vy\u0159e\u0161\u00ed p\u0159\u00edpadn\u00e9 dotazy, kter\u00e9 se mohou objevit b\u011bhem auditu.<br \/>\n\u2022 Kontrola intern\u00edch proces\u016f: Prov\u00e1d\u00edme revizi va\u0161ich intern\u00edch kontrol a \u00fa\u010detn\u00edch proces\u016f, abychom identifikovali oblasti pro zlep\u0161en\u00ed a sn\u00ed\u017eili riziko chyb nebo podvod\u016f.<br \/>\n\u2022 Soulad s po\u017eadavky na audit: Zajist\u00edme, \u017ee va\u0161e firma spl\u0148uje v\u0161echny regula\u010dn\u00ed a specifick\u00e9 standardy po\u017eadovan\u00e9 pro auditn\u00ed proces.<br \/>\n\u2022 Anal\u00fdza finan\u010dn\u00edch v\u00fdkaz\u016f: Po auditu v\u00e1m pom\u016f\u017eeme interpretovat zji\u0161t\u011bn\u00ed a poskytneme doporu\u010den\u00ed pro zlep\u0161en\u00ed va\u0161ich finan\u010dn\u00edch v\u00fdkaz\u016f a podnikov\u00fdch operac\u00ed.<br \/>\nA\u0165 u\u017e pot\u0159ebujete pomoc p\u0159i p\u0159\u00edprav\u011b na extern\u00ed audit nebo intern\u00ed podporu p\u0159i auditu, n\u00e1\u0161 t\u00fdm v\u00e1s provede cel\u00fdm procesem a zajist\u00ed, \u017ee va\u0161e finan\u010dn\u00ed \u00fadaje budou p\u0159esn\u00e9 a v souladu s p\u0159edpisy.[\/vc_column_text][\/vc_column][\/vc_row]<\/p>\n<\/div>","protected":false},"excerpt":{"rendered":"<p>[vc_row css_animation=&#8220;fadeInUp&#8220;][vc_column][vc_column_text] Postup rekonstrukce a obnoven\u00ed \u00fa\u010detnictv\u00ed je velmi pracn\u00fd, a proto se prov\u00e1d\u00ed po etap\u00e1ch. V p\u0159edb\u011b\u017en\u00e9 f\u00e1zi pe\u010dliv\u011b analyzujeme situaci v \u00fa\u010detn\u00edm odd\u011blen\u00ed podniku klienta. Po zji\u0161t\u011bn\u00ed ur\u010dit\u00fdch chyb na\u0161i specialist\u00e9 upozorn\u00ed vlastn\u00edka a poskytnou podrobnou zpr\u00e1vu o rozsahu poru\u0161en\u00ed. To v\u00e1m umo\u017en\u00ed co nejv\u00edce zkr\u00e1tit dobu procedury.[\/vc_column_text][\/vc_column][\/vc_row][vc_row content_placement=&#8220;middle&#8220; css_animation=&#8220;fadeInUp&#8220;][vc_column width=&#8220;1\/2&#8243;][vc_column_text] Proces implementace<\/p>\n","protected":false},"author":1,"featured_media":19631,"parent":0,"menu_order":0,"comment_status":"closed","ping_status":"closed","template":"","meta":{"_acf_changed":false,"footnotes":""},"class_list":["post-14528","page","type-page","status-publish","hentry"],"acf":[],"yoast_head":"<!-- This site is optimized with the Yoast SEO plugin v27.3 - https:\/\/yoast.com\/product\/yoast-seo-wordpress\/ -->\n<title>Rekonstrukce \u00fa\u010detnictv\u00ed rychle a jednodu\u0161e v Praze<\/title>\n<meta name=\"description\" content=\"Nab\u00edz\u00edme komplexn\u00ed rekonstrukci \u00fa\u010detnictv\u00ed v Praze za v\u00fdhodnou cenu. V\u00edme jak vhodn\u011b pomoci i V\u00e1m \u010di va\u0161\u00ed spole\u010dnosti s rekonstrukc\u00ed \u00fa\u010detnictv\u00ed.\" \/>\n<meta name=\"robots\" content=\"index, follow, max-snippet:-1, max-image-preview:large, max-video-preview:-1\" \/>\n<link rel=\"canonical\" href=\"https:\/\/cz.f-chain.com\/cs\/rekonstrukce-ucetnictvi\/\" \/>\n<meta property=\"og:locale\" content=\"cs_CZ\" \/>\n<meta property=\"og:type\" content=\"article\" \/>\n<meta property=\"og:title\" content=\"Rekonstrukce \u00fa\u010detnictv\u00ed rychle a jednodu\u0161e v Praze\" \/>\n<meta property=\"og:description\" content=\"Nab\u00edz\u00edme komplexn\u00ed rekonstrukci \u00fa\u010detnictv\u00ed v Praze za v\u00fdhodnou cenu. V\u00edme jak vhodn\u011b pomoci i V\u00e1m \u010di va\u0161\u00ed spole\u010dnosti s rekonstrukc\u00ed \u00fa\u010detnictv\u00ed.\" \/>\n<meta property=\"og:url\" content=\"https:\/\/cz.f-chain.com\/cs\/rekonstrukce-ucetnictvi\/\" \/>\n<meta property=\"og:site_name\" content=\"FCHAIN\" \/>\n<meta property=\"article:modified_time\" content=\"2024-12-24T01:45:05+00:00\" \/>\n<meta property=\"og:image\" content=\"https:\/\/cz.f-chain.com\/wp-content\/uploads\/2021\/05\/fchain_stock_71-1-scaled.jpg\" \/>\n\t<meta property=\"og:image:width\" content=\"2560\" \/>\n\t<meta property=\"og:image:height\" content=\"1707\" \/>\n\t<meta property=\"og:image:type\" content=\"image\/jpeg\" \/>\n<meta name=\"twitter:card\" content=\"summary_large_image\" \/>\n<meta name=\"twitter:label1\" content=\"Odhadovan\u00e1 doba \u010dten\u00ed\" \/>\n\t<meta name=\"twitter:data1\" content=\"3 minuty\" \/>\n<script type=\"application\/ld+json\" class=\"yoast-schema-graph\">{\"@context\":\"https:\\\/\\\/schema.org\",\"@graph\":[{\"@type\":\"WebPage\",\"@id\":\"https:\\\/\\\/cz.f-chain.com\\\/cs\\\/rekonstrukce-ucetnictvi\\\/\",\"url\":\"https:\\\/\\\/cz.f-chain.com\\\/cs\\\/rekonstrukce-ucetnictvi\\\/\",\"name\":\"Rekonstrukce \u00fa\u010detnictv\u00ed rychle a jednodu\u0161e v Praze\",\"isPartOf\":{\"@id\":\"https:\\\/\\\/cz.f-chain.com\\\/#website\"},\"primaryImageOfPage\":{\"@id\":\"https:\\\/\\\/cz.f-chain.com\\\/cs\\\/rekonstrukce-ucetnictvi\\\/#primaryimage\"},\"image\":{\"@id\":\"https:\\\/\\\/cz.f-chain.com\\\/cs\\\/rekonstrukce-ucetnictvi\\\/#primaryimage\"},\"thumbnailUrl\":\"https:\\\/\\\/cz.f-chain.com\\\/wp-content\\\/uploads\\\/2021\\\/05\\\/fchain_stock_71-1-scaled.jpg\",\"datePublished\":\"2015-06-08T13:03:10+00:00\",\"dateModified\":\"2024-12-24T01:45:05+00:00\",\"description\":\"Nab\u00edz\u00edme komplexn\u00ed rekonstrukci \u00fa\u010detnictv\u00ed v Praze za v\u00fdhodnou cenu. V\u00edme jak vhodn\u011b pomoci i V\u00e1m \u010di va\u0161\u00ed spole\u010dnosti s rekonstrukc\u00ed \u00fa\u010detnictv\u00ed.\",\"breadcrumb\":{\"@id\":\"https:\\\/\\\/cz.f-chain.com\\\/cs\\\/rekonstrukce-ucetnictvi\\\/#breadcrumb\"},\"inLanguage\":\"cs\",\"potentialAction\":[{\"@type\":\"ReadAction\",\"target\":[\"https:\\\/\\\/cz.f-chain.com\\\/cs\\\/rekonstrukce-ucetnictvi\\\/\"]}]},{\"@type\":\"ImageObject\",\"inLanguage\":\"cs\",\"@id\":\"https:\\\/\\\/cz.f-chain.com\\\/cs\\\/rekonstrukce-ucetnictvi\\\/#primaryimage\",\"url\":\"https:\\\/\\\/cz.f-chain.com\\\/wp-content\\\/uploads\\\/2021\\\/05\\\/fchain_stock_71-1-scaled.jpg\",\"contentUrl\":\"https:\\\/\\\/cz.f-chain.com\\\/wp-content\\\/uploads\\\/2021\\\/05\\\/fchain_stock_71-1-scaled.jpg\",\"width\":2560,\"height\":1707},{\"@type\":\"BreadcrumbList\",\"@id\":\"https:\\\/\\\/cz.f-chain.com\\\/cs\\\/rekonstrukce-ucetnictvi\\\/#breadcrumb\",\"itemListElement\":[{\"@type\":\"ListItem\",\"position\":1,\"name\":\"Home\",\"item\":\"https:\\\/\\\/cz.f-chain.com\\\/cs\\\/\"},{\"@type\":\"ListItem\",\"position\":2,\"name\":\"Rekonstrukce \u00fa\u010detnictv\u00ed\"}]},{\"@type\":\"WebSite\",\"@id\":\"https:\\\/\\\/cz.f-chain.com\\\/#website\",\"url\":\"https:\\\/\\\/cz.f-chain.com\\\/\",\"name\":\"FCHAIN\",\"description\":\"Financial Chain Corporation in Czech Republic\",\"potentialAction\":[{\"@type\":\"SearchAction\",\"target\":{\"@type\":\"EntryPoint\",\"urlTemplate\":\"https:\\\/\\\/cz.f-chain.com\\\/?s={search_term_string}\"},\"query-input\":{\"@type\":\"PropertyValueSpecification\",\"valueRequired\":true,\"valueName\":\"search_term_string\"}}],\"inLanguage\":\"cs\"}]}<\/script>\n<!-- \/ Yoast SEO plugin. -->","yoast_head_json":{"title":"Rekonstrukce \u00fa\u010detnictv\u00ed rychle a jednodu\u0161e v Praze","description":"Nab\u00edz\u00edme komplexn\u00ed rekonstrukci \u00fa\u010detnictv\u00ed v Praze za v\u00fdhodnou cenu. V\u00edme jak vhodn\u011b pomoci i V\u00e1m \u010di va\u0161\u00ed spole\u010dnosti s rekonstrukc\u00ed \u00fa\u010detnictv\u00ed.","robots":{"index":"index","follow":"follow","max-snippet":"max-snippet:-1","max-image-preview":"max-image-preview:large","max-video-preview":"max-video-preview:-1"},"canonical":"https:\/\/cz.f-chain.com\/cs\/rekonstrukce-ucetnictvi\/","og_locale":"cs_CZ","og_type":"article","og_title":"Rekonstrukce \u00fa\u010detnictv\u00ed rychle a jednodu\u0161e v Praze","og_description":"Nab\u00edz\u00edme komplexn\u00ed rekonstrukci \u00fa\u010detnictv\u00ed v Praze za v\u00fdhodnou cenu. V\u00edme jak vhodn\u011b pomoci i V\u00e1m \u010di va\u0161\u00ed spole\u010dnosti s rekonstrukc\u00ed \u00fa\u010detnictv\u00ed.","og_url":"https:\/\/cz.f-chain.com\/cs\/rekonstrukce-ucetnictvi\/","og_site_name":"FCHAIN","article_modified_time":"2024-12-24T01:45:05+00:00","og_image":[{"width":2560,"height":1707,"url":"https:\/\/cz.f-chain.com\/wp-content\/uploads\/2021\/05\/fchain_stock_71-1-scaled.jpg","type":"image\/jpeg"}],"twitter_card":"summary_large_image","twitter_misc":{"Odhadovan\u00e1 doba \u010dten\u00ed":"3 minuty"},"schema":{"@context":"https:\/\/schema.org","@graph":[{"@type":"WebPage","@id":"https:\/\/cz.f-chain.com\/cs\/rekonstrukce-ucetnictvi\/","url":"https:\/\/cz.f-chain.com\/cs\/rekonstrukce-ucetnictvi\/","name":"Rekonstrukce \u00fa\u010detnictv\u00ed rychle a jednodu\u0161e v Praze","isPartOf":{"@id":"https:\/\/cz.f-chain.com\/#website"},"primaryImageOfPage":{"@id":"https:\/\/cz.f-chain.com\/cs\/rekonstrukce-ucetnictvi\/#primaryimage"},"image":{"@id":"https:\/\/cz.f-chain.com\/cs\/rekonstrukce-ucetnictvi\/#primaryimage"},"thumbnailUrl":"https:\/\/cz.f-chain.com\/wp-content\/uploads\/2021\/05\/fchain_stock_71-1-scaled.jpg","datePublished":"2015-06-08T13:03:10+00:00","dateModified":"2024-12-24T01:45:05+00:00","description":"Nab\u00edz\u00edme komplexn\u00ed rekonstrukci \u00fa\u010detnictv\u00ed v Praze za v\u00fdhodnou cenu. V\u00edme jak vhodn\u011b pomoci i V\u00e1m \u010di va\u0161\u00ed spole\u010dnosti s rekonstrukc\u00ed \u00fa\u010detnictv\u00ed.","breadcrumb":{"@id":"https:\/\/cz.f-chain.com\/cs\/rekonstrukce-ucetnictvi\/#breadcrumb"},"inLanguage":"cs","potentialAction":[{"@type":"ReadAction","target":["https:\/\/cz.f-chain.com\/cs\/rekonstrukce-ucetnictvi\/"]}]},{"@type":"ImageObject","inLanguage":"cs","@id":"https:\/\/cz.f-chain.com\/cs\/rekonstrukce-ucetnictvi\/#primaryimage","url":"https:\/\/cz.f-chain.com\/wp-content\/uploads\/2021\/05\/fchain_stock_71-1-scaled.jpg","contentUrl":"https:\/\/cz.f-chain.com\/wp-content\/uploads\/2021\/05\/fchain_stock_71-1-scaled.jpg","width":2560,"height":1707},{"@type":"BreadcrumbList","@id":"https:\/\/cz.f-chain.com\/cs\/rekonstrukce-ucetnictvi\/#breadcrumb","itemListElement":[{"@type":"ListItem","position":1,"name":"Home","item":"https:\/\/cz.f-chain.com\/cs\/"},{"@type":"ListItem","position":2,"name":"Rekonstrukce \u00fa\u010detnictv\u00ed"}]},{"@type":"WebSite","@id":"https:\/\/cz.f-chain.com\/#website","url":"https:\/\/cz.f-chain.com\/","name":"FCHAIN","description":"Financial Chain Corporation in Czech Republic","potentialAction":[{"@type":"SearchAction","target":{"@type":"EntryPoint","urlTemplate":"https:\/\/cz.f-chain.com\/?s={search_term_string}"},"query-input":{"@type":"PropertyValueSpecification","valueRequired":true,"valueName":"search_term_string"}}],"inLanguage":"cs"}]}},"_links":{"self":[{"href":"https:\/\/cz.f-chain.com\/cs\/wp-json\/wp\/v2\/pages\/14528","targetHints":{"allow":["GET"]}}],"collection":[{"href":"https:\/\/cz.f-chain.com\/cs\/wp-json\/wp\/v2\/pages"}],"about":[{"href":"https:\/\/cz.f-chain.com\/cs\/wp-json\/wp\/v2\/types\/page"}],"author":[{"embeddable":true,"href":"https:\/\/cz.f-chain.com\/cs\/wp-json\/wp\/v2\/users\/1"}],"replies":[{"embeddable":true,"href":"https:\/\/cz.f-chain.com\/cs\/wp-json\/wp\/v2\/comments?post=14528"}],"version-history":[{"count":20,"href":"https:\/\/cz.f-chain.com\/cs\/wp-json\/wp\/v2\/pages\/14528\/revisions"}],"predecessor-version":[{"id":20678,"href":"https:\/\/cz.f-chain.com\/cs\/wp-json\/wp\/v2\/pages\/14528\/revisions\/20678"}],"wp:featuredmedia":[{"embeddable":true,"href":"https:\/\/cz.f-chain.com\/cs\/wp-json\/wp\/v2\/media\/19631"}],"wp:attachment":[{"href":"https:\/\/cz.f-chain.com\/cs\/wp-json\/wp\/v2\/media?parent=14528"}],"curies":[{"name":"wp","href":"https:\/\/api.w.org\/{rel}","templated":true}]}}