{"id":14525,"date":"2015-06-08T18:00:04","date_gmt":"2015-06-08T13:00:04","guid":{"rendered":"http:\/\/cacs.svvm.com\/recording-processing-2\/"},"modified":"2025-11-18T11:24:24","modified_gmt":"2025-11-18T11:24:24","slug":"recording-processing","status":"publish","type":"page","link":"https:\/\/cz.f-chain.com\/cs\/recording-processing\/","title":{"rendered":"Zpracov\u00e1n\u00ed da\u0148ov\u00e9ho p\u0159izn\u00e1n\u00ed a da\u0148ov\u00e1 optimalizace"},"content":{"rendered":"<div class=\"wpb-content-wrapper\"><p>[vc_row][vc_column][vc_column_text css_animation=&#8220;fadeInUp&#8220;]<\/p>\n<h3><strong>Vyhotoven\u00ed da\u0148ov\u00e9ho p\u0159izn\u00e1n\u00ed<\/strong>\u00a0je nutn\u00e9 jak sou\u010d\u00e1st \u00fa\u010detn\u00ed a da\u0148ov\u00e9 evidence. Tento \u00fakol je sou\u010d\u00e1st\u00ed na\u0161ich standardn\u00edch slu\u017eeb.<\/h3>\n<p>P\u0159iprav\u00edme za V\u00e1s p\u0159izn\u00e1n\u00ed k dani z p\u0159\u00edjmu, k dani z p\u0159idan\u00e9 hodnoty, silni\u010dn\u00ed dani, dani z nemovitosti, darovac\u00ed dani nebo dani z p\u0159evodu nemovitosti. Garantujeme spr\u00e1vnost vypln\u011bn\u00fdch p\u0159izn\u00e1n\u00ed a jejich v\u010dasn\u00e9 pod\u00e1n\u00ed p\u0159\u00edslu\u0161n\u00fdm finan\u010dn\u00edm \u00fa\u0159ad\u016fm.[\/vc_column_text][\/vc_column][\/vc_row][vc_row content_placement=&#8220;middle&#8220;][vc_column width=&#8220;1\/2&#8243;][vc_column_text css_animation=&#8220;fadeInLeft&#8220;]<\/p>\n<h2>Kdo mus\u00ed podat da\u0148ov\u00e9 p\u0159izn\u00e1n\u00ed? Osoby, kter\u00e9 maj\u00ed:<\/h2>\n<ul class=\"ul-gray\">\n<li>p\u0159\u00edjmy ze z\u00e1visl\u00e9 \u010dinnosti a funk\u010dn\u00ed po\u017eitky (\u00a7 6 z\u00e1kona o dan\u00edch z p\u0159\u00edjm\u016f)<\/li>\n<li>p\u0159\u00edjmy z obchodn\u00ed \u010dinnosti a jin\u00fdch nez\u00e1visl\u00fdch \u010dinnost\u00ed generuj\u00edc\u00edch p\u0159\u00edjem (\u00a7 7 z\u00e1kona o dan\u00edch z p\u0159\u00edjm\u016f)<\/li>\n<li>kapit\u00e1lov\u00e9 v\u00fdnosy (\u00a7 8 z\u00e1kona o dan\u00edch z p\u0159\u00edjm\u016f)<\/li>\n<li>p\u0159\u00edjmy z pron\u00e1jmu (\u00a7 9 z\u00e1kona o dan\u00edch z p\u0159\u00edjm\u016f)<\/li>\n<li>jin\u00e9 p\u0159\u00edjmy (\u00a7 10 z\u00e1kona o dan\u00edch z p\u0159\u00edjm\u016f).<\/li>\n<\/ul>\n<p>&nbsp;<\/p>\n<p>Jako p\u0159\u00edjem se rozum\u00ed p\u0159\u00edjmy v pen\u011b\u017eit\u00e9 i nepen\u011b\u017eit\u00e9 form\u011b, obdr\u017een\u00e9 t\u00e9\u017e v\u00fdm\u011bnou. P\u0159\u00edjem v nepen\u011b\u017eit\u00e9 form\u011b je ocen\u011bn v souladu se zvl\u00e1\u0161tn\u00edm z\u00e1konem, kter\u00fdm je z\u00e1kon o oce\u0148ov\u00e1n\u00ed majetku.[\/vc_column_text][\/vc_column][vc_column width=&#8220;1\/2&#8243;][vc_single_image image=&#8220;19692&#8243; img_size=&#8220;full&#8220; css_animation=&#8220;fadeInRight&#8220;][\/vc_column][\/vc_row][vc_row content_placement=&#8220;middle&#8220;][vc_column width=&#8220;1\/2&#8243;][vc_single_image image=&#8220;19696&#8243; img_size=&#8220;full&#8220; css_animation=&#8220;fadeInDown&#8220;][\/vc_column][vc_column width=&#8220;1\/2&#8243;][vc_column_text css_animation=&#8220;fadeInRight&#8220;]<\/p>\n<h3><strong>Optimalizace zdan\u011bn\u00ed<\/strong><\/h3>\n<p>S ohledem na ka\u017ed\u00e9ho jednotliv\u00e9ho podnikatele nebo obchodn\u00edka pe\u010dliv\u011b analyzujeme, zda je jeho \u010dinnost pouze vedlej\u0161\u00ed \u010dinnost\u00ed nebo zda je podnikatelem se stovkami dokument\u016f m\u011bs\u00ed\u010dn\u011b, zda provozuje sklad, m\u00e1 n\u011bkolik obchodn\u00edch \u00fa\u010dt\u016f a zda je pl\u00e1tcem DPH. Pokud si nejste jisti, jak\u00e9 povinnosti v\u00e1m legislativa ukl\u00e1d\u00e1 a zda je pro v\u00e1s podvojn\u00e9 \u00fa\u010detnictv\u00ed nezbytn\u00e9 nebo dostate\u010dn\u00e9, m\u016f\u017eete n\u00e1s rovn\u011b\u017e kontaktovat a n\u00e1\u0161 t\u00fdm vy\u0161kolen\u00fdch profesion\u00e1l\u016f v\u00e1m poskytne odbornou radu a pot\u00e9 v\u00e1m nab\u00eddne kvalifikovan\u00e9 slu\u017eby da\u0148ov\u00e9 a \u00fa\u010detn\u00ed evidence.<\/p>\n<p>Poskytneme v\u00e1m veden\u00ed b\u011b\u017en\u00e9 da\u0148ov\u00e9 evidence a p\u0159evod z da\u0148ov\u00e9 evidence do veden\u00ed \u00fa\u010detnictv\u00ed nebo naopak. M\u016f\u017eeme rovn\u011b\u017e poskytnout p\u0159echod z pau\u0161\u00e1ln\u00edch procentn\u00edch n\u00e1klad\u016f do da\u0148ov\u00e9 evidence a naopak.<\/p>\n<p>Na\u0161e spole\u010dnost v\u00e1m poskytne komplexn\u00ed da\u0148ovou evidenci a pokud to bude nezbytn\u00e9, obnoven\u00ed \u00fa\u010detn\u00edch dokument\u016f. V\u0161e bude p\u0159ipraveno v \u010dasov\u00e9m r\u00e1mci dohodnut\u00e9m p\u0159edem nebo stanoven\u00e9m z\u00e1konem, tj. m\u011bs\u00ed\u010dn\u011b nebo \u010dtvrtletn\u011b. Da\u0148ov\u00e1 evidence, d\u0159\u00edve jednoduch\u00e9 \u00fa\u010detnictv\u00ed, nen\u00ed upravena z\u00e1konem o \u00fa\u010detnictv\u00ed, ale z\u00e1konem o dan\u00edch z p\u0159\u00edjm\u016f, co\u017e znamen\u00e1, \u017ee tento z\u00e1kon upravuje pouze jej\u00ed obsah, ale nikoli formu. Proto pro v\u00e1s m\u016f\u017eeme zm\u011bnit formu da\u0148ov\u00e9 evidence v souladu s va\u0161imi individu\u00e1ln\u00edmi po\u017eadavky.[\/vc_column_text][\/vc_column][\/vc_row][vc_row][vc_column][vc_column_text css_animation=&#8220;fadeInUp&#8220;]V p\u0159\u00edpad\u011b auditu ze strany Finan\u010dn\u00ed spr\u00e1vy pro V\u00e1s budou n\u00e1mi vyhotoven\u00e9 da\u0148ov\u00e9 v\u00fdkazy u\u017eite\u010dn\u00e9 p\u0159i prezentov\u00e1n\u00ed a potvrzov\u00e1n\u00ed spln\u011bn\u00ed podm\u00ednek stanoven\u00fdch z\u00e1konem o dan\u00edch z p\u0159\u00edjm\u016f.<\/p>\n<p>Specialist\u00e9 z Financial Chain Corporation jsou ochotni v\u00e1m pomoci p\u0159i p\u0159\u00edprav\u011b a pod\u00e1n\u00ed da\u0148ov\u00fdch a \u00fa\u010detn\u00edch v\u00fdkaz\u016f nejenom v Praze, ale v cel\u00e9 \u010cesk\u00e9 republice.[\/vc_column_text][\/vc_column][\/vc_row]<\/p>\n<\/div>","protected":false},"excerpt":{"rendered":"<p>[vc_row][vc_column][vc_column_text css_animation=&#8220;fadeInUp&#8220;] Vyhotoven\u00ed da\u0148ov\u00e9ho p\u0159izn\u00e1n\u00ed\u00a0je nutn\u00e9 jak sou\u010d\u00e1st \u00fa\u010detn\u00ed a da\u0148ov\u00e9 evidence. Tento \u00fakol je sou\u010d\u00e1st\u00ed na\u0161ich standardn\u00edch slu\u017eeb. P\u0159iprav\u00edme za V\u00e1s p\u0159izn\u00e1n\u00ed k dani z p\u0159\u00edjmu, k dani z p\u0159idan\u00e9 hodnoty, silni\u010dn\u00ed dani, dani z nemovitosti, darovac\u00ed dani nebo dani z p\u0159evodu nemovitosti. Garantujeme spr\u00e1vnost vypln\u011bn\u00fdch p\u0159izn\u00e1n\u00ed a jejich v\u010dasn\u00e9 pod\u00e1n\u00ed p\u0159\u00edslu\u0161n\u00fdm finan\u010dn\u00edm \u00fa\u0159ad\u016fm.[\/vc_column_text][\/vc_column][\/vc_row][vc_row<\/p>\n","protected":false},"author":1,"featured_media":19702,"parent":0,"menu_order":0,"comment_status":"closed","ping_status":"closed","template":"","meta":{"_acf_changed":false,"footnotes":""},"class_list":["post-14525","page","type-page","status-publish","hentry"],"acf":[],"yoast_head":"<!-- This site is optimized with the Yoast SEO plugin v27.3 - https:\/\/yoast.com\/product\/yoast-seo-wordpress\/ -->\n<title>Preparation of annual tax reports and tax optimization<\/title>\n<meta name=\"description\" content=\"You can safely entrust the recording and processing to our experts. Processing and drawing up of recording it is hard work that leaves no right for a mistake. Fortunately, we have an extensive experience in accounting and consulting.\" \/>\n<meta name=\"robots\" content=\"index, follow, max-snippet:-1, max-image-preview:large, max-video-preview:-1\" \/>\n<link rel=\"canonical\" href=\"https:\/\/cz.f-chain.com\/cs\/recording-processing\/\" \/>\n<meta property=\"og:locale\" content=\"cs_CZ\" \/>\n<meta property=\"og:type\" content=\"article\" \/>\n<meta property=\"og:title\" content=\"Preparation of annual tax reports and tax optimization\" \/>\n<meta property=\"og:description\" content=\"You can safely entrust the recording and processing to our experts. Processing and drawing up of recording it is hard work that leaves no right for a mistake. Fortunately, we have an extensive experience in accounting and consulting.\" \/>\n<meta property=\"og:url\" content=\"https:\/\/cz.f-chain.com\/cs\/recording-processing\/\" \/>\n<meta property=\"og:site_name\" content=\"FCHAIN\" \/>\n<meta property=\"article:modified_time\" content=\"2025-11-18T11:24:24+00:00\" \/>\n<meta property=\"og:image\" content=\"https:\/\/cz.f-chain.com\/wp-content\/uploads\/2021\/05\/fchain_stock_49-scaled-e1621918143854.jpg\" \/>\n\t<meta property=\"og:image:width\" content=\"2560\" \/>\n\t<meta property=\"og:image:height\" content=\"1707\" \/>\n\t<meta property=\"og:image:type\" content=\"image\/jpeg\" \/>\n<meta name=\"twitter:card\" content=\"summary_large_image\" \/>\n<meta name=\"twitter:label1\" content=\"Odhadovan\u00e1 doba \u010dten\u00ed\" \/>\n\t<meta name=\"twitter:data1\" content=\"3 minuty\" \/>\n<script type=\"application\/ld+json\" class=\"yoast-schema-graph\">{\"@context\":\"https:\\\/\\\/schema.org\",\"@graph\":[{\"@type\":\"WebPage\",\"@id\":\"https:\\\/\\\/cz.f-chain.com\\\/cs\\\/recording-processing\\\/\",\"url\":\"https:\\\/\\\/cz.f-chain.com\\\/cs\\\/recording-processing\\\/\",\"name\":\"Preparation of annual tax reports and tax optimization\",\"isPartOf\":{\"@id\":\"https:\\\/\\\/cz.f-chain.com\\\/#website\"},\"primaryImageOfPage\":{\"@id\":\"https:\\\/\\\/cz.f-chain.com\\\/cs\\\/recording-processing\\\/#primaryimage\"},\"image\":{\"@id\":\"https:\\\/\\\/cz.f-chain.com\\\/cs\\\/recording-processing\\\/#primaryimage\"},\"thumbnailUrl\":\"https:\\\/\\\/cz.f-chain.com\\\/wp-content\\\/uploads\\\/2021\\\/05\\\/fchain_stock_49-scaled-e1621918143854.jpg\",\"datePublished\":\"2015-06-08T13:00:04+00:00\",\"dateModified\":\"2025-11-18T11:24:24+00:00\",\"description\":\"You can safely entrust the recording and processing to our experts. Processing and drawing up of recording it is hard work that leaves no right for a mistake. Fortunately, we have an extensive experience in accounting and consulting.\",\"breadcrumb\":{\"@id\":\"https:\\\/\\\/cz.f-chain.com\\\/cs\\\/recording-processing\\\/#breadcrumb\"},\"inLanguage\":\"cs\",\"potentialAction\":[{\"@type\":\"ReadAction\",\"target\":[\"https:\\\/\\\/cz.f-chain.com\\\/cs\\\/recording-processing\\\/\"]}]},{\"@type\":\"ImageObject\",\"inLanguage\":\"cs\",\"@id\":\"https:\\\/\\\/cz.f-chain.com\\\/cs\\\/recording-processing\\\/#primaryimage\",\"url\":\"https:\\\/\\\/cz.f-chain.com\\\/wp-content\\\/uploads\\\/2021\\\/05\\\/fchain_stock_49-scaled-e1621918143854.jpg\",\"contentUrl\":\"https:\\\/\\\/cz.f-chain.com\\\/wp-content\\\/uploads\\\/2021\\\/05\\\/fchain_stock_49-scaled-e1621918143854.jpg\",\"width\":2560,\"height\":1707,\"caption\":\"Smart businessman using and looking at digital tablet in city, standing against illuminated financial skyscrapers at night time.\"},{\"@type\":\"BreadcrumbList\",\"@id\":\"https:\\\/\\\/cz.f-chain.com\\\/cs\\\/recording-processing\\\/#breadcrumb\",\"itemListElement\":[{\"@type\":\"ListItem\",\"position\":1,\"name\":\"Home\",\"item\":\"https:\\\/\\\/cz.f-chain.com\\\/cs\\\/\"},{\"@type\":\"ListItem\",\"position\":2,\"name\":\"Zpracov\u00e1n\u00ed da\u0148ov\u00e9ho p\u0159izn\u00e1n\u00ed a da\u0148ov\u00e1 optimalizace\"}]},{\"@type\":\"WebSite\",\"@id\":\"https:\\\/\\\/cz.f-chain.com\\\/#website\",\"url\":\"https:\\\/\\\/cz.f-chain.com\\\/\",\"name\":\"FCHAIN\",\"description\":\"Financial Chain Corporation in Czech Republic\",\"potentialAction\":[{\"@type\":\"SearchAction\",\"target\":{\"@type\":\"EntryPoint\",\"urlTemplate\":\"https:\\\/\\\/cz.f-chain.com\\\/?s={search_term_string}\"},\"query-input\":{\"@type\":\"PropertyValueSpecification\",\"valueRequired\":true,\"valueName\":\"search_term_string\"}}],\"inLanguage\":\"cs\"}]}<\/script>\n<!-- \/ Yoast SEO plugin. -->","yoast_head_json":{"title":"Preparation of annual tax reports and tax optimization","description":"You can safely entrust the recording and processing to our experts. Processing and drawing up of recording it is hard work that leaves no right for a mistake. Fortunately, we have an extensive experience in accounting and consulting.","robots":{"index":"index","follow":"follow","max-snippet":"max-snippet:-1","max-image-preview":"max-image-preview:large","max-video-preview":"max-video-preview:-1"},"canonical":"https:\/\/cz.f-chain.com\/cs\/recording-processing\/","og_locale":"cs_CZ","og_type":"article","og_title":"Preparation of annual tax reports and tax optimization","og_description":"You can safely entrust the recording and processing to our experts. Processing and drawing up of recording it is hard work that leaves no right for a mistake. Fortunately, we have an extensive experience in accounting and consulting.","og_url":"https:\/\/cz.f-chain.com\/cs\/recording-processing\/","og_site_name":"FCHAIN","article_modified_time":"2025-11-18T11:24:24+00:00","og_image":[{"width":2560,"height":1707,"url":"https:\/\/cz.f-chain.com\/wp-content\/uploads\/2021\/05\/fchain_stock_49-scaled-e1621918143854.jpg","type":"image\/jpeg"}],"twitter_card":"summary_large_image","twitter_misc":{"Odhadovan\u00e1 doba \u010dten\u00ed":"3 minuty"},"schema":{"@context":"https:\/\/schema.org","@graph":[{"@type":"WebPage","@id":"https:\/\/cz.f-chain.com\/cs\/recording-processing\/","url":"https:\/\/cz.f-chain.com\/cs\/recording-processing\/","name":"Preparation of annual tax reports and tax optimization","isPartOf":{"@id":"https:\/\/cz.f-chain.com\/#website"},"primaryImageOfPage":{"@id":"https:\/\/cz.f-chain.com\/cs\/recording-processing\/#primaryimage"},"image":{"@id":"https:\/\/cz.f-chain.com\/cs\/recording-processing\/#primaryimage"},"thumbnailUrl":"https:\/\/cz.f-chain.com\/wp-content\/uploads\/2021\/05\/fchain_stock_49-scaled-e1621918143854.jpg","datePublished":"2015-06-08T13:00:04+00:00","dateModified":"2025-11-18T11:24:24+00:00","description":"You can safely entrust the recording and processing to our experts. Processing and drawing up of recording it is hard work that leaves no right for a mistake. Fortunately, we have an extensive experience in accounting and consulting.","breadcrumb":{"@id":"https:\/\/cz.f-chain.com\/cs\/recording-processing\/#breadcrumb"},"inLanguage":"cs","potentialAction":[{"@type":"ReadAction","target":["https:\/\/cz.f-chain.com\/cs\/recording-processing\/"]}]},{"@type":"ImageObject","inLanguage":"cs","@id":"https:\/\/cz.f-chain.com\/cs\/recording-processing\/#primaryimage","url":"https:\/\/cz.f-chain.com\/wp-content\/uploads\/2021\/05\/fchain_stock_49-scaled-e1621918143854.jpg","contentUrl":"https:\/\/cz.f-chain.com\/wp-content\/uploads\/2021\/05\/fchain_stock_49-scaled-e1621918143854.jpg","width":2560,"height":1707,"caption":"Smart businessman using and looking at digital tablet in city, standing against illuminated financial skyscrapers at night time."},{"@type":"BreadcrumbList","@id":"https:\/\/cz.f-chain.com\/cs\/recording-processing\/#breadcrumb","itemListElement":[{"@type":"ListItem","position":1,"name":"Home","item":"https:\/\/cz.f-chain.com\/cs\/"},{"@type":"ListItem","position":2,"name":"Zpracov\u00e1n\u00ed da\u0148ov\u00e9ho p\u0159izn\u00e1n\u00ed a da\u0148ov\u00e1 optimalizace"}]},{"@type":"WebSite","@id":"https:\/\/cz.f-chain.com\/#website","url":"https:\/\/cz.f-chain.com\/","name":"FCHAIN","description":"Financial Chain Corporation in Czech Republic","potentialAction":[{"@type":"SearchAction","target":{"@type":"EntryPoint","urlTemplate":"https:\/\/cz.f-chain.com\/?s={search_term_string}"},"query-input":{"@type":"PropertyValueSpecification","valueRequired":true,"valueName":"search_term_string"}}],"inLanguage":"cs"}]}},"_links":{"self":[{"href":"https:\/\/cz.f-chain.com\/cs\/wp-json\/wp\/v2\/pages\/14525","targetHints":{"allow":["GET"]}}],"collection":[{"href":"https:\/\/cz.f-chain.com\/cs\/wp-json\/wp\/v2\/pages"}],"about":[{"href":"https:\/\/cz.f-chain.com\/cs\/wp-json\/wp\/v2\/types\/page"}],"author":[{"embeddable":true,"href":"https:\/\/cz.f-chain.com\/cs\/wp-json\/wp\/v2\/users\/1"}],"replies":[{"embeddable":true,"href":"https:\/\/cz.f-chain.com\/cs\/wp-json\/wp\/v2\/comments?post=14525"}],"version-history":[{"count":15,"href":"https:\/\/cz.f-chain.com\/cs\/wp-json\/wp\/v2\/pages\/14525\/revisions"}],"predecessor-version":[{"id":37687,"href":"https:\/\/cz.f-chain.com\/cs\/wp-json\/wp\/v2\/pages\/14525\/revisions\/37687"}],"wp:featuredmedia":[{"embeddable":true,"href":"https:\/\/cz.f-chain.com\/cs\/wp-json\/wp\/v2\/media\/19702"}],"wp:attachment":[{"href":"https:\/\/cz.f-chain.com\/cs\/wp-json\/wp\/v2\/media?parent=14525"}],"curies":[{"name":"wp","href":"https:\/\/api.w.org\/{rel}","templated":true}]}}