{"id":14515,"date":"2015-06-08T17:49:40","date_gmt":"2015-06-08T12:49:40","guid":{"rendered":"http:\/\/cacs.svvm.com\/legal-services-2\/"},"modified":"2022-12-08T07:32:33","modified_gmt":"2022-12-08T07:32:33","slug":"pravni-sluzby","status":"publish","type":"page","link":"https:\/\/cz.f-chain.com\/cs\/pravni-sluzby\/","title":{"rendered":"Pr\u00e1vn\u00ed slu\u017eby"},"content":{"rendered":"<div class=\"wpb-content-wrapper\"><p>[vc_row css_animation=&#8220;fadeInUp&#8220;][vc_column][vc_column_text]<\/p>\n<h3>V modern\u00edm sv\u011bt\u011b se \u017e\u00e1dn\u00e1 spolupr\u00e1ce mezi spole\u010dnostmi neobejde bez kompetentn\u00ed pr\u00e1vn\u00ed podpory. Praxe ukazuje, \u017ee v podnik\u00e1n\u00ed je obt\u00ed\u017en\u00e9 p\u0159edv\u00eddat v\u0161echna mo\u017en\u00e1 rizika.\u00a0 Proto je d\u016fle\u017eit\u00e9 z\u00edskat podporu profesion\u00e1l\u016f FCHAIN, kte\u0159\u00ed v\u00e1m porad\u00ed a pomohou vyhnout se mo\u017en\u00fdm ztr\u00e1t\u00e1m a probl\u00e9m\u016fm. Na\u0161e spole\u010dnost poskytuje \u0161irokou \u0161k\u00e1lu pr\u00e1vn\u00edch slu\u017eeb, d\u00edky nim\u017e bude va\u0161e podnik\u00e1n\u00ed jednoduch\u00e9 a bezpe\u010dn\u00e9.<\/h3>\n<p>Financial Chain Corporation poskytuje pr\u00e1vn\u00ed slu\u017eby spole\u010dnostem a soukrom\u00fdm podnikatel\u016fm v r\u016fzn\u00fdch oblastech podnik\u00e1n\u00ed ji\u017e v\u00edce ne\u017e 15 let.[\/vc_column_text][\/vc_column][\/vc_row][vc_row content_placement=&#8220;middle&#8220; css_animation=&#8220;fadeInUp&#8220;][vc_column width=&#8220;1\/2&#8243;][vc_column_text]<\/p>\n<h3><strong>K vytvo\u0159en\u00ed pevn\u00e9ho pr\u00e1vn\u00edho z\u00e1kladu pro na\u0161e klienty nab\u00edz\u00edme n\u00e1sleduj\u00edc\u00ed slu\u017eby:<\/strong><\/h3>\n<ul class=\"ul-gray\">\n<li>Registrace spole\u010dnost\u00ed a jednotliv\u00fdch podnikatel\u016f<\/li>\n<li>Pr\u00e1vn\u00ed kontrola statut\u00e1rn\u00edch dokument\u016f<\/li>\n<li>Zaveden\u00ed zm\u011bn v z\u00e1kladn\u00edch dokumentech<\/li>\n<li>Apostila a legalizace dokument\u016f<\/li>\n<li>P\u0159\u00edprava a \u00faprava smluv<\/li>\n<li>P\u0159\u00edprava a zm\u011bna pracovn\u00edch smluv v souladu s \u010desk\u00fdm pr\u00e1vem<\/li>\n<li>Zm\u011bna z\u00e1kladn\u00edho kapit\u00e1lu<\/li>\n<li>Zm\u011bna jednatel\u016f<\/li>\n<li>Zm\u011bna spole\u010dn\u00edk\u016f<\/li>\n<li>Zm\u011bna akcion\u00e1\u0159\u016f<\/li>\n<li>Poskytnut\u00ed adresy s\u00eddla<\/li>\n<li>Zm\u011bna s\u00eddla<\/li>\n<li>Zm\u011bna nebo p\u0159id\u00e1n\u00ed \u017eivnost\u00ed<\/li>\n<\/ul>\n<p>T\u00fdm profesion\u00e1l\u016f FCHAIN vy\u0159e\u0161\u00ed pr\u00e1vn\u00ed probl\u00e9m jak\u00e9koli slo\u017eitosti.<\/p>\n<p>Ka\u017ed\u00fd den se zlep\u0161ujeme, studujeme sou\u010dasnou legislativu a z\u00edsk\u00e1v\u00e1me zku\u0161enosti v pr\u00e1vn\u00edch v\u011bcech.<\/p>\n<p>T\u011b\u0161\u00edme se na va\u0161e dotazy a jsme p\u0159ipraveni v\u00e1m pomoci![\/vc_column_text][\/vc_column][vc_column width=&#8220;1\/2&#8243;][vc_single_image image=&#8220;19833&#8243; img_size=&#8220;full&#8220;][\/vc_column][\/vc_row]<\/p>\n<\/div>","protected":false},"excerpt":{"rendered":"<p>[vc_row css_animation=&#8220;fadeInUp&#8220;][vc_column][vc_column_text] V modern\u00edm sv\u011bt\u011b se \u017e\u00e1dn\u00e1 spolupr\u00e1ce mezi spole\u010dnostmi neobejde bez kompetentn\u00ed pr\u00e1vn\u00ed podpory. Praxe ukazuje, \u017ee v podnik\u00e1n\u00ed je obt\u00ed\u017en\u00e9 p\u0159edv\u00eddat v\u0161echna mo\u017en\u00e1 rizika.\u00a0 Proto je d\u016fle\u017eit\u00e9 z\u00edskat podporu profesion\u00e1l\u016f FCHAIN, kte\u0159\u00ed v\u00e1m porad\u00ed a pomohou vyhnout se mo\u017en\u00fdm ztr\u00e1t\u00e1m a probl\u00e9m\u016fm. Na\u0161e spole\u010dnost poskytuje \u0161irokou \u0161k\u00e1lu pr\u00e1vn\u00edch slu\u017eeb, d\u00edky nim\u017e bude va\u0161e<\/p>\n","protected":false},"author":1,"featured_media":19836,"parent":0,"menu_order":0,"comment_status":"closed","ping_status":"closed","template":"","meta":{"_acf_changed":false,"footnotes":""},"class_list":["post-14515","page","type-page","status-publish","hentry"],"acf":[],"yoast_head":"<!-- This site is optimized with the Yoast SEO plugin v27.3 - https:\/\/yoast.com\/product\/yoast-seo-wordpress\/ -->\n<title>Pr\u00e1vn\u00ed slu\u017eby v Praze - Financial Chain Corporation - \u010cesk\u00e1 republika<\/title>\n<meta name=\"description\" content=\"Poskytujeme pravn\u00ed slu\u017eby jak soukrom\u00fdm osobam, tak i velk\u00fdm spole\u010dnostem v Praze. M\u00e1me bohat\u00e9 zku\u0161enosti v r\u016fzn\u00fdch odv\u011btv\u00edch dan\u00e9ho oboru.\" \/>\n<meta name=\"robots\" content=\"index, follow, max-snippet:-1, max-image-preview:large, max-video-preview:-1\" \/>\n<link rel=\"canonical\" href=\"https:\/\/cz.f-chain.com\/legal-services\/\" \/>\n<meta property=\"og:locale\" content=\"cs_CZ\" \/>\n<meta property=\"og:type\" content=\"article\" \/>\n<meta property=\"og:title\" content=\"Pr\u00e1vn\u00ed slu\u017eby v Praze - Financial Chain Corporation - \u010cesk\u00e1 republika\" \/>\n<meta property=\"og:description\" content=\"Poskytujeme pravn\u00ed slu\u017eby jak soukrom\u00fdm osobam, tak i velk\u00fdm spole\u010dnostem v Praze. M\u00e1me bohat\u00e9 zku\u0161enosti v r\u016fzn\u00fdch odv\u011btv\u00edch dan\u00e9ho oboru.\" \/>\n<meta property=\"og:url\" content=\"https:\/\/cz.f-chain.com\/legal-services\/\" \/>\n<meta property=\"og:site_name\" content=\"FCHAIN\" \/>\n<meta property=\"article:modified_time\" content=\"2022-12-08T07:32:33+00:00\" \/>\n<meta property=\"og:image\" content=\"https:\/\/cz.f-chain.com\/wp-content\/uploads\/2021\/05\/fchain_stock_3-scaled-e1622109242277.jpg\" \/>\n\t<meta property=\"og:image:width\" content=\"2560\" \/>\n\t<meta property=\"og:image:height\" content=\"1276\" \/>\n\t<meta property=\"og:image:type\" content=\"image\/jpeg\" \/>\n<meta name=\"twitter:card\" content=\"summary_large_image\" \/>\n<meta name=\"twitter:label1\" content=\"Odhadovan\u00e1 doba \u010dten\u00ed\" \/>\n\t<meta name=\"twitter:data1\" content=\"1 minuta\" \/>\n<script type=\"application\/ld+json\" class=\"yoast-schema-graph\">{\"@context\":\"https:\\\/\\\/schema.org\",\"@graph\":[{\"@type\":\"WebPage\",\"@id\":\"https:\\\/\\\/cz.f-chain.com\\\/legal-services\\\/\",\"url\":\"https:\\\/\\\/cz.f-chain.com\\\/legal-services\\\/\",\"name\":\"Pr\u00e1vn\u00ed slu\u017eby v Praze - Financial Chain Corporation - \u010cesk\u00e1 republika\",\"isPartOf\":{\"@id\":\"https:\\\/\\\/cz.f-chain.com\\\/#website\"},\"primaryImageOfPage\":{\"@id\":\"https:\\\/\\\/cz.f-chain.com\\\/legal-services\\\/#primaryimage\"},\"image\":{\"@id\":\"https:\\\/\\\/cz.f-chain.com\\\/legal-services\\\/#primaryimage\"},\"thumbnailUrl\":\"https:\\\/\\\/cz.f-chain.com\\\/wp-content\\\/uploads\\\/2021\\\/05\\\/fchain_stock_3-scaled-e1622109242277.jpg\",\"datePublished\":\"2015-06-08T12:49:40+00:00\",\"dateModified\":\"2022-12-08T07:32:33+00:00\",\"description\":\"Poskytujeme pravn\u00ed slu\u017eby jak soukrom\u00fdm osobam, tak i velk\u00fdm spole\u010dnostem v Praze. M\u00e1me bohat\u00e9 zku\u0161enosti v r\u016fzn\u00fdch odv\u011btv\u00edch dan\u00e9ho oboru.\",\"breadcrumb\":{\"@id\":\"https:\\\/\\\/cz.f-chain.com\\\/legal-services\\\/#breadcrumb\"},\"inLanguage\":\"cs\",\"potentialAction\":[{\"@type\":\"ReadAction\",\"target\":[\"https:\\\/\\\/cz.f-chain.com\\\/legal-services\\\/\"]}]},{\"@type\":\"ImageObject\",\"inLanguage\":\"cs\",\"@id\":\"https:\\\/\\\/cz.f-chain.com\\\/legal-services\\\/#primaryimage\",\"url\":\"https:\\\/\\\/cz.f-chain.com\\\/wp-content\\\/uploads\\\/2021\\\/05\\\/fchain_stock_3-scaled-e1622109242277.jpg\",\"contentUrl\":\"https:\\\/\\\/cz.f-chain.com\\\/wp-content\\\/uploads\\\/2021\\\/05\\\/fchain_stock_3-scaled-e1622109242277.jpg\",\"width\":2560,\"height\":1276},{\"@type\":\"BreadcrumbList\",\"@id\":\"https:\\\/\\\/cz.f-chain.com\\\/legal-services\\\/#breadcrumb\",\"itemListElement\":[{\"@type\":\"ListItem\",\"position\":1,\"name\":\"Home\",\"item\":\"https:\\\/\\\/cz.f-chain.com\\\/cs\\\/\"},{\"@type\":\"ListItem\",\"position\":2,\"name\":\"Pr\u00e1vn\u00ed slu\u017eby\"}]},{\"@type\":\"WebSite\",\"@id\":\"https:\\\/\\\/cz.f-chain.com\\\/#website\",\"url\":\"https:\\\/\\\/cz.f-chain.com\\\/\",\"name\":\"FCHAIN\",\"description\":\"Financial Chain Corporation in Czech Republic\",\"potentialAction\":[{\"@type\":\"SearchAction\",\"target\":{\"@type\":\"EntryPoint\",\"urlTemplate\":\"https:\\\/\\\/cz.f-chain.com\\\/?s={search_term_string}\"},\"query-input\":{\"@type\":\"PropertyValueSpecification\",\"valueRequired\":true,\"valueName\":\"search_term_string\"}}],\"inLanguage\":\"cs\"}]}<\/script>\n<!-- \/ Yoast SEO plugin. -->","yoast_head_json":{"title":"Pr\u00e1vn\u00ed slu\u017eby v Praze - Financial Chain Corporation - \u010cesk\u00e1 republika","description":"Poskytujeme pravn\u00ed slu\u017eby jak soukrom\u00fdm osobam, tak i velk\u00fdm spole\u010dnostem v Praze. M\u00e1me bohat\u00e9 zku\u0161enosti v r\u016fzn\u00fdch odv\u011btv\u00edch dan\u00e9ho oboru.","robots":{"index":"index","follow":"follow","max-snippet":"max-snippet:-1","max-image-preview":"max-image-preview:large","max-video-preview":"max-video-preview:-1"},"canonical":"https:\/\/cz.f-chain.com\/legal-services\/","og_locale":"cs_CZ","og_type":"article","og_title":"Pr\u00e1vn\u00ed slu\u017eby v Praze - Financial Chain Corporation - \u010cesk\u00e1 republika","og_description":"Poskytujeme pravn\u00ed slu\u017eby jak soukrom\u00fdm osobam, tak i velk\u00fdm spole\u010dnostem v Praze. M\u00e1me bohat\u00e9 zku\u0161enosti v r\u016fzn\u00fdch odv\u011btv\u00edch dan\u00e9ho oboru.","og_url":"https:\/\/cz.f-chain.com\/legal-services\/","og_site_name":"FCHAIN","article_modified_time":"2022-12-08T07:32:33+00:00","og_image":[{"width":2560,"height":1276,"url":"https:\/\/cz.f-chain.com\/wp-content\/uploads\/2021\/05\/fchain_stock_3-scaled-e1622109242277.jpg","type":"image\/jpeg"}],"twitter_card":"summary_large_image","twitter_misc":{"Odhadovan\u00e1 doba \u010dten\u00ed":"1 minuta"},"schema":{"@context":"https:\/\/schema.org","@graph":[{"@type":"WebPage","@id":"https:\/\/cz.f-chain.com\/legal-services\/","url":"https:\/\/cz.f-chain.com\/legal-services\/","name":"Pr\u00e1vn\u00ed slu\u017eby v Praze - Financial Chain Corporation - \u010cesk\u00e1 republika","isPartOf":{"@id":"https:\/\/cz.f-chain.com\/#website"},"primaryImageOfPage":{"@id":"https:\/\/cz.f-chain.com\/legal-services\/#primaryimage"},"image":{"@id":"https:\/\/cz.f-chain.com\/legal-services\/#primaryimage"},"thumbnailUrl":"https:\/\/cz.f-chain.com\/wp-content\/uploads\/2021\/05\/fchain_stock_3-scaled-e1622109242277.jpg","datePublished":"2015-06-08T12:49:40+00:00","dateModified":"2022-12-08T07:32:33+00:00","description":"Poskytujeme pravn\u00ed slu\u017eby jak soukrom\u00fdm osobam, tak i velk\u00fdm spole\u010dnostem v Praze. M\u00e1me bohat\u00e9 zku\u0161enosti v r\u016fzn\u00fdch odv\u011btv\u00edch dan\u00e9ho oboru.","breadcrumb":{"@id":"https:\/\/cz.f-chain.com\/legal-services\/#breadcrumb"},"inLanguage":"cs","potentialAction":[{"@type":"ReadAction","target":["https:\/\/cz.f-chain.com\/legal-services\/"]}]},{"@type":"ImageObject","inLanguage":"cs","@id":"https:\/\/cz.f-chain.com\/legal-services\/#primaryimage","url":"https:\/\/cz.f-chain.com\/wp-content\/uploads\/2021\/05\/fchain_stock_3-scaled-e1622109242277.jpg","contentUrl":"https:\/\/cz.f-chain.com\/wp-content\/uploads\/2021\/05\/fchain_stock_3-scaled-e1622109242277.jpg","width":2560,"height":1276},{"@type":"BreadcrumbList","@id":"https:\/\/cz.f-chain.com\/legal-services\/#breadcrumb","itemListElement":[{"@type":"ListItem","position":1,"name":"Home","item":"https:\/\/cz.f-chain.com\/cs\/"},{"@type":"ListItem","position":2,"name":"Pr\u00e1vn\u00ed slu\u017eby"}]},{"@type":"WebSite","@id":"https:\/\/cz.f-chain.com\/#website","url":"https:\/\/cz.f-chain.com\/","name":"FCHAIN","description":"Financial Chain Corporation in Czech Republic","potentialAction":[{"@type":"SearchAction","target":{"@type":"EntryPoint","urlTemplate":"https:\/\/cz.f-chain.com\/?s={search_term_string}"},"query-input":{"@type":"PropertyValueSpecification","valueRequired":true,"valueName":"search_term_string"}}],"inLanguage":"cs"}]}},"_links":{"self":[{"href":"https:\/\/cz.f-chain.com\/cs\/wp-json\/wp\/v2\/pages\/14515","targetHints":{"allow":["GET"]}}],"collection":[{"href":"https:\/\/cz.f-chain.com\/cs\/wp-json\/wp\/v2\/pages"}],"about":[{"href":"https:\/\/cz.f-chain.com\/cs\/wp-json\/wp\/v2\/types\/page"}],"author":[{"embeddable":true,"href":"https:\/\/cz.f-chain.com\/cs\/wp-json\/wp\/v2\/users\/1"}],"replies":[{"embeddable":true,"href":"https:\/\/cz.f-chain.com\/cs\/wp-json\/wp\/v2\/comments?post=14515"}],"version-history":[{"count":10,"href":"https:\/\/cz.f-chain.com\/cs\/wp-json\/wp\/v2\/pages\/14515\/revisions"}],"predecessor-version":[{"id":20366,"href":"https:\/\/cz.f-chain.com\/cs\/wp-json\/wp\/v2\/pages\/14515\/revisions\/20366"}],"wp:featuredmedia":[{"embeddable":true,"href":"https:\/\/cz.f-chain.com\/cs\/wp-json\/wp\/v2\/media\/19836"}],"wp:attachment":[{"href":"https:\/\/cz.f-chain.com\/cs\/wp-json\/wp\/v2\/media?parent=14515"}],"curies":[{"name":"wp","href":"https:\/\/api.w.org\/{rel}","templated":true}]}}