{"id":14502,"date":"2015-06-09T14:10:42","date_gmt":"2015-06-09T09:10:42","guid":{"rendered":"http:\/\/cacs.svvm.com\/?page_id=14502"},"modified":"2021-05-27T11:40:45","modified_gmt":"2021-05-27T11:40:45","slug":"doporuceni","status":"publish","type":"page","link":"https:\/\/cz.f-chain.com\/cs\/doporuceni\/","title":{"rendered":"Doporu\u010den\u00ed"},"content":{"rendered":"","protected":false},"excerpt":{"rendered":"","protected":false},"author":1,"featured_media":0,"parent":0,"menu_order":0,"comment_status":"closed","ping_status":"closed","template":"page-rec_letters.php","meta":{"_acf_changed":false,"footnotes":""},"class_list":["post-14502","page","type-page","status-publish","hentry"],"acf":[],"yoast_head":"<!-- This site is optimized with the Yoast SEO plugin v27.3 - https:\/\/yoast.com\/product\/yoast-seo-wordpress\/ -->\n<title>Doporu\u010den\u00ed a reference na\u0161ich z\u00e1kazn\u00edk\u016f - FChain<\/title>\n<meta name=\"description\" content=\"P\u0159e\u010dt\u011bte si, co o n\u00e1s \u0159\u00edkaj\u00ed na\u0161i klienti. Jsme velk\u00e1 \u00fa\u010detn\u00ed spole\u010dnost FChain, kter\u00e1 poskytuje \u0161irok\u00e9 spektrum slu\u017eeb v oboru \u00fa\u010detnictv\u00ed ji\u017e od roku 2002. M\u00e1me \u0161pi\u010dkov\u00fd t\u00fdm specialist\u016f, bohat\u00e9 zku\u0161enosti a tis\u00edce spokojen\u00fdch klient\u016f.\" \/>\n<meta name=\"robots\" content=\"noindex, follow\" \/>\n<meta property=\"og:locale\" content=\"cs_CZ\" \/>\n<meta property=\"og:type\" content=\"article\" \/>\n<meta property=\"og:title\" content=\"Doporu\u010den\u00ed a reference na\u0161ich z\u00e1kazn\u00edk\u016f - FChain\" \/>\n<meta property=\"og:description\" content=\"P\u0159e\u010dt\u011bte si, co o n\u00e1s \u0159\u00edkaj\u00ed na\u0161i klienti. Jsme velk\u00e1 \u00fa\u010detn\u00ed spole\u010dnost FChain, kter\u00e1 poskytuje \u0161irok\u00e9 spektrum slu\u017eeb v oboru \u00fa\u010detnictv\u00ed ji\u017e od roku 2002. M\u00e1me \u0161pi\u010dkov\u00fd t\u00fdm specialist\u016f, bohat\u00e9 zku\u0161enosti a tis\u00edce spokojen\u00fdch klient\u016f.\" \/>\n<meta property=\"og:url\" content=\"https:\/\/cz.f-chain.com\/recommendation-letters\/\" \/>\n<meta property=\"og:site_name\" content=\"FCHAIN\" \/>\n<meta property=\"article:modified_time\" content=\"2021-05-27T11:40:45+00:00\" \/>\n<meta name=\"twitter:card\" content=\"summary_large_image\" \/>\n<script type=\"application\/ld+json\" class=\"yoast-schema-graph\">{\"@context\":\"https:\\\/\\\/schema.org\",\"@graph\":[{\"@type\":\"WebPage\",\"@id\":\"https:\\\/\\\/cz.f-chain.com\\\/recommendation-letters\\\/\",\"url\":\"https:\\\/\\\/cz.f-chain.com\\\/recommendation-letters\\\/\",\"name\":\"Doporu\u010den\u00ed a reference na\u0161ich z\u00e1kazn\u00edk\u016f - FChain\",\"isPartOf\":{\"@id\":\"https:\\\/\\\/cz.f-chain.com\\\/#website\"},\"datePublished\":\"2015-06-09T09:10:42+00:00\",\"dateModified\":\"2021-05-27T11:40:45+00:00\",\"description\":\"P\u0159e\u010dt\u011bte si, co o n\u00e1s \u0159\u00edkaj\u00ed na\u0161i klienti. Jsme velk\u00e1 \u00fa\u010detn\u00ed spole\u010dnost FChain, kter\u00e1 poskytuje \u0161irok\u00e9 spektrum slu\u017eeb v oboru \u00fa\u010detnictv\u00ed ji\u017e od roku 2002. M\u00e1me \u0161pi\u010dkov\u00fd t\u00fdm specialist\u016f, bohat\u00e9 zku\u0161enosti a tis\u00edce spokojen\u00fdch klient\u016f.\",\"breadcrumb\":{\"@id\":\"https:\\\/\\\/cz.f-chain.com\\\/recommendation-letters\\\/#breadcrumb\"},\"inLanguage\":\"cs\",\"potentialAction\":[{\"@type\":\"ReadAction\",\"target\":[\"https:\\\/\\\/cz.f-chain.com\\\/recommendation-letters\\\/\"]}]},{\"@type\":\"BreadcrumbList\",\"@id\":\"https:\\\/\\\/cz.f-chain.com\\\/recommendation-letters\\\/#breadcrumb\",\"itemListElement\":[{\"@type\":\"ListItem\",\"position\":1,\"name\":\"Home\",\"item\":\"https:\\\/\\\/cz.f-chain.com\\\/cs\\\/\"},{\"@type\":\"ListItem\",\"position\":2,\"name\":\"Doporu\u010den\u00ed\"}]},{\"@type\":\"WebSite\",\"@id\":\"https:\\\/\\\/cz.f-chain.com\\\/#website\",\"url\":\"https:\\\/\\\/cz.f-chain.com\\\/\",\"name\":\"FCHAIN\",\"description\":\"Financial Chain Corporation in Czech Republic\",\"potentialAction\":[{\"@type\":\"SearchAction\",\"target\":{\"@type\":\"EntryPoint\",\"urlTemplate\":\"https:\\\/\\\/cz.f-chain.com\\\/?s={search_term_string}\"},\"query-input\":{\"@type\":\"PropertyValueSpecification\",\"valueRequired\":true,\"valueName\":\"search_term_string\"}}],\"inLanguage\":\"cs\"}]}<\/script>\n<!-- \/ Yoast SEO plugin. -->","yoast_head_json":{"title":"Doporu\u010den\u00ed a reference na\u0161ich z\u00e1kazn\u00edk\u016f - FChain","description":"P\u0159e\u010dt\u011bte si, co o n\u00e1s \u0159\u00edkaj\u00ed na\u0161i klienti. Jsme velk\u00e1 \u00fa\u010detn\u00ed spole\u010dnost FChain, kter\u00e1 poskytuje \u0161irok\u00e9 spektrum slu\u017eeb v oboru \u00fa\u010detnictv\u00ed ji\u017e od roku 2002. M\u00e1me \u0161pi\u010dkov\u00fd t\u00fdm specialist\u016f, bohat\u00e9 zku\u0161enosti a tis\u00edce spokojen\u00fdch klient\u016f.","robots":{"index":"noindex","follow":"follow"},"og_locale":"cs_CZ","og_type":"article","og_title":"Doporu\u010den\u00ed a reference na\u0161ich z\u00e1kazn\u00edk\u016f - FChain","og_description":"P\u0159e\u010dt\u011bte si, co o n\u00e1s \u0159\u00edkaj\u00ed na\u0161i klienti. Jsme velk\u00e1 \u00fa\u010detn\u00ed spole\u010dnost FChain, kter\u00e1 poskytuje \u0161irok\u00e9 spektrum slu\u017eeb v oboru \u00fa\u010detnictv\u00ed ji\u017e od roku 2002. M\u00e1me \u0161pi\u010dkov\u00fd t\u00fdm specialist\u016f, bohat\u00e9 zku\u0161enosti a tis\u00edce spokojen\u00fdch klient\u016f.","og_url":"https:\/\/cz.f-chain.com\/recommendation-letters\/","og_site_name":"FCHAIN","article_modified_time":"2021-05-27T11:40:45+00:00","twitter_card":"summary_large_image","schema":{"@context":"https:\/\/schema.org","@graph":[{"@type":"WebPage","@id":"https:\/\/cz.f-chain.com\/recommendation-letters\/","url":"https:\/\/cz.f-chain.com\/recommendation-letters\/","name":"Doporu\u010den\u00ed a reference na\u0161ich z\u00e1kazn\u00edk\u016f - FChain","isPartOf":{"@id":"https:\/\/cz.f-chain.com\/#website"},"datePublished":"2015-06-09T09:10:42+00:00","dateModified":"2021-05-27T11:40:45+00:00","description":"P\u0159e\u010dt\u011bte si, co o n\u00e1s \u0159\u00edkaj\u00ed na\u0161i klienti. Jsme velk\u00e1 \u00fa\u010detn\u00ed spole\u010dnost FChain, kter\u00e1 poskytuje \u0161irok\u00e9 spektrum slu\u017eeb v oboru \u00fa\u010detnictv\u00ed ji\u017e od roku 2002. M\u00e1me \u0161pi\u010dkov\u00fd t\u00fdm specialist\u016f, bohat\u00e9 zku\u0161enosti a tis\u00edce spokojen\u00fdch klient\u016f.","breadcrumb":{"@id":"https:\/\/cz.f-chain.com\/recommendation-letters\/#breadcrumb"},"inLanguage":"cs","potentialAction":[{"@type":"ReadAction","target":["https:\/\/cz.f-chain.com\/recommendation-letters\/"]}]},{"@type":"BreadcrumbList","@id":"https:\/\/cz.f-chain.com\/recommendation-letters\/#breadcrumb","itemListElement":[{"@type":"ListItem","position":1,"name":"Home","item":"https:\/\/cz.f-chain.com\/cs\/"},{"@type":"ListItem","position":2,"name":"Doporu\u010den\u00ed"}]},{"@type":"WebSite","@id":"https:\/\/cz.f-chain.com\/#website","url":"https:\/\/cz.f-chain.com\/","name":"FCHAIN","description":"Financial Chain Corporation in Czech Republic","potentialAction":[{"@type":"SearchAction","target":{"@type":"EntryPoint","urlTemplate":"https:\/\/cz.f-chain.com\/?s={search_term_string}"},"query-input":{"@type":"PropertyValueSpecification","valueRequired":true,"valueName":"search_term_string"}}],"inLanguage":"cs"}]}},"_links":{"self":[{"href":"https:\/\/cz.f-chain.com\/cs\/wp-json\/wp\/v2\/pages\/14502","targetHints":{"allow":["GET"]}}],"collection":[{"href":"https:\/\/cz.f-chain.com\/cs\/wp-json\/wp\/v2\/pages"}],"about":[{"href":"https:\/\/cz.f-chain.com\/cs\/wp-json\/wp\/v2\/types\/page"}],"author":[{"embeddable":true,"href":"https:\/\/cz.f-chain.com\/cs\/wp-json\/wp\/v2\/users\/1"}],"replies":[{"embeddable":true,"href":"https:\/\/cz.f-chain.com\/cs\/wp-json\/wp\/v2\/comments?post=14502"}],"version-history":[{"count":3,"href":"https:\/\/cz.f-chain.com\/cs\/wp-json\/wp\/v2\/pages\/14502\/revisions"}],"predecessor-version":[{"id":19875,"href":"https:\/\/cz.f-chain.com\/cs\/wp-json\/wp\/v2\/pages\/14502\/revisions\/19875"}],"wp:attachment":[{"href":"https:\/\/cz.f-chain.com\/cs\/wp-json\/wp\/v2\/media?parent=14502"}],"curies":[{"name":"wp","href":"https:\/\/api.w.org\/{rel}","templated":true}]}}