{"id":14480,"date":"2015-06-08T17:19:32","date_gmt":"2015-06-08T12:19:32","guid":{"rendered":"http:\/\/cacs.svvm.com\/consultations-2\/"},"modified":"2024-12-24T01:47:38","modified_gmt":"2024-12-24T01:47:38","slug":"ucetni-poradenstvi","status":"publish","type":"page","link":"https:\/\/cz.f-chain.com\/cs\/ucetni-poradenstvi\/","title":{"rendered":"Konzultace\u00a0a poradenstv\u00ed"},"content":{"rendered":"<div class=\"wpb-content-wrapper\"><p>[vc_row equal_height=&#8220;yes&#8220; content_placement=&#8220;middle&#8220; css_animation=&#8220;fadeInUp&#8220;][vc_column][vc_column_text]<\/p>\n<h3>U\u017e nemus\u00edte p\u0159em\u00fd\u0161let o tom, jak nejl\u00e9pe organizovat veden\u00ed \u00fa\u010detnictv\u00ed, hledat a naj\u00edmat \u00fa\u010detn\u00ed, da\u0148ov\u00e9 poradce, kte\u0159\u00ed podle va\u0161eho n\u00e1zoru t\u00e9to z\u00e1le\u017eitosti opravdu rozum\u011bj\u00ed, ovl\u00e1dat je, poskytovat jim pravideln\u00e9 \u0161kolen\u00ed a utratit za to v\u0161echno mnohon\u00e1sobn\u011b v\u00edce pen\u011bz.<\/h3>\n<p>[\/vc_column_text][\/vc_column][\/vc_row][vc_row content_placement=&#8220;middle&#8220; css_animation=&#8220;fadeInUp&#8220;][vc_column width=&#8220;1\/2&#8243;][vc_column_text]<\/p>\n<h3>Na\u0161e poradensk\u00e9 slu\u017eby zahrnuj\u00ed:<\/h3>\n<ul class=\"ul-gray\">\n<li>da\u0148ov\u00e1 optimalizace<\/li>\n<li>v\u00fdb\u011br vhodn\u00e9 pr\u00e1vn\u00ed formy<\/li>\n<li>zpracov\u00e1n\u00ed finan\u010dn\u00edch v\u00fdkaz\u016f<\/li>\n<li>\u0159e\u0161en\u00ed da\u0148ov\u00fdch z\u00e1le\u017eitost\u00ed (m\u00edsto pln\u011bn\u00ed, DPH)<\/li>\n<li>v\u00fdplata dividend, vratka investovan\u00fdch prost\u0159edk\u016f<\/li>\n<li>pracovn\u00ed smlouvy<\/li>\n<li>spr\u00e1vn\u00e1 fakturace (podrobnosti o faktur\u00e1ch, ur\u010den\u00ed DUZP (Datum uskute\u010dn\u011bn\u00ed zdaniteln\u00e9ho pln\u011bn\u00ed\u00ed)<\/li>\n<li>konzultace b\u011bhem finan\u010dn\u00edch audit\u016f<\/li>\n<li>\u0159e\u0161en\u00ed dal\u0161\u00edch ot\u00e1zek souvisej\u00edc\u00edch s podnikatelskou \u010dinnost\u00ed<\/li>\n<\/ul>\n<p>&nbsp;<\/p>\n<p>Na\u0161e spole\u010dnost up\u0159ednost\u0148uje individu\u00e1ln\u00ed p\u0159\u00edstup ke klient\u016fm a poskytuje \u00fa\u010detn\u00ed poradenstv\u00ed pro podnikatele a jednotliv\u00e9 podnikatele.<\/p>\n<p>P\u0159iprav\u00edme pro v\u00e1s individu\u00e1ln\u00ed nab\u00eddku podle va\u0161ich p\u0159esn\u00fdch pot\u0159eb a po\u017eadavk\u016f.<\/p>\n<p>Poskytujeme \u00fa\u010detn\u00ed poradenstv\u00ed nejen v Praze, ale i v cel\u00e9 \u010cesk\u00e9 republice.<\/p>\n<p>Je t\u0159eba si uv\u011bdomit, \u017ee i jednoduch\u00e9 kroky se \u0159\u00edd\u00ed ur\u010dit\u00fdmi pravidly, kter\u00e1 je t\u0159eba dodr\u017eovat.<\/p>\n<p>Pokud chcete bez probl\u00e9m\u016f a \u00fasp\u011b\u0161n\u011b rozv\u00edjet sv\u00e9 podnik\u00e1n\u00ed, ne\u0161et\u0159ete \u010das konzultac\u00ed s na\u0161imi specialisty. Zaru\u010dujeme v\u00e1m v\u010dasnou pomoc a maxim\u00e1ln\u00ed podporu.[\/vc_column_text][\/vc_column][vc_column width=&#8220;1\/2&#8243;][vc_single_image image=&#8220;20098&#8243; img_size=&#8220;full&#8220; alignment=&#8220;center&#8220;][\/vc_column][\/vc_row][vc_row][vc_column][vc_column_text css_animation=&#8220;fadeInUp&#8220;]<\/p>\n<h2><span style=\"font-size: large;\"><b>Asistence p\u0159i da\u0148ov\u00e9m poradenstv\u00ed<\/b><\/span><\/h2>\n<p>Da\u0148ov\u00e9 p\u0159edpisy mohou b\u00fdt slo\u017eit\u00e9 a neust\u00e1le se m\u011bn\u00ed, co\u017e \u010din\u00ed d\u016fle\u017eit\u00fdm m\u00edt d\u016fv\u011bryhodn\u00e9ho poradce, kter\u00fd v\u00e1s provede t\u00edmto procesem. Na\u0161e slu\u017eby da\u0148ov\u00e9ho poradenstv\u00ed nab\u00edzej\u00ed personalizovan\u00e9 strategie, jak minimalizovat va\u0161i da\u0148ovou povinnost, zajistit shodu s p\u0159edpisy a maximalizovat va\u0161e finan\u010dn\u00ed p\u0159\u00edle\u017eitosti.<br \/>\nNa\u0161e slu\u017eby zahrnuj\u00ed:<br \/>\n\u2022 <b>Da\u0148ov\u00e1 strategie a pl\u00e1nov\u00e1n\u00ed<\/b>: Spolupracujeme s v\u00e1mi na vytvo\u0159en\u00ed da\u0148ov\u00e9 strategie, kter\u00e1 je v souladu s va\u0161imi finan\u010dn\u00edmi c\u00edli, pom\u00e1h\u00e1 minimalizovat dan\u011b a maximalizovat odpo\u010dty a da\u0148ov\u00e9 \u00falevy.<br \/>\n\u2022 <b>Da\u0148ov\u00e1 shoda<\/b>: Na\u0161i odborn\u00edci zajist\u00ed, \u017ee va\u0161e da\u0148ov\u00e1 p\u0159izn\u00e1n\u00ed budou spr\u00e1vn\u00e1 a pod\u00e1na v\u010das, \u010d\u00edm\u017e se vyhnete n\u00e1kladn\u00fdm pokut\u00e1m nebo \u00farok\u016fm.<br \/>\n\u2022 <b>Poradenstv\u00ed v oblasti korpor\u00e1tn\u00edch dan\u00ed<\/b>: Pom\u00e1h\u00e1me firm\u00e1m s pl\u00e1nov\u00e1n\u00edm, strukturac\u00ed a dodr\u017eov\u00e1n\u00edm korpor\u00e1tn\u00edch da\u0148ov\u00fdch p\u0159edpis\u016f, abychom v\u00e1m pomohli navigovat slo\u017eit\u00e9 da\u0148ov\u00e9 pravidla pro podniky.<br \/>\n\u2022 <b>Individu\u00e1ln\u00ed da\u0148ov\u00e9 poradenstv\u00ed<\/b>: Poskytujeme \u0161it\u00e9 na m\u00edru da\u0148ov\u00e9 poradenstv\u00ed pro jednotlivce, v\u010detn\u011b strategi\u00ed pro pl\u00e1nov\u00e1n\u00ed majetku, spo\u0159en\u00ed na d\u016fchod a p\u0159\u00edjmy z investic.<br \/>\n\u2022 <b>Da\u0148ov\u011b efektivn\u00ed investice<\/b>: Porad\u00edme v\u00e1m s investi\u010dn\u00edmi strategiemi, kter\u00e9 jsou da\u0148ov\u011b efektivn\u00ed, pom\u00e1h\u00e1me v\u00e1m r\u016fst va\u0161eho majetku a z\u00e1rove\u0148 sni\u017eovat da\u0148ovou z\u00e1t\u011b\u017e.<br \/>\n\u2022 <b>Podpora p\u0159i auditech a sporech<\/b>: Pokud \u010del\u00edte auditu IRS nebo da\u0148ov\u00e9mu sporu, nab\u00edz\u00edme podporu p\u0159i \u0159e\u0161en\u00ed probl\u00e9m\u016f, p\u0159\u00edprav\u011b dokumentace a zastupov\u00e1n\u00ed va\u0161ich z\u00e1jm\u016f.<\/p>\n<p>S na\u0161imi odborn\u00fdmi da\u0148ov\u00fdmi poradensk\u00fdmi slu\u017ebami si m\u016f\u017eete b\u00fdt jisti, \u017ee \u010din\u00edte nejlep\u0161\u00ed finan\u010dn\u00ed rozhodnut\u00ed, zat\u00edmco z\u016fst\u00e1v\u00e1te v souladu s da\u0148ov\u00fdmi p\u0159edpisy. <span lang=\"en-US\">Pom\u016f\u017eeme v\u00e1m orientovat se v slo\u017eitostech zdan\u011bn\u00ed a maximalizovat va\u0161e \u00faspory.<\/span>[\/vc_column_text][\/vc_column][\/vc_row]<\/p>\n<\/div>","protected":false},"excerpt":{"rendered":"<p>[vc_row equal_height=&#8220;yes&#8220; content_placement=&#8220;middle&#8220; css_animation=&#8220;fadeInUp&#8220;][vc_column][vc_column_text] U\u017e nemus\u00edte p\u0159em\u00fd\u0161let o tom, jak nejl\u00e9pe organizovat veden\u00ed \u00fa\u010detnictv\u00ed, hledat a naj\u00edmat \u00fa\u010detn\u00ed, da\u0148ov\u00e9 poradce, kte\u0159\u00ed podle va\u0161eho n\u00e1zoru t\u00e9to z\u00e1le\u017eitosti opravdu rozum\u011bj\u00ed, ovl\u00e1dat je, poskytovat jim pravideln\u00e9 \u0161kolen\u00ed a utratit za to v\u0161echno mnohon\u00e1sobn\u011b v\u00edce pen\u011bz. [\/vc_column_text][\/vc_column][\/vc_row][vc_row content_placement=&#8220;middle&#8220; css_animation=&#8220;fadeInUp&#8220;][vc_column width=&#8220;1\/2&#8243;][vc_column_text] Na\u0161e poradensk\u00e9 slu\u017eby zahrnuj\u00ed: da\u0148ov\u00e1 optimalizace v\u00fdb\u011br vhodn\u00e9 pr\u00e1vn\u00ed<\/p>\n","protected":false},"author":1,"featured_media":0,"parent":0,"menu_order":0,"comment_status":"closed","ping_status":"closed","template":"","meta":{"_acf_changed":false,"footnotes":""},"class_list":["post-14480","page","type-page","status-publish","hentry"],"acf":[],"yoast_head":"<!-- This site is optimized with the Yoast SEO plugin v27.3 - https:\/\/yoast.com\/product\/yoast-seo-wordpress\/ -->\n<title>Konzultace a poradenstv\u00ed<\/title>\n<meta name=\"description\" content=\"U\u017e nemus\u00edte p\u0159em\u00fd\u0161let o tom, jak nejl\u00e9pe organizovat veden\u00ed \u00fa\u010detnictv\u00ed, hledat a naj\u00edmat \u00fa\u010detn\u00ed, da\u0148ov\u00e9 poradce, kte\u0159\u00ed podle va\u0161eho n\u00e1zoru t\u00e9to z\u00e1le\u017eitosti opravdu rozum\u011bj\u00ed, ovl\u00e1dat je, poskytovat jim pravideln\u00e9 \u0161kolen\u00ed a utratit za to v\u0161echno mnohon\u00e1sobn\u011b v\u00edce pen\u011bz.\" \/>\n<meta name=\"robots\" content=\"index, follow, max-snippet:-1, max-image-preview:large, max-video-preview:-1\" \/>\n<link rel=\"canonical\" href=\"https:\/\/cz.f-chain.com\/cs\/ucetni-poradenstvi\/\" \/>\n<meta property=\"og:locale\" content=\"cs_CZ\" \/>\n<meta property=\"og:type\" content=\"article\" \/>\n<meta property=\"og:title\" content=\"Konzultace a poradenstv\u00ed\" \/>\n<meta property=\"og:description\" content=\"U\u017e nemus\u00edte p\u0159em\u00fd\u0161let o tom, jak nejl\u00e9pe organizovat veden\u00ed \u00fa\u010detnictv\u00ed, hledat a naj\u00edmat \u00fa\u010detn\u00ed, da\u0148ov\u00e9 poradce, kte\u0159\u00ed podle va\u0161eho n\u00e1zoru t\u00e9to z\u00e1le\u017eitosti opravdu rozum\u011bj\u00ed, ovl\u00e1dat je, poskytovat jim pravideln\u00e9 \u0161kolen\u00ed a utratit za to v\u0161echno mnohon\u00e1sobn\u011b v\u00edce pen\u011bz.\" \/>\n<meta property=\"og:url\" content=\"https:\/\/cz.f-chain.com\/cs\/ucetni-poradenstvi\/\" \/>\n<meta property=\"og:site_name\" content=\"FCHAIN\" \/>\n<meta property=\"article:modified_time\" content=\"2024-12-24T01:47:38+00:00\" \/>\n<meta name=\"twitter:card\" content=\"summary_large_image\" \/>\n<meta name=\"twitter:label1\" content=\"Odhadovan\u00e1 doba \u010dten\u00ed\" \/>\n\t<meta name=\"twitter:data1\" content=\"3 minuty\" \/>\n<script type=\"application\/ld+json\" class=\"yoast-schema-graph\">{\"@context\":\"https:\\\/\\\/schema.org\",\"@graph\":[{\"@type\":\"WebPage\",\"@id\":\"https:\\\/\\\/cz.f-chain.com\\\/cs\\\/ucetni-poradenstvi\\\/\",\"url\":\"https:\\\/\\\/cz.f-chain.com\\\/cs\\\/ucetni-poradenstvi\\\/\",\"name\":\"Konzultace a poradenstv\u00ed\",\"isPartOf\":{\"@id\":\"https:\\\/\\\/cz.f-chain.com\\\/#website\"},\"datePublished\":\"2015-06-08T12:19:32+00:00\",\"dateModified\":\"2024-12-24T01:47:38+00:00\",\"description\":\"U\u017e nemus\u00edte p\u0159em\u00fd\u0161let o tom, jak nejl\u00e9pe organizovat veden\u00ed \u00fa\u010detnictv\u00ed, hledat a naj\u00edmat \u00fa\u010detn\u00ed, da\u0148ov\u00e9 poradce, kte\u0159\u00ed podle va\u0161eho n\u00e1zoru t\u00e9to z\u00e1le\u017eitosti opravdu rozum\u011bj\u00ed, ovl\u00e1dat je, poskytovat jim pravideln\u00e9 \u0161kolen\u00ed a utratit za to v\u0161echno mnohon\u00e1sobn\u011b v\u00edce pen\u011bz.\",\"breadcrumb\":{\"@id\":\"https:\\\/\\\/cz.f-chain.com\\\/cs\\\/ucetni-poradenstvi\\\/#breadcrumb\"},\"inLanguage\":\"cs\",\"potentialAction\":[{\"@type\":\"ReadAction\",\"target\":[\"https:\\\/\\\/cz.f-chain.com\\\/cs\\\/ucetni-poradenstvi\\\/\"]}]},{\"@type\":\"BreadcrumbList\",\"@id\":\"https:\\\/\\\/cz.f-chain.com\\\/cs\\\/ucetni-poradenstvi\\\/#breadcrumb\",\"itemListElement\":[{\"@type\":\"ListItem\",\"position\":1,\"name\":\"Home\",\"item\":\"https:\\\/\\\/cz.f-chain.com\\\/cs\\\/\"},{\"@type\":\"ListItem\",\"position\":2,\"name\":\"Konzultace\u00a0a poradenstv\u00ed\"}]},{\"@type\":\"WebSite\",\"@id\":\"https:\\\/\\\/cz.f-chain.com\\\/#website\",\"url\":\"https:\\\/\\\/cz.f-chain.com\\\/\",\"name\":\"FCHAIN\",\"description\":\"Financial Chain Corporation in Czech Republic\",\"potentialAction\":[{\"@type\":\"SearchAction\",\"target\":{\"@type\":\"EntryPoint\",\"urlTemplate\":\"https:\\\/\\\/cz.f-chain.com\\\/?s={search_term_string}\"},\"query-input\":{\"@type\":\"PropertyValueSpecification\",\"valueRequired\":true,\"valueName\":\"search_term_string\"}}],\"inLanguage\":\"cs\"}]}<\/script>\n<!-- \/ Yoast SEO plugin. -->","yoast_head_json":{"title":"Konzultace a poradenstv\u00ed","description":"U\u017e nemus\u00edte p\u0159em\u00fd\u0161let o tom, jak nejl\u00e9pe organizovat veden\u00ed \u00fa\u010detnictv\u00ed, hledat a naj\u00edmat \u00fa\u010detn\u00ed, da\u0148ov\u00e9 poradce, kte\u0159\u00ed podle va\u0161eho n\u00e1zoru t\u00e9to z\u00e1le\u017eitosti opravdu rozum\u011bj\u00ed, ovl\u00e1dat je, poskytovat jim pravideln\u00e9 \u0161kolen\u00ed a utratit za to v\u0161echno mnohon\u00e1sobn\u011b v\u00edce pen\u011bz.","robots":{"index":"index","follow":"follow","max-snippet":"max-snippet:-1","max-image-preview":"max-image-preview:large","max-video-preview":"max-video-preview:-1"},"canonical":"https:\/\/cz.f-chain.com\/cs\/ucetni-poradenstvi\/","og_locale":"cs_CZ","og_type":"article","og_title":"Konzultace a poradenstv\u00ed","og_description":"U\u017e nemus\u00edte p\u0159em\u00fd\u0161let o tom, jak nejl\u00e9pe organizovat veden\u00ed \u00fa\u010detnictv\u00ed, hledat a naj\u00edmat \u00fa\u010detn\u00ed, da\u0148ov\u00e9 poradce, kte\u0159\u00ed podle va\u0161eho n\u00e1zoru t\u00e9to z\u00e1le\u017eitosti opravdu rozum\u011bj\u00ed, ovl\u00e1dat je, poskytovat jim pravideln\u00e9 \u0161kolen\u00ed a utratit za to v\u0161echno mnohon\u00e1sobn\u011b v\u00edce pen\u011bz.","og_url":"https:\/\/cz.f-chain.com\/cs\/ucetni-poradenstvi\/","og_site_name":"FCHAIN","article_modified_time":"2024-12-24T01:47:38+00:00","twitter_card":"summary_large_image","twitter_misc":{"Odhadovan\u00e1 doba \u010dten\u00ed":"3 minuty"},"schema":{"@context":"https:\/\/schema.org","@graph":[{"@type":"WebPage","@id":"https:\/\/cz.f-chain.com\/cs\/ucetni-poradenstvi\/","url":"https:\/\/cz.f-chain.com\/cs\/ucetni-poradenstvi\/","name":"Konzultace a poradenstv\u00ed","isPartOf":{"@id":"https:\/\/cz.f-chain.com\/#website"},"datePublished":"2015-06-08T12:19:32+00:00","dateModified":"2024-12-24T01:47:38+00:00","description":"U\u017e nemus\u00edte p\u0159em\u00fd\u0161let o tom, jak nejl\u00e9pe organizovat veden\u00ed \u00fa\u010detnictv\u00ed, hledat a naj\u00edmat \u00fa\u010detn\u00ed, da\u0148ov\u00e9 poradce, kte\u0159\u00ed podle va\u0161eho n\u00e1zoru t\u00e9to z\u00e1le\u017eitosti opravdu rozum\u011bj\u00ed, ovl\u00e1dat je, poskytovat jim pravideln\u00e9 \u0161kolen\u00ed a utratit za to v\u0161echno mnohon\u00e1sobn\u011b v\u00edce pen\u011bz.","breadcrumb":{"@id":"https:\/\/cz.f-chain.com\/cs\/ucetni-poradenstvi\/#breadcrumb"},"inLanguage":"cs","potentialAction":[{"@type":"ReadAction","target":["https:\/\/cz.f-chain.com\/cs\/ucetni-poradenstvi\/"]}]},{"@type":"BreadcrumbList","@id":"https:\/\/cz.f-chain.com\/cs\/ucetni-poradenstvi\/#breadcrumb","itemListElement":[{"@type":"ListItem","position":1,"name":"Home","item":"https:\/\/cz.f-chain.com\/cs\/"},{"@type":"ListItem","position":2,"name":"Konzultace\u00a0a poradenstv\u00ed"}]},{"@type":"WebSite","@id":"https:\/\/cz.f-chain.com\/#website","url":"https:\/\/cz.f-chain.com\/","name":"FCHAIN","description":"Financial Chain Corporation in Czech Republic","potentialAction":[{"@type":"SearchAction","target":{"@type":"EntryPoint","urlTemplate":"https:\/\/cz.f-chain.com\/?s={search_term_string}"},"query-input":{"@type":"PropertyValueSpecification","valueRequired":true,"valueName":"search_term_string"}}],"inLanguage":"cs"}]}},"_links":{"self":[{"href":"https:\/\/cz.f-chain.com\/cs\/wp-json\/wp\/v2\/pages\/14480","targetHints":{"allow":["GET"]}}],"collection":[{"href":"https:\/\/cz.f-chain.com\/cs\/wp-json\/wp\/v2\/pages"}],"about":[{"href":"https:\/\/cz.f-chain.com\/cs\/wp-json\/wp\/v2\/types\/page"}],"author":[{"embeddable":true,"href":"https:\/\/cz.f-chain.com\/cs\/wp-json\/wp\/v2\/users\/1"}],"replies":[{"embeddable":true,"href":"https:\/\/cz.f-chain.com\/cs\/wp-json\/wp\/v2\/comments?post=14480"}],"version-history":[{"count":11,"href":"https:\/\/cz.f-chain.com\/cs\/wp-json\/wp\/v2\/pages\/14480\/revisions"}],"predecessor-version":[{"id":20681,"href":"https:\/\/cz.f-chain.com\/cs\/wp-json\/wp\/v2\/pages\/14480\/revisions\/20681"}],"wp:attachment":[{"href":"https:\/\/cz.f-chain.com\/cs\/wp-json\/wp\/v2\/media?parent=14480"}],"curies":[{"name":"wp","href":"https:\/\/api.w.org\/{rel}","templated":true}]}}