{"id":14442,"date":"2015-06-08T17:10:02","date_gmt":"2015-06-08T12:10:02","guid":{"rendered":"http:\/\/cacs.svvm.com\/cancellation-of-enterprises-2\/"},"modified":"2025-11-18T11:22:51","modified_gmt":"2025-11-18T11:22:51","slug":"cancellation-of-enterprises","status":"publish","type":"page","link":"https:\/\/cz.f-chain.com\/cs\/cancellation-of-enterprises\/","title":{"rendered":"Likvidace spole\u010dnosti"},"content":{"rendered":"<div class=\"wpb-content-wrapper\"><p>[vc_row equal_height=&#8220;yes&#8220; content_placement=&#8220;middle&#8220; css_animation=&#8220;fadeInUp&#8220;][vc_column][vc_column_text]<\/p>\n<h3>Podnik\u00e1n\u00ed, kter\u00e9 je ovlivn\u011bno r\u016fzn\u00fdmi faktory, se v \u010dase m\u011bn\u00ed. Tyto zm\u011bny mohou nav\u00edc znamenat n\u011bjak\u00fd nov\u00fd produkt a naprost\u00e9 odm\u00edtnut\u00ed produktu ji\u017e zastaral\u00e9ho. Existuj\u00ed pouze dva typy d\u016fvod\u016f pro uzav\u0159en\u00ed podniku: dobrovoln\u00e9 nebo nucen\u00e9 (likvidace na \u017e\u00e1dost st\u00e1tn\u00edch org\u00e1n\u016f). V prvn\u00edm p\u0159\u00edpad\u011b existuje pro takov\u00e9 rozhodnut\u00ed mnoho d\u016fvod\u016f, tak\u017ee je sp\u00ed\u0161e obt\u00ed\u017en\u00e9 zvolit spr\u00e1vnou taktiku, jak vy\u0159e\u0161it probl\u00e9my s pap\u00edrov\u00e1n\u00edm.<\/h3>\n<p>V t\u00e9m\u011b\u0159 ka\u017ed\u00e9 zemi je proces ukon\u010den\u00ed aktivit firmy doprov\u00e1zen nutnost\u00ed vyhotovit likvida\u010dn\u00ed rozvahu. \u010cesk\u00e9 spole\u010dnosti nejsou v\u00fdjimkou. P\u0159\u00edprava \u0159\u00e1dn\u00e9 rozvahy je z\u00e1kladem tohoto procesu.<\/p>\n<p>&nbsp;<\/p>\n<p>T\u00edm by se vlastn\u00edk m\u011bl v\u00e1\u017en\u011b zab\u00fdvat, nebo\u0165 uzav\u0159en\u00ed podniku neznamen\u00e1 v\u017edycky konec cel\u00e9ho podnik\u00e1n\u00ed. Av\u0161ak takov\u00e1 nedbalost, jako je \u0161patn\u011b spo\u010d\u00edtan\u00e1 likvida\u010dn\u00ed rozvaha, m\u016f\u017ee v\u00e9st k v\u00e1\u017en\u00fdm probl\u00e9m\u016fm ve form\u011b soudn\u00edho sporu s finan\u010dn\u00edm \u00fa\u0159adem nebo s v\u011b\u0159iteli.[\/vc_column_text][\/vc_column][\/vc_row][vc_row content_placement=&#8220;middle&#8220; css_animation=&#8220;fadeInUp&#8220;][vc_column width=&#8220;1\/2&#8243;][vc_column_text]<\/p>\n<h3>Je tak\u00e9 nutno zd\u016fraznit v\u00fdznam spr\u00e1vn\u00e9ho vyhotoven\u00ed dokument\u016f pro nucenou likvidaci.<\/h3>\n<p>Pro ukon\u010den\u00ed \u010dinnost\u00ed podniku na z\u00e1klad\u011b vynucen\u00fdch okolnost\u00ed mohou b\u00fdt n\u00e1sleduj\u00edc\u00ed d\u016fvody:<\/p>\n<ul class=\"ul-gray\">\n<li>neexistence jak\u00e9koli extern\u00ed nebo intern\u00ed \u010dinnosti podniku po dobu dvou let;<\/li>\n<li>nekon\u00e1n\u00ed valn\u00fdch hromad po dobu dvou let;<\/li>\n<li>z\u00e1kaz ur\u010dit\u00e9ho typu \u010dinnosti spole\u010dnosti, dostate\u010dn\u00fd pro \u00fapln\u00e9 ukon\u010den\u00ed jej\u00edch aktivit;<\/li>\n<li>nevy\u0159e\u0161en\u00e9 spory mezi spole\u010dn\u00edky podniku;<\/li>\n<li>okolnosti znemo\u017e\u0148uj\u00edc\u00ed z\u00e1kladn\u00ed podm\u00ednky existence spole\u010dnosti;<\/li>\n<li>pokud spole\u010dnost poru\u0161\u00ed z\u00e1kladn\u00ed povinnost vytvo\u0159it a udr\u017eovat rezervn\u00ed fond;<\/li>\n<li>spole\u010dnost prov\u00e1d\u00ed nez\u00e1konn\u00e9 \u010dinnosti nebo \u010dinnosti nepovolen\u00e9 stanovami;<\/li>\n<li>nadm\u011brn\u00fd dluh nad celkovou hodnotu podniku a jeho jm\u011bn\u00ed, atd.<\/li>\n<\/ul>\n<p>Pokud je mo\u017eno vyhnout se d\u016fvod\u016fm pro uzav\u0159en\u00ed spole\u010dnosti, soud m\u016f\u017ee poskytnout ur\u010ditou lh\u016ftu, b\u011bhem n\u00ed\u017e spole\u010dnost mus\u00ed odstranit p\u0159\u00ed\u010diny. \u010casto se v\u0161ak situace vyvine tak, \u017ee tyto p\u0159\u00ed\u010diny jsou ne\u0159e\u0161iteln\u00e9. V takov\u00e9m p\u0159\u00edpad\u011b st\u00e1t nem\u016f\u017ee poskytnout konkr\u00e9tn\u00ed lh\u016ftu k zabr\u00e1n\u011bn\u00ed nucen\u00e9ho uzav\u0159en\u00ed spole\u010dnosti, ale ulo\u017e\u00ed ur\u010dit\u00e9 po\u017eadavky na proces likvidace.[\/vc_column_text][\/vc_column][vc_column width=&#8220;1\/2&#8243;][vc_single_image image=&#8220;19724&#8243; img_size=&#8220;full&#8220;][\/vc_column][\/vc_row][vc_row content_placement=&#8220;middle&#8220; css_animation=&#8220;fadeInUp&#8220;][vc_column width=&#8220;1\/2&#8243;][vc_single_image image=&#8220;19727&#8243; img_size=&#8220;full&#8220;][\/vc_column][vc_column width=&#8220;1\/2&#8243;][vc_column_text]Podle \u010desk\u00e9ho pr\u00e1va m\u00e1 vlastn\u00edk pr\u00e1vo ukon\u010dit existenci spole\u010dnosti dv\u011bma zp\u016fsoby: \u00faplnou z\u00e1konnou likvidac\u00ed (kter\u00e1 p\u0159edpokl\u00e1d\u00e1, \u017ee v\u0161echny dluhy, p\u016fj\u010dky, dan\u011b a jin\u00e9 spory mus\u00ed b\u00fdt pln\u011b vyrovn\u00e1ny) nebo bez likvidace. Druh\u00e1 mo\u017enost je k dispozici pouze tehdy, kdy\u017e podnik s\u00e1m tak \u010di onak pokra\u010duje ve sv\u00e9 skute\u010dn\u00e9, nikoli pr\u00e1vn\u00ed existenci. Jin\u00fdmi slovy, pokud n\u00e1stupnick\u00e1 spole\u010dnost m\u016f\u017ee p\u0159evz\u00edt v\u0161echny dluhy spole\u010dnosti likvidovan\u00e9 st\u00e1tem. Druh\u00e1 mo\u017enost nen\u00ed jednodu\u0161\u0161\u00ed ne\u017e ta prvn\u00ed, proto\u017ee vlastn\u00edk bude muset vyhotovit dokumenty za dlouhou dobu k p\u0159eveden\u00ed dluh\u016f ze star\u00e9ho podniku na nov\u00fd.<\/p>\n<p>FCHAIN je p\u0159ipravena pomoci V\u00e1m ve v\u0161ech f\u00e1z\u00edch tohoto slo\u017eit\u00e9ho procesu. M\u00e1me reprezenta\u010dn\u00ed kancel\u00e1\u0159 v \u010cesk\u00e9 republice a nab\u00edz\u00edme V\u00e1m slu\u017eby zku\u0161en\u00fdch pr\u00e1vn\u00edk\u016f, kte\u0159\u00ed jsou schopni poskytnout V\u00e1m garantovan\u00e1 \u0159e\u0161en\u00ed ve v\u0161ech z\u00e1le\u017eitostech likvidace spole\u010dnosti. Na\u0161i specialist\u00e9 vyhotov\u00ed dokumenty pro uzav\u0159en\u00ed dluhov\u00fdch z\u00e1vazk\u016f a pomohou V\u00e1m p\u0159i sestavov\u00e1n\u00ed likvida\u010dn\u00ed rozvahy. Budeme rovn\u011b\u017e monitorovat existenci neregistrovan\u00fdch z\u016fstatk\u016f a budeme doprov\u00e1zet cel\u00fd proces zru\u0161en\u00ed a budeme za V\u00e1s kontaktovat ve\u0159ejn\u00e9 slu\u017eby. Pokud n\u00e1m budete d\u016fv\u011b\u0159ovat, ud\u011bl\u00e1te spr\u00e1vnou volbu, nebo profesion\u00e1ln\u00ed pomoc p\u0159i uzav\u0159en\u00ed podniku je nejlep\u0161\u00edm \u0159e\u0161en\u00edm pro pov\u011bst Va\u0161eho podniku.[\/vc_column_text][\/vc_column][\/vc_row]<\/p>\n<\/div>","protected":false},"excerpt":{"rendered":"<p>[vc_row equal_height=&#8220;yes&#8220; content_placement=&#8220;middle&#8220; css_animation=&#8220;fadeInUp&#8220;][vc_column][vc_column_text] Podnik\u00e1n\u00ed, kter\u00e9 je ovlivn\u011bno r\u016fzn\u00fdmi faktory, se v \u010dase m\u011bn\u00ed. Tyto zm\u011bny mohou nav\u00edc znamenat n\u011bjak\u00fd nov\u00fd produkt a naprost\u00e9 odm\u00edtnut\u00ed produktu ji\u017e zastaral\u00e9ho. Existuj\u00ed pouze dva typy d\u016fvod\u016f pro uzav\u0159en\u00ed podniku: dobrovoln\u00e9 nebo nucen\u00e9 (likvidace na \u017e\u00e1dost st\u00e1tn\u00edch org\u00e1n\u016f). V prvn\u00edm p\u0159\u00edpad\u011b existuje pro takov\u00e9 rozhodnut\u00ed mnoho d\u016fvod\u016f, tak\u017ee je<\/p>\n","protected":false},"author":1,"featured_media":19386,"parent":0,"menu_order":0,"comment_status":"closed","ping_status":"closed","template":"","meta":{"_acf_changed":false,"footnotes":""},"class_list":["post-14442","page","type-page","status-publish","hentry"],"acf":[],"yoast_head":"<!-- This site is optimized with the Yoast SEO plugin v27.3 - https:\/\/yoast.com\/product\/yoast-seo-wordpress\/ -->\n<title>Cancellation of enterprises: fast solution of complex issues<\/title>\n<meta name=\"description\" content=\"Cancellation of enterprise is complicated process, that is much longer and tenser than it establishment. To do it right the head of an enterprise must consider such details as balance drawing up liquidation. We can help you to accomplish this issues.\" \/>\n<meta name=\"robots\" content=\"index, follow, max-snippet:-1, max-image-preview:large, max-video-preview:-1\" \/>\n<link rel=\"canonical\" href=\"https:\/\/cz.f-chain.com\/cs\/cancellation-of-enterprises\/\" \/>\n<meta property=\"og:locale\" content=\"cs_CZ\" \/>\n<meta property=\"og:type\" content=\"article\" \/>\n<meta property=\"og:title\" content=\"Cancellation of enterprises: fast solution of complex issues\" \/>\n<meta property=\"og:description\" content=\"Cancellation of enterprise is complicated process, that is much longer and tenser than it establishment. To do it right the head of an enterprise must consider such details as balance drawing up liquidation. We can help you to accomplish this issues.\" \/>\n<meta property=\"og:url\" content=\"https:\/\/cz.f-chain.com\/cs\/cancellation-of-enterprises\/\" \/>\n<meta property=\"og:site_name\" content=\"FCHAIN\" \/>\n<meta property=\"article:modified_time\" content=\"2025-11-18T11:22:51+00:00\" \/>\n<meta property=\"og:image\" content=\"https:\/\/cz.f-chain.com\/wp-content\/uploads\/2021\/05\/fchain_stock_37-scaled.jpg\" \/>\n\t<meta property=\"og:image:width\" content=\"2560\" \/>\n\t<meta property=\"og:image:height\" content=\"1707\" \/>\n\t<meta property=\"og:image:type\" content=\"image\/jpeg\" \/>\n<meta name=\"twitter:card\" content=\"summary_large_image\" \/>\n<meta name=\"twitter:label1\" content=\"Odhadovan\u00e1 doba \u010dten\u00ed\" \/>\n\t<meta name=\"twitter:data1\" content=\"5 minut\" \/>\n<script type=\"application\/ld+json\" class=\"yoast-schema-graph\">{\"@context\":\"https:\\\/\\\/schema.org\",\"@graph\":[{\"@type\":\"WebPage\",\"@id\":\"https:\\\/\\\/cz.f-chain.com\\\/cs\\\/cancellation-of-enterprises\\\/\",\"url\":\"https:\\\/\\\/cz.f-chain.com\\\/cs\\\/cancellation-of-enterprises\\\/\",\"name\":\"Cancellation of enterprises: fast solution of complex issues\",\"isPartOf\":{\"@id\":\"https:\\\/\\\/cz.f-chain.com\\\/#website\"},\"primaryImageOfPage\":{\"@id\":\"https:\\\/\\\/cz.f-chain.com\\\/cs\\\/cancellation-of-enterprises\\\/#primaryimage\"},\"image\":{\"@id\":\"https:\\\/\\\/cz.f-chain.com\\\/cs\\\/cancellation-of-enterprises\\\/#primaryimage\"},\"thumbnailUrl\":\"https:\\\/\\\/cz.f-chain.com\\\/wp-content\\\/uploads\\\/2021\\\/05\\\/fchain_stock_37-scaled.jpg\",\"datePublished\":\"2015-06-08T12:10:02+00:00\",\"dateModified\":\"2025-11-18T11:22:51+00:00\",\"description\":\"Cancellation of enterprise is complicated process, that is much longer and tenser than it establishment. To do it right the head of an enterprise must consider such details as balance drawing up liquidation. We can help you to accomplish this issues.\",\"breadcrumb\":{\"@id\":\"https:\\\/\\\/cz.f-chain.com\\\/cs\\\/cancellation-of-enterprises\\\/#breadcrumb\"},\"inLanguage\":\"cs\",\"potentialAction\":[{\"@type\":\"ReadAction\",\"target\":[\"https:\\\/\\\/cz.f-chain.com\\\/cs\\\/cancellation-of-enterprises\\\/\"]}]},{\"@type\":\"ImageObject\",\"inLanguage\":\"cs\",\"@id\":\"https:\\\/\\\/cz.f-chain.com\\\/cs\\\/cancellation-of-enterprises\\\/#primaryimage\",\"url\":\"https:\\\/\\\/cz.f-chain.com\\\/wp-content\\\/uploads\\\/2021\\\/05\\\/fchain_stock_37-scaled.jpg\",\"contentUrl\":\"https:\\\/\\\/cz.f-chain.com\\\/wp-content\\\/uploads\\\/2021\\\/05\\\/fchain_stock_37-scaled.jpg\",\"width\":2560,\"height\":1707},{\"@type\":\"BreadcrumbList\",\"@id\":\"https:\\\/\\\/cz.f-chain.com\\\/cs\\\/cancellation-of-enterprises\\\/#breadcrumb\",\"itemListElement\":[{\"@type\":\"ListItem\",\"position\":1,\"name\":\"Home\",\"item\":\"https:\\\/\\\/cz.f-chain.com\\\/cs\\\/\"},{\"@type\":\"ListItem\",\"position\":2,\"name\":\"Likvidace spole\u010dnosti\"}]},{\"@type\":\"WebSite\",\"@id\":\"https:\\\/\\\/cz.f-chain.com\\\/#website\",\"url\":\"https:\\\/\\\/cz.f-chain.com\\\/\",\"name\":\"FCHAIN\",\"description\":\"Financial Chain Corporation in Czech Republic\",\"potentialAction\":[{\"@type\":\"SearchAction\",\"target\":{\"@type\":\"EntryPoint\",\"urlTemplate\":\"https:\\\/\\\/cz.f-chain.com\\\/?s={search_term_string}\"},\"query-input\":{\"@type\":\"PropertyValueSpecification\",\"valueRequired\":true,\"valueName\":\"search_term_string\"}}],\"inLanguage\":\"cs\"}]}<\/script>\n<!-- \/ Yoast SEO plugin. -->","yoast_head_json":{"title":"Cancellation of enterprises: fast solution of complex issues","description":"Cancellation of enterprise is complicated process, that is much longer and tenser than it establishment. To do it right the head of an enterprise must consider such details as balance drawing up liquidation. We can help you to accomplish this issues.","robots":{"index":"index","follow":"follow","max-snippet":"max-snippet:-1","max-image-preview":"max-image-preview:large","max-video-preview":"max-video-preview:-1"},"canonical":"https:\/\/cz.f-chain.com\/cs\/cancellation-of-enterprises\/","og_locale":"cs_CZ","og_type":"article","og_title":"Cancellation of enterprises: fast solution of complex issues","og_description":"Cancellation of enterprise is complicated process, that is much longer and tenser than it establishment. To do it right the head of an enterprise must consider such details as balance drawing up liquidation. We can help you to accomplish this issues.","og_url":"https:\/\/cz.f-chain.com\/cs\/cancellation-of-enterprises\/","og_site_name":"FCHAIN","article_modified_time":"2025-11-18T11:22:51+00:00","og_image":[{"width":2560,"height":1707,"url":"https:\/\/cz.f-chain.com\/wp-content\/uploads\/2021\/05\/fchain_stock_37-scaled.jpg","type":"image\/jpeg"}],"twitter_card":"summary_large_image","twitter_misc":{"Odhadovan\u00e1 doba \u010dten\u00ed":"5 minut"},"schema":{"@context":"https:\/\/schema.org","@graph":[{"@type":"WebPage","@id":"https:\/\/cz.f-chain.com\/cs\/cancellation-of-enterprises\/","url":"https:\/\/cz.f-chain.com\/cs\/cancellation-of-enterprises\/","name":"Cancellation of enterprises: fast solution of complex issues","isPartOf":{"@id":"https:\/\/cz.f-chain.com\/#website"},"primaryImageOfPage":{"@id":"https:\/\/cz.f-chain.com\/cs\/cancellation-of-enterprises\/#primaryimage"},"image":{"@id":"https:\/\/cz.f-chain.com\/cs\/cancellation-of-enterprises\/#primaryimage"},"thumbnailUrl":"https:\/\/cz.f-chain.com\/wp-content\/uploads\/2021\/05\/fchain_stock_37-scaled.jpg","datePublished":"2015-06-08T12:10:02+00:00","dateModified":"2025-11-18T11:22:51+00:00","description":"Cancellation of enterprise is complicated process, that is much longer and tenser than it establishment. To do it right the head of an enterprise must consider such details as balance drawing up liquidation. We can help you to accomplish this issues.","breadcrumb":{"@id":"https:\/\/cz.f-chain.com\/cs\/cancellation-of-enterprises\/#breadcrumb"},"inLanguage":"cs","potentialAction":[{"@type":"ReadAction","target":["https:\/\/cz.f-chain.com\/cs\/cancellation-of-enterprises\/"]}]},{"@type":"ImageObject","inLanguage":"cs","@id":"https:\/\/cz.f-chain.com\/cs\/cancellation-of-enterprises\/#primaryimage","url":"https:\/\/cz.f-chain.com\/wp-content\/uploads\/2021\/05\/fchain_stock_37-scaled.jpg","contentUrl":"https:\/\/cz.f-chain.com\/wp-content\/uploads\/2021\/05\/fchain_stock_37-scaled.jpg","width":2560,"height":1707},{"@type":"BreadcrumbList","@id":"https:\/\/cz.f-chain.com\/cs\/cancellation-of-enterprises\/#breadcrumb","itemListElement":[{"@type":"ListItem","position":1,"name":"Home","item":"https:\/\/cz.f-chain.com\/cs\/"},{"@type":"ListItem","position":2,"name":"Likvidace spole\u010dnosti"}]},{"@type":"WebSite","@id":"https:\/\/cz.f-chain.com\/#website","url":"https:\/\/cz.f-chain.com\/","name":"FCHAIN","description":"Financial Chain Corporation in Czech Republic","potentialAction":[{"@type":"SearchAction","target":{"@type":"EntryPoint","urlTemplate":"https:\/\/cz.f-chain.com\/?s={search_term_string}"},"query-input":{"@type":"PropertyValueSpecification","valueRequired":true,"valueName":"search_term_string"}}],"inLanguage":"cs"}]}},"_links":{"self":[{"href":"https:\/\/cz.f-chain.com\/cs\/wp-json\/wp\/v2\/pages\/14442","targetHints":{"allow":["GET"]}}],"collection":[{"href":"https:\/\/cz.f-chain.com\/cs\/wp-json\/wp\/v2\/pages"}],"about":[{"href":"https:\/\/cz.f-chain.com\/cs\/wp-json\/wp\/v2\/types\/page"}],"author":[{"embeddable":true,"href":"https:\/\/cz.f-chain.com\/cs\/wp-json\/wp\/v2\/users\/1"}],"replies":[{"embeddable":true,"href":"https:\/\/cz.f-chain.com\/cs\/wp-json\/wp\/v2\/comments?post=14442"}],"version-history":[{"count":8,"href":"https:\/\/cz.f-chain.com\/cs\/wp-json\/wp\/v2\/pages\/14442\/revisions"}],"predecessor-version":[{"id":37685,"href":"https:\/\/cz.f-chain.com\/cs\/wp-json\/wp\/v2\/pages\/14442\/revisions\/37685"}],"wp:featuredmedia":[{"embeddable":true,"href":"https:\/\/cz.f-chain.com\/cs\/wp-json\/wp\/v2\/media\/19386"}],"wp:attachment":[{"href":"https:\/\/cz.f-chain.com\/cs\/wp-json\/wp\/v2\/media?parent=14442"}],"curies":[{"name":"wp","href":"https:\/\/api.w.org\/{rel}","templated":true}]}}