{"id":14436,"date":"2015-06-08T16:43:30","date_gmt":"2015-06-08T11:43:30","guid":{"rendered":"http:\/\/cacs.svvm.com\/accounting-services-2\/"},"modified":"2025-02-12T08:32:59","modified_gmt":"2025-02-12T08:32:59","slug":"ucetni-sluzby","status":"publish","type":"page","link":"https:\/\/cz.f-chain.com\/cs\/ucetni-sluzby\/","title":{"rendered":"\u00da\u010detn\u00ed slu\u017eby"},"content":{"rendered":"<div class=\"wpb-content-wrapper\"><p>[vc_row equal_height=&#8220;yes&#8220; content_placement=&#8220;middle&#8220; css_animation=&#8220;fadeInUp&#8220;][vc_column][vc_column_text]<\/p>\n<h3>Na\u0161e spole\u010dnost m\u00e1 v\u00edce ne\u017e 20 let zku\u0161enost\u00ed s implementac\u00ed efektivn\u00edch finan\u010dn\u00edch \u0159e\u0161en\u00ed pro podnik\u00e1n\u00ed. \u00da\u010detnictv\u00ed je jednou z hlavn\u00edch oblast\u00ed, kter\u00fdm se na\u0161i specialist\u00e9 profesion\u00e1ln\u011b v\u011bnuj\u00ed.<\/h3>\n<p>Dnes jako strukturovan\u00fd syst\u00e9m finan\u010dn\u00edch informac\u00ed zauj\u00edm\u00e1 \u00fa\u010detnictv\u00ed mo\u017en\u00e1 jednu z vedouc\u00edch pozic mezi aktivitami spole\u010dnosti, ne-li prvn\u00ed. \u0160ikovn\u00e9 veden\u00ed \u00fa\u010detnictv\u00ed d\u00e1v\u00e1 vedouc\u00edmu podniku p\u0159\u00edle\u017eitost pln\u011b kontrolovat jak\u00e9koli zm\u011bny v ekonomick\u00fdch aktivit\u00e1ch sv\u00e9ho podnik\u00e1n\u00ed a efektivn\u011b jej \u0159\u00eddit. \u00da\u010detn\u00ed slu\u017eby poskytujeme nejen v Praze, ale i v cel\u00e9 \u010cesk\u00e9 republice.[\/vc_column_text][\/vc_column][\/vc_row][vc_row content_placement=&#8220;middle&#8220; css_animation=&#8220;fadeInUp&#8220;][vc_column width=&#8220;1\/2&#8243;][vc_column_text]Ve velk\u00fdch podnic\u00edch m\u016f\u017ee po\u010det zam\u011bstnanc\u016f v \u00fa\u010detn\u00edm odd\u011blen\u00ed p\u0159ekro\u010dit po\u010det jak\u00e9hokoli jin\u00e9ho odd\u011blen\u00ed, co\u017e vede k vysok\u00fdm n\u00e1klad\u016fm spole\u010dnosti. V tomto p\u0159\u00edpad\u011b ve\u0161ker\u00e1 odpov\u011bdnost za pr\u00e1ci \u00fa\u010detn\u00edch spad\u00e1 na \u0159editele spole\u010dnosti. Proto se vyu\u017e\u00edv\u00e1n\u00ed outsourcingu stalo ka\u017edodenn\u00ed prax\u00ed p\u0159edn\u00edch sv\u011btov\u00fdch organizac\u00ed.<\/p>\n<p>Takov\u00e1 \u0159e\u0161en\u00ed se obvykle pou\u017e\u00edvaj\u00ed nejen pro \u00fa\u010detnictv\u00ed, ale tak\u00e9 pro jak\u00e9koli jin\u00e9 oblasti slu\u017eeb, na kter\u00e9 se spole\u010dnost nespecializuje. Kdy\u017e mluv\u00edme konkr\u00e9tn\u011b o \u00fa\u010detn\u00edch slu\u017eb\u00e1ch, m\u00e1me rozs\u00e1hl\u00e9 zku\u0161enosti s podporou velk\u00fdch spole\u010dnost\u00ed specializuj\u00edc\u00edch se na zcela odli\u0161n\u00e9 oblasti podnik\u00e1n\u00ed, stejn\u011b jako s v\u010dasn\u00fdm a spr\u00e1vn\u00fdm pod\u00e1v\u00e1n\u00edm v\u00fdro\u010dn\u00edch, \u010dtvrtletn\u00edch a m\u011bs\u00ed\u010dn\u00edch zpr\u00e1v o jak\u00e9koli slo\u017eitosti.<\/p>\n<p>Pokud budete s\u00a0n\u00e1mi spolupracovat, va\u0161e spole\u010dnost ji\u017e nebude muset udr\u017eovat velk\u00fd po\u010det zam\u011bstnanc\u016f \u00fazce strukturovan\u00fdch specialist\u016f, nebude nutn\u00e9 kupovat a udr\u017eovat specializovan\u00fd \u00fa\u010detn\u00ed software, otev\u00edrat pracovn\u00ed m\u00edsta a investovat do technick\u00e9ho vybaven\u00ed \u00fa\u010detn\u00edho odd\u011blen\u00ed.<\/p>\n<p>M\u00edt \u00fa\u010detn\u00edch mezi zam\u011bstnanc\u016f nen\u00ed z\u00e1rukou efektivity pr\u00e1ce. T\u00fdm FCHAIN sdru\u017euje nejlep\u0161\u00ed odborn\u00edky v oblasti \u00fa\u010detnictv\u00ed. Prost\u0159ednictv\u00edm sv\u00fdch slu\u017eeb m\u016f\u017ee FCHAIN zaru\u010dit \u00fa\u010dinnost, bezpe\u010dnost a hospod\u00e1rnost.[\/vc_column_text][\/vc_column][vc_column width=&#8220;1\/2&#8243;][vc_single_image image=&#8220;19304&#8243; img_size=&#8220;full&#8220;][\/vc_column][\/vc_row][vc_row content_placement=&#8220;middle&#8220; css_animation=&#8220;fadeInUp&#8220;][vc_column width=&#8220;1\/2&#8243;][vc_single_image image=&#8220;19307&#8243; img_size=&#8220;full&#8220;][\/vc_column][vc_column width=&#8220;1\/2&#8243;][vc_column_text]<strong>V r\u00e1mci dan\u011b \/ \u00fa\u010detnictv\u00ed nab\u00edz\u00edme n\u00e1sleduj\u00edc\u00ed:<\/strong><\/p>\n<p><u>Veden\u00ed da\u0148ov\u00e9 evidence<\/u><\/p>\n<ul class=\"ul-gray\">\n<li>Pen\u011b\u017en\u00ed den\u00edk, pokladn\u00ed kniha, kniha z\u00e1vazk\u016f a pohled\u00e1vek, bankovn\u00ed v\u00fdpisy.<\/li>\n<li>Evidence majetku, odpisy majetku.<\/li>\n<li>Kniha j\u00edzd, sledov\u00e1n\u00ed spot\u0159eby PHM, cestovn\u00ed n\u00e1hrady.<\/li>\n<li>Vnitropodnikov\u00e1 sm\u011brnice.<\/li>\n<li>Veden\u00ed skaldov\u00e9 evidence, p\u0159\u00edjemky, v\u00fddejky, inventury skladu.<\/li>\n<li>DPH, evidence, da\u0148ov\u00e1 p\u0159izn\u00e1n\u00ed m\u011bs\u00ed\u010dn\u00ed nebo \u010dtvrtletn\u00ed.<\/li>\n<li>Kontroln\u00ed hl\u00e1\u0161en\u00ed.<\/li>\n<li>Silni\u010dn\u00ed da\u0148.<\/li>\n<li>P\u0159ehledy soci\u00e1ln\u00edho a zdravotn\u00edho poji\u0161t\u011bn\u00ed.<\/li>\n<li>Da\u0148 z\u00a0p\u0159\u00edjm\u016f fyzick\u00fdch osob.<\/li>\n<\/ul>\n<p>[\/vc_column_text][\/vc_column][\/vc_row][vc_row content_placement=&#8220;middle&#8220; css_animation=&#8220;fadeInUp&#8220;][vc_column width=&#8220;1\/2&#8243;][vc_column_text]<strong><u>Veden\u00ed \u00fa\u010detnictv\u00ed<\/u><\/strong><\/p>\n<ul class=\"ul-gray\">\n<li>\u00da\u010detn\u00ed den\u00edk, banka, pokladna, hlavn\u00ed kniha, rozvaha, evidence rozvahov\u00fdch a v\u00fdsledkov\u00fdch \u00fa\u010dt\u016f, kniha z\u00e1vazk\u016f a pohled\u00e1vek.<\/li>\n<li>Sledov\u00e1n\u00ed stavu majetku, jeho odepisov\u00e1n\u00ed a z\u00e1v\u011bre\u010dn\u00e1 inventura.<\/li>\n<li>Vnitropodnikov\u00e1 sm\u011brnice.<\/li>\n<li>Evidence skladu, p\u0159\u00edjem a v\u00fddej materi\u00e1lu nebo zbo\u017e\u00ed, skladov\u00e1 inventura.<\/li>\n<li>Cestovn\u00ed n\u00e1hrady, kniha j\u00edzd a sledov\u00e1n\u00ed normativn\u00ed spot\u0159eby.<\/li>\n<li>DPH, m\u011bs\u00ed\u010dn\u00ed nebo \u010dtvrtletn\u00ed evidence v\u010detn\u011b da\u0148ov\u00e9ho p\u0159izn\u00e1n\u00ed.<\/li>\n<li>Kontroln\u00ed hl\u00e1\u0161en\u00ed.<\/li>\n<li>Silni\u010dn\u00ed da\u0148, stanoven\u00ed z\u00e1loh.<\/li>\n<li>Ostatn\u00ed aktu\u00e1ln\u00ed dan\u011b.<\/li>\n<li>Z\u00e1v\u011bre\u010dn\u00e1 \u00fa\u010detn\u00ed z\u00e1v\u011brka v\u010detn\u011b uzav\u00edr\u00e1n\u00ed hlavn\u00edch \u00fa\u010detn\u00edch knih.<\/li>\n<li>P\u0159ehledy pro spr\u00e1vu soci\u00e1ln\u00edho zabezpe\u010den\u00ed a zdravotn\u00ed poji\u0161\u0165ovny.<\/li>\n<li>Da\u0148 z\u00a0p\u0159\u00edjm\u016f fyzick\u00fdch nebo pr\u00e1vnick\u00fdch osob.<\/li>\n<li>V\u00fdkaz zisk\u016f a ztr\u00e1t a v\u00fdkaz rozvahy.<\/li>\n<li>P\u0159\u00edloha k\u00a0\u00fa\u010detn\u00ed z\u00e1v\u011brce.<\/li>\n<\/ul>\n<p>[\/vc_column_text][\/vc_column][vc_column width=&#8220;1\/2&#8243;][vc_single_image image=&#8220;19322&#8243; img_size=&#8220;full&#8220;][\/vc_column][\/vc_row][vc_row content_placement=&#8220;middle&#8220; css_animation=&#8220;fadeInUp&#8220;][vc_column width=&#8220;1\/2&#8243;][vc_single_image image=&#8220;20137&#8243; img_size=&#8220;full&#8220;][\/vc_column][vc_column width=&#8220;1\/2&#8243;][vc_column_text]<strong><u>Mzdy a zam\u011bstnanci<\/u><\/strong><\/p>\n<ul class=\"ul-gray\">\n<li>Celkov\u00e9 veden\u00ed mzdov\u00e9 agendy.<\/li>\n<li>Kompletn\u00ed \u0159e\u0161en\u00ed p\u0159i n\u00e1stupu a odchodu zam\u011bstnanc\u016f.<\/li>\n<li>Ro\u010dn\u00ed z\u00fa\u010dtov\u00e1n\u00ed mezd a odvod\u016f, p\u0159ehledy pro st\u00e1tn\u00ed instituce.<\/li>\n<li>Ro\u010dn\u00ed z\u00fa\u010dtov\u00e1n\u00ed dan\u00ed z\u00a0p\u0159\u00edjm\u016f.<\/li>\n<li>Ve\u0161ker\u00e1 potvrzen\u00ed pro styk zam\u011bstnanc\u016f s\u00a0\u00fa\u0159ady.<\/li>\n<li>Z\u00e1vazky podnikatele za zam\u011bstnance v\u016f\u010di okresn\u00ed spr\u00e1v\u011b soci\u00e1ln\u00edho zabezpe\u010den\u00ed a zdravotn\u00edm poji\u0161\u0165ovn\u00e1m.<\/li>\n<\/ul>\n<p>&nbsp;<\/p>\n<p>Je t\u0159eba si uv\u011bdomit, \u017ee nespr\u00e1vn\u00e1 a nedostate\u010dn\u00e1 organizace \u00fa\u010detnictv\u00ed v\u00fdrazn\u011b sni\u017euje produktivitu spole\u010dnosti. Na sou\u010dasn\u00e9 \u00farovni konkurence je prvn\u00edm krokem udr\u017een\u00ed vnit\u0159n\u00edho po\u0159\u00e1dku v jak\u00e9koli organizaci. A jsme p\u0159ipraveni V\u00e1m v t\u00e9to v\u011bci pomoci! Obra\u0165te se na FCHAIN aby va\u0161e \u00fa\u010detnictv\u00ed bylo v bezpe\u010d\u00ed.[\/vc_column_text][\/vc_column][\/vc_row]<\/p>\n<\/div>","protected":false},"excerpt":{"rendered":"<p>[vc_row equal_height=&#8220;yes&#8220; content_placement=&#8220;middle&#8220; css_animation=&#8220;fadeInUp&#8220;][vc_column][vc_column_text] Na\u0161e spole\u010dnost m\u00e1 v\u00edce ne\u017e 20 let zku\u0161enost\u00ed s implementac\u00ed efektivn\u00edch finan\u010dn\u00edch \u0159e\u0161en\u00ed pro podnik\u00e1n\u00ed. \u00da\u010detnictv\u00ed je jednou z hlavn\u00edch oblast\u00ed, kter\u00fdm se na\u0161i specialist\u00e9 profesion\u00e1ln\u011b v\u011bnuj\u00ed. Dnes jako strukturovan\u00fd syst\u00e9m finan\u010dn\u00edch informac\u00ed zauj\u00edm\u00e1 \u00fa\u010detnictv\u00ed mo\u017en\u00e1 jednu z vedouc\u00edch pozic mezi aktivitami spole\u010dnosti, ne-li prvn\u00ed. \u0160ikovn\u00e9 veden\u00ed \u00fa\u010detnictv\u00ed d\u00e1v\u00e1 vedouc\u00edmu podniku<\/p>\n","protected":false},"author":1,"featured_media":19631,"parent":0,"menu_order":0,"comment_status":"closed","ping_status":"closed","template":"","meta":{"_acf_changed":false,"footnotes":""},"class_list":["post-14436","page","type-page","status-publish","hentry"],"acf":[],"yoast_head":"<!-- This site is optimized with the Yoast SEO plugin v27.3 - https:\/\/yoast.com\/product\/yoast-seo-wordpress\/ -->\n<title>\u00da\u010detn\u00ed slu\u017eby v Praze, veden\u00ed \u00fa\u010detnictv\u00ed - Financial Chain Corporation<\/title>\n<meta name=\"description\" content=\"Poskytujeme \u00fa\u010detn\u00ed slu\u017eby v Praze. M\u016f\u017eete se na n\u00e1s spolehnout a\u0165 u\u017e podnik\u00e1te jako OSV\u010c \u010di jako velk\u00e1 spole\u010dnost.Na\u0161e pobo\u010dky naleznete po cel\u00e9m sv\u011bt\u011b.\" \/>\n<meta name=\"robots\" content=\"index, follow, max-snippet:-1, max-image-preview:large, max-video-preview:-1\" \/>\n<link rel=\"canonical\" href=\"https:\/\/cz.f-chain.com\/cs\/ucetni-sluzby\/\" \/>\n<meta property=\"og:locale\" content=\"cs_CZ\" \/>\n<meta property=\"og:type\" content=\"article\" \/>\n<meta property=\"og:title\" content=\"\u00da\u010detn\u00ed slu\u017eby v Praze, veden\u00ed \u00fa\u010detnictv\u00ed - Financial Chain Corporation\" \/>\n<meta property=\"og:description\" content=\"Poskytujeme \u00fa\u010detn\u00ed slu\u017eby v Praze. M\u016f\u017eete se na n\u00e1s spolehnout a\u0165 u\u017e podnik\u00e1te jako OSV\u010c \u010di jako velk\u00e1 spole\u010dnost.Na\u0161e pobo\u010dky naleznete po cel\u00e9m sv\u011bt\u011b.\" \/>\n<meta property=\"og:url\" content=\"https:\/\/cz.f-chain.com\/cs\/ucetni-sluzby\/\" \/>\n<meta property=\"og:site_name\" content=\"FCHAIN\" \/>\n<meta property=\"article:modified_time\" content=\"2025-02-12T08:32:59+00:00\" \/>\n<meta property=\"og:image\" content=\"https:\/\/cz.f-chain.com\/wp-content\/uploads\/2021\/05\/fchain_stock_71-1-scaled.jpg\" \/>\n\t<meta property=\"og:image:width\" content=\"2560\" \/>\n\t<meta property=\"og:image:height\" content=\"1707\" \/>\n\t<meta property=\"og:image:type\" content=\"image\/jpeg\" \/>\n<meta name=\"twitter:card\" content=\"summary_large_image\" \/>\n<meta name=\"twitter:label1\" content=\"Odhadovan\u00e1 doba \u010dten\u00ed\" \/>\n\t<meta name=\"twitter:data1\" content=\"4 minuty\" \/>\n<script type=\"application\/ld+json\" class=\"yoast-schema-graph\">{\"@context\":\"https:\\\/\\\/schema.org\",\"@graph\":[{\"@type\":\"WebPage\",\"@id\":\"https:\\\/\\\/cz.f-chain.com\\\/cs\\\/ucetni-sluzby\\\/\",\"url\":\"https:\\\/\\\/cz.f-chain.com\\\/cs\\\/ucetni-sluzby\\\/\",\"name\":\"\u00da\u010detn\u00ed slu\u017eby v Praze, veden\u00ed \u00fa\u010detnictv\u00ed - Financial Chain Corporation\",\"isPartOf\":{\"@id\":\"https:\\\/\\\/cz.f-chain.com\\\/#website\"},\"primaryImageOfPage\":{\"@id\":\"https:\\\/\\\/cz.f-chain.com\\\/cs\\\/ucetni-sluzby\\\/#primaryimage\"},\"image\":{\"@id\":\"https:\\\/\\\/cz.f-chain.com\\\/cs\\\/ucetni-sluzby\\\/#primaryimage\"},\"thumbnailUrl\":\"https:\\\/\\\/cz.f-chain.com\\\/wp-content\\\/uploads\\\/2021\\\/05\\\/fchain_stock_71-1-scaled.jpg\",\"datePublished\":\"2015-06-08T11:43:30+00:00\",\"dateModified\":\"2025-02-12T08:32:59+00:00\",\"description\":\"Poskytujeme \u00fa\u010detn\u00ed slu\u017eby v Praze. M\u016f\u017eete se na n\u00e1s spolehnout a\u0165 u\u017e podnik\u00e1te jako OSV\u010c \u010di jako velk\u00e1 spole\u010dnost.Na\u0161e pobo\u010dky naleznete po cel\u00e9m sv\u011bt\u011b.\",\"breadcrumb\":{\"@id\":\"https:\\\/\\\/cz.f-chain.com\\\/cs\\\/ucetni-sluzby\\\/#breadcrumb\"},\"inLanguage\":\"cs\",\"potentialAction\":[{\"@type\":\"ReadAction\",\"target\":[\"https:\\\/\\\/cz.f-chain.com\\\/cs\\\/ucetni-sluzby\\\/\"]}]},{\"@type\":\"ImageObject\",\"inLanguage\":\"cs\",\"@id\":\"https:\\\/\\\/cz.f-chain.com\\\/cs\\\/ucetni-sluzby\\\/#primaryimage\",\"url\":\"https:\\\/\\\/cz.f-chain.com\\\/wp-content\\\/uploads\\\/2021\\\/05\\\/fchain_stock_71-1-scaled.jpg\",\"contentUrl\":\"https:\\\/\\\/cz.f-chain.com\\\/wp-content\\\/uploads\\\/2021\\\/05\\\/fchain_stock_71-1-scaled.jpg\",\"width\":2560,\"height\":1707},{\"@type\":\"BreadcrumbList\",\"@id\":\"https:\\\/\\\/cz.f-chain.com\\\/cs\\\/ucetni-sluzby\\\/#breadcrumb\",\"itemListElement\":[{\"@type\":\"ListItem\",\"position\":1,\"name\":\"Home\",\"item\":\"https:\\\/\\\/cz.f-chain.com\\\/cs\\\/\"},{\"@type\":\"ListItem\",\"position\":2,\"name\":\"\u00da\u010detn\u00ed slu\u017eby\"}]},{\"@type\":\"WebSite\",\"@id\":\"https:\\\/\\\/cz.f-chain.com\\\/#website\",\"url\":\"https:\\\/\\\/cz.f-chain.com\\\/\",\"name\":\"FCHAIN\",\"description\":\"Financial Chain Corporation in Czech Republic\",\"potentialAction\":[{\"@type\":\"SearchAction\",\"target\":{\"@type\":\"EntryPoint\",\"urlTemplate\":\"https:\\\/\\\/cz.f-chain.com\\\/?s={search_term_string}\"},\"query-input\":{\"@type\":\"PropertyValueSpecification\",\"valueRequired\":true,\"valueName\":\"search_term_string\"}}],\"inLanguage\":\"cs\"}]}<\/script>\n<!-- \/ Yoast SEO plugin. -->","yoast_head_json":{"title":"\u00da\u010detn\u00ed slu\u017eby v Praze, veden\u00ed \u00fa\u010detnictv\u00ed - Financial Chain Corporation","description":"Poskytujeme \u00fa\u010detn\u00ed slu\u017eby v Praze. M\u016f\u017eete se na n\u00e1s spolehnout a\u0165 u\u017e podnik\u00e1te jako OSV\u010c \u010di jako velk\u00e1 spole\u010dnost.Na\u0161e pobo\u010dky naleznete po cel\u00e9m sv\u011bt\u011b.","robots":{"index":"index","follow":"follow","max-snippet":"max-snippet:-1","max-image-preview":"max-image-preview:large","max-video-preview":"max-video-preview:-1"},"canonical":"https:\/\/cz.f-chain.com\/cs\/ucetni-sluzby\/","og_locale":"cs_CZ","og_type":"article","og_title":"\u00da\u010detn\u00ed slu\u017eby v Praze, veden\u00ed \u00fa\u010detnictv\u00ed - Financial Chain Corporation","og_description":"Poskytujeme \u00fa\u010detn\u00ed slu\u017eby v Praze. M\u016f\u017eete se na n\u00e1s spolehnout a\u0165 u\u017e podnik\u00e1te jako OSV\u010c \u010di jako velk\u00e1 spole\u010dnost.Na\u0161e pobo\u010dky naleznete po cel\u00e9m sv\u011bt\u011b.","og_url":"https:\/\/cz.f-chain.com\/cs\/ucetni-sluzby\/","og_site_name":"FCHAIN","article_modified_time":"2025-02-12T08:32:59+00:00","og_image":[{"width":2560,"height":1707,"url":"https:\/\/cz.f-chain.com\/wp-content\/uploads\/2021\/05\/fchain_stock_71-1-scaled.jpg","type":"image\/jpeg"}],"twitter_card":"summary_large_image","twitter_misc":{"Odhadovan\u00e1 doba \u010dten\u00ed":"4 minuty"},"schema":{"@context":"https:\/\/schema.org","@graph":[{"@type":"WebPage","@id":"https:\/\/cz.f-chain.com\/cs\/ucetni-sluzby\/","url":"https:\/\/cz.f-chain.com\/cs\/ucetni-sluzby\/","name":"\u00da\u010detn\u00ed slu\u017eby v Praze, veden\u00ed \u00fa\u010detnictv\u00ed - Financial Chain Corporation","isPartOf":{"@id":"https:\/\/cz.f-chain.com\/#website"},"primaryImageOfPage":{"@id":"https:\/\/cz.f-chain.com\/cs\/ucetni-sluzby\/#primaryimage"},"image":{"@id":"https:\/\/cz.f-chain.com\/cs\/ucetni-sluzby\/#primaryimage"},"thumbnailUrl":"https:\/\/cz.f-chain.com\/wp-content\/uploads\/2021\/05\/fchain_stock_71-1-scaled.jpg","datePublished":"2015-06-08T11:43:30+00:00","dateModified":"2025-02-12T08:32:59+00:00","description":"Poskytujeme \u00fa\u010detn\u00ed slu\u017eby v Praze. M\u016f\u017eete se na n\u00e1s spolehnout a\u0165 u\u017e podnik\u00e1te jako OSV\u010c \u010di jako velk\u00e1 spole\u010dnost.Na\u0161e pobo\u010dky naleznete po cel\u00e9m sv\u011bt\u011b.","breadcrumb":{"@id":"https:\/\/cz.f-chain.com\/cs\/ucetni-sluzby\/#breadcrumb"},"inLanguage":"cs","potentialAction":[{"@type":"ReadAction","target":["https:\/\/cz.f-chain.com\/cs\/ucetni-sluzby\/"]}]},{"@type":"ImageObject","inLanguage":"cs","@id":"https:\/\/cz.f-chain.com\/cs\/ucetni-sluzby\/#primaryimage","url":"https:\/\/cz.f-chain.com\/wp-content\/uploads\/2021\/05\/fchain_stock_71-1-scaled.jpg","contentUrl":"https:\/\/cz.f-chain.com\/wp-content\/uploads\/2021\/05\/fchain_stock_71-1-scaled.jpg","width":2560,"height":1707},{"@type":"BreadcrumbList","@id":"https:\/\/cz.f-chain.com\/cs\/ucetni-sluzby\/#breadcrumb","itemListElement":[{"@type":"ListItem","position":1,"name":"Home","item":"https:\/\/cz.f-chain.com\/cs\/"},{"@type":"ListItem","position":2,"name":"\u00da\u010detn\u00ed slu\u017eby"}]},{"@type":"WebSite","@id":"https:\/\/cz.f-chain.com\/#website","url":"https:\/\/cz.f-chain.com\/","name":"FCHAIN","description":"Financial Chain Corporation in Czech Republic","potentialAction":[{"@type":"SearchAction","target":{"@type":"EntryPoint","urlTemplate":"https:\/\/cz.f-chain.com\/?s={search_term_string}"},"query-input":{"@type":"PropertyValueSpecification","valueRequired":true,"valueName":"search_term_string"}}],"inLanguage":"cs"}]}},"_links":{"self":[{"href":"https:\/\/cz.f-chain.com\/cs\/wp-json\/wp\/v2\/pages\/14436","targetHints":{"allow":["GET"]}}],"collection":[{"href":"https:\/\/cz.f-chain.com\/cs\/wp-json\/wp\/v2\/pages"}],"about":[{"href":"https:\/\/cz.f-chain.com\/cs\/wp-json\/wp\/v2\/types\/page"}],"author":[{"embeddable":true,"href":"https:\/\/cz.f-chain.com\/cs\/wp-json\/wp\/v2\/users\/1"}],"replies":[{"embeddable":true,"href":"https:\/\/cz.f-chain.com\/cs\/wp-json\/wp\/v2\/comments?post=14436"}],"version-history":[{"count":8,"href":"https:\/\/cz.f-chain.com\/cs\/wp-json\/wp\/v2\/pages\/14436\/revisions"}],"predecessor-version":[{"id":20840,"href":"https:\/\/cz.f-chain.com\/cs\/wp-json\/wp\/v2\/pages\/14436\/revisions\/20840"}],"wp:featuredmedia":[{"embeddable":true,"href":"https:\/\/cz.f-chain.com\/cs\/wp-json\/wp\/v2\/media\/19631"}],"wp:attachment":[{"href":"https:\/\/cz.f-chain.com\/cs\/wp-json\/wp\/v2\/media?parent=14436"}],"curies":[{"name":"wp","href":"https:\/\/api.w.org\/{rel}","templated":true}]}}