{"id":14171,"date":"2015-06-08T15:44:27","date_gmt":"2015-06-08T10:44:27","guid":{"rendered":"http:\/\/cacs.svvm.com\/about-us-2\/"},"modified":"2025-02-10T16:33:28","modified_gmt":"2025-02-10T16:33:28","slug":"o-spolecnosti","status":"publish","type":"page","link":"https:\/\/cz.f-chain.com\/cs\/o-spolecnosti\/","title":{"rendered":"O spole\u010dnosti"},"content":{"rendered":"<div class=\"wpb-content-wrapper\"><p>[vc_row css=&#8220;.vc_custom_1534176893169{margin-bottom: 0px !important;padding-bottom: 0px !important;}&#8220;][vc_column width=&#8220;2\/3&#8243;][vc_column_text][\/vc_column_text][\/vc_column][vc_column width=&#8220;1\/3&#8243;][vc_single_image image=&#8220;18978&#8243; img_size=&#8220;full&#8220;][\/vc_column][\/vc_row][vc_row equal_height=&#8220;yes&#8220; content_placement=&#8220;middle&#8220; css=&#8220;.vc_custom_1534176900985{margin-top: 0px !important;}&#8220;][vc_column][vc_column_text][\/vc_column_text][\/vc_column][\/vc_row][vc_row equal_height=&#8220;yes&#8220;][vc_column width=&#8220;2\/3&#8243;][\/vc_column][vc_column width=&#8220;1\/3&#8243;][vc_single_image image=&#8220;18986&#8243; img_size=&#8220;full&#8220;][\/vc_column][\/vc_row][vc_row][vc_column][vc_column_text][\/vc_column_text][\/vc_column][\/vc_row]<\/p>\n<\/div>","protected":false},"excerpt":{"rendered":"<p>[vc_row css=&#8220;.vc_custom_1534176893169{margin-bottom: 0px !important;padding-bottom: 0px !important;}&#8220;][vc_column width=&#8220;2\/3&#8243;][vc_column_text][\/vc_column_text][\/vc_column][vc_column width=&#8220;1\/3&#8243;][vc_single_image image=&#8220;18978&#8243; img_size=&#8220;full&#8220;][\/vc_column][\/vc_row][vc_row equal_height=&#8220;yes&#8220; content_placement=&#8220;middle&#8220; css=&#8220;.vc_custom_1534176900985{margin-top: 0px !important;}&#8220;][vc_column][vc_column_text][\/vc_column_text][\/vc_column][\/vc_row][vc_row equal_height=&#8220;yes&#8220;][vc_column width=&#8220;2\/3&#8243;][\/vc_column][vc_column width=&#8220;1\/3&#8243;][vc_single_image image=&#8220;18986&#8243; img_size=&#8220;full&#8220;][\/vc_column][\/vc_row][vc_row][vc_column][vc_column_text][\/vc_column_text][\/vc_column][\/vc_row]<\/p>\n","protected":false},"author":1,"featured_media":19603,"parent":0,"menu_order":0,"comment_status":"closed","ping_status":"closed","template":"page-abouth.php","meta":{"_acf_changed":false,"footnotes":""},"class_list":["post-14171","page","type-page","status-publish","hentry"],"acf":[],"yoast_head":"<!-- This site is optimized with the Yoast SEO plugin v27.3 - https:\/\/yoast.com\/product\/yoast-seo-wordpress\/ -->\n<title>O spole\u010dnosti Financial Chain Corporation (FCHAIN)<\/title>\n<meta name=\"description\" content=\"Jsme Financial Chain Corporation (FChain) - t\u00fdmt\u011bch nejlep\u0161\u00edch specialist\u016f na \u00fa\u010detn\u00ed a pr\u00e1vn\u00ed slu\u017eby nejen v \u010cR. P\u0159e\u010dt\u011bte si v\u00edce o historii na\u0161\u00ed spole\u010dnosti, kter\u00e1 za\u010dala v roce 2002. R\u00e1d\u00ed V\u00e1m usnadn\u00edme podn\u00edk\u00e1n\u00ed a nab\u00eddneme n\u00e1\u0161 servis.\" \/>\n<meta name=\"robots\" content=\"index, follow, max-snippet:-1, max-image-preview:large, max-video-preview:-1\" \/>\n<link rel=\"canonical\" href=\"https:\/\/cz.f-chain.com\/cs\/o-spolecnosti\/\" \/>\n<meta property=\"og:locale\" content=\"cs_CZ\" \/>\n<meta property=\"og:type\" content=\"article\" \/>\n<meta property=\"og:title\" content=\"O spole\u010dnosti Financial Chain Corporation (FCHAIN)\" \/>\n<meta property=\"og:description\" content=\"Jsme Financial Chain Corporation (FChain) - t\u00fdmt\u011bch nejlep\u0161\u00edch specialist\u016f na \u00fa\u010detn\u00ed a pr\u00e1vn\u00ed slu\u017eby nejen v \u010cR. P\u0159e\u010dt\u011bte si v\u00edce o historii na\u0161\u00ed spole\u010dnosti, kter\u00e1 za\u010dala v roce 2002. R\u00e1d\u00ed V\u00e1m usnadn\u00edme podn\u00edk\u00e1n\u00ed a nab\u00eddneme n\u00e1\u0161 servis.\" \/>\n<meta property=\"og:url\" content=\"https:\/\/cz.f-chain.com\/cs\/o-spolecnosti\/\" \/>\n<meta property=\"og:site_name\" content=\"FCHAIN\" \/>\n<meta property=\"article:modified_time\" content=\"2025-02-10T16:33:28+00:00\" \/>\n<meta property=\"og:image\" content=\"https:\/\/cz.f-chain.com\/wp-content\/uploads\/2020\/10\/fchain_stock_czech7-scaled-e1622034442739.jpg\" \/>\n\t<meta property=\"og:image:width\" content=\"2560\" \/>\n\t<meta property=\"og:image:height\" content=\"1707\" \/>\n\t<meta property=\"og:image:type\" content=\"image\/jpeg\" \/>\n<meta name=\"twitter:card\" content=\"summary_large_image\" \/>\n<meta name=\"twitter:label1\" content=\"Odhadovan\u00e1 doba \u010dten\u00ed\" \/>\n\t<meta name=\"twitter:data1\" content=\"1 minuta\" \/>\n<script type=\"application\/ld+json\" class=\"yoast-schema-graph\">{\"@context\":\"https:\\\/\\\/schema.org\",\"@graph\":[{\"@type\":\"WebPage\",\"@id\":\"https:\\\/\\\/cz.f-chain.com\\\/cs\\\/o-spolecnosti\\\/\",\"url\":\"https:\\\/\\\/cz.f-chain.com\\\/cs\\\/o-spolecnosti\\\/\",\"name\":\"O spole\u010dnosti Financial Chain Corporation (FCHAIN)\",\"isPartOf\":{\"@id\":\"https:\\\/\\\/cz.f-chain.com\\\/#website\"},\"primaryImageOfPage\":{\"@id\":\"https:\\\/\\\/cz.f-chain.com\\\/cs\\\/o-spolecnosti\\\/#primaryimage\"},\"image\":{\"@id\":\"https:\\\/\\\/cz.f-chain.com\\\/cs\\\/o-spolecnosti\\\/#primaryimage\"},\"thumbnailUrl\":\"https:\\\/\\\/cz.f-chain.com\\\/wp-content\\\/uploads\\\/2020\\\/10\\\/fchain_stock_czech7-scaled-e1622034442739.jpg\",\"datePublished\":\"2015-06-08T10:44:27+00:00\",\"dateModified\":\"2025-02-10T16:33:28+00:00\",\"description\":\"Jsme Financial Chain Corporation (FChain) - t\u00fdmt\u011bch nejlep\u0161\u00edch specialist\u016f na \u00fa\u010detn\u00ed a pr\u00e1vn\u00ed slu\u017eby nejen v \u010cR. P\u0159e\u010dt\u011bte si v\u00edce o historii na\u0161\u00ed spole\u010dnosti, kter\u00e1 za\u010dala v roce 2002. R\u00e1d\u00ed V\u00e1m usnadn\u00edme podn\u00edk\u00e1n\u00ed a nab\u00eddneme n\u00e1\u0161 servis.\",\"breadcrumb\":{\"@id\":\"https:\\\/\\\/cz.f-chain.com\\\/cs\\\/o-spolecnosti\\\/#breadcrumb\"},\"inLanguage\":\"cs\",\"potentialAction\":[{\"@type\":\"ReadAction\",\"target\":[\"https:\\\/\\\/cz.f-chain.com\\\/cs\\\/o-spolecnosti\\\/\"]}]},{\"@type\":\"ImageObject\",\"inLanguage\":\"cs\",\"@id\":\"https:\\\/\\\/cz.f-chain.com\\\/cs\\\/o-spolecnosti\\\/#primaryimage\",\"url\":\"https:\\\/\\\/cz.f-chain.com\\\/wp-content\\\/uploads\\\/2020\\\/10\\\/fchain_stock_czech7-scaled-e1622034442739.jpg\",\"contentUrl\":\"https:\\\/\\\/cz.f-chain.com\\\/wp-content\\\/uploads\\\/2020\\\/10\\\/fchain_stock_czech7-scaled-e1622034442739.jpg\",\"width\":2560,\"height\":1707},{\"@type\":\"BreadcrumbList\",\"@id\":\"https:\\\/\\\/cz.f-chain.com\\\/cs\\\/o-spolecnosti\\\/#breadcrumb\",\"itemListElement\":[{\"@type\":\"ListItem\",\"position\":1,\"name\":\"Home\",\"item\":\"https:\\\/\\\/cz.f-chain.com\\\/cs\\\/\"},{\"@type\":\"ListItem\",\"position\":2,\"name\":\"O spole\u010dnosti\"}]},{\"@type\":\"WebSite\",\"@id\":\"https:\\\/\\\/cz.f-chain.com\\\/#website\",\"url\":\"https:\\\/\\\/cz.f-chain.com\\\/\",\"name\":\"FCHAIN\",\"description\":\"Financial Chain Corporation in Czech Republic\",\"potentialAction\":[{\"@type\":\"SearchAction\",\"target\":{\"@type\":\"EntryPoint\",\"urlTemplate\":\"https:\\\/\\\/cz.f-chain.com\\\/?s={search_term_string}\"},\"query-input\":{\"@type\":\"PropertyValueSpecification\",\"valueRequired\":true,\"valueName\":\"search_term_string\"}}],\"inLanguage\":\"cs\"}]}<\/script>\n<!-- \/ Yoast SEO plugin. -->","yoast_head_json":{"title":"O spole\u010dnosti Financial Chain Corporation (FCHAIN)","description":"Jsme Financial Chain Corporation (FChain) - t\u00fdmt\u011bch nejlep\u0161\u00edch specialist\u016f na \u00fa\u010detn\u00ed a pr\u00e1vn\u00ed slu\u017eby nejen v \u010cR. P\u0159e\u010dt\u011bte si v\u00edce o historii na\u0161\u00ed spole\u010dnosti, kter\u00e1 za\u010dala v roce 2002. R\u00e1d\u00ed V\u00e1m usnadn\u00edme podn\u00edk\u00e1n\u00ed a nab\u00eddneme n\u00e1\u0161 servis.","robots":{"index":"index","follow":"follow","max-snippet":"max-snippet:-1","max-image-preview":"max-image-preview:large","max-video-preview":"max-video-preview:-1"},"canonical":"https:\/\/cz.f-chain.com\/cs\/o-spolecnosti\/","og_locale":"cs_CZ","og_type":"article","og_title":"O spole\u010dnosti Financial Chain Corporation (FCHAIN)","og_description":"Jsme Financial Chain Corporation (FChain) - t\u00fdmt\u011bch nejlep\u0161\u00edch specialist\u016f na \u00fa\u010detn\u00ed a pr\u00e1vn\u00ed slu\u017eby nejen v \u010cR. P\u0159e\u010dt\u011bte si v\u00edce o historii na\u0161\u00ed spole\u010dnosti, kter\u00e1 za\u010dala v roce 2002. R\u00e1d\u00ed V\u00e1m usnadn\u00edme podn\u00edk\u00e1n\u00ed a nab\u00eddneme n\u00e1\u0161 servis.","og_url":"https:\/\/cz.f-chain.com\/cs\/o-spolecnosti\/","og_site_name":"FCHAIN","article_modified_time":"2025-02-10T16:33:28+00:00","og_image":[{"width":2560,"height":1707,"url":"https:\/\/cz.f-chain.com\/wp-content\/uploads\/2020\/10\/fchain_stock_czech7-scaled-e1622034442739.jpg","type":"image\/jpeg"}],"twitter_card":"summary_large_image","twitter_misc":{"Odhadovan\u00e1 doba \u010dten\u00ed":"1 minuta"},"schema":{"@context":"https:\/\/schema.org","@graph":[{"@type":"WebPage","@id":"https:\/\/cz.f-chain.com\/cs\/o-spolecnosti\/","url":"https:\/\/cz.f-chain.com\/cs\/o-spolecnosti\/","name":"O spole\u010dnosti Financial Chain Corporation (FCHAIN)","isPartOf":{"@id":"https:\/\/cz.f-chain.com\/#website"},"primaryImageOfPage":{"@id":"https:\/\/cz.f-chain.com\/cs\/o-spolecnosti\/#primaryimage"},"image":{"@id":"https:\/\/cz.f-chain.com\/cs\/o-spolecnosti\/#primaryimage"},"thumbnailUrl":"https:\/\/cz.f-chain.com\/wp-content\/uploads\/2020\/10\/fchain_stock_czech7-scaled-e1622034442739.jpg","datePublished":"2015-06-08T10:44:27+00:00","dateModified":"2025-02-10T16:33:28+00:00","description":"Jsme Financial Chain Corporation (FChain) - t\u00fdmt\u011bch nejlep\u0161\u00edch specialist\u016f na \u00fa\u010detn\u00ed a pr\u00e1vn\u00ed slu\u017eby nejen v \u010cR. P\u0159e\u010dt\u011bte si v\u00edce o historii na\u0161\u00ed spole\u010dnosti, kter\u00e1 za\u010dala v roce 2002. R\u00e1d\u00ed V\u00e1m usnadn\u00edme podn\u00edk\u00e1n\u00ed a nab\u00eddneme n\u00e1\u0161 servis.","breadcrumb":{"@id":"https:\/\/cz.f-chain.com\/cs\/o-spolecnosti\/#breadcrumb"},"inLanguage":"cs","potentialAction":[{"@type":"ReadAction","target":["https:\/\/cz.f-chain.com\/cs\/o-spolecnosti\/"]}]},{"@type":"ImageObject","inLanguage":"cs","@id":"https:\/\/cz.f-chain.com\/cs\/o-spolecnosti\/#primaryimage","url":"https:\/\/cz.f-chain.com\/wp-content\/uploads\/2020\/10\/fchain_stock_czech7-scaled-e1622034442739.jpg","contentUrl":"https:\/\/cz.f-chain.com\/wp-content\/uploads\/2020\/10\/fchain_stock_czech7-scaled-e1622034442739.jpg","width":2560,"height":1707},{"@type":"BreadcrumbList","@id":"https:\/\/cz.f-chain.com\/cs\/o-spolecnosti\/#breadcrumb","itemListElement":[{"@type":"ListItem","position":1,"name":"Home","item":"https:\/\/cz.f-chain.com\/cs\/"},{"@type":"ListItem","position":2,"name":"O spole\u010dnosti"}]},{"@type":"WebSite","@id":"https:\/\/cz.f-chain.com\/#website","url":"https:\/\/cz.f-chain.com\/","name":"FCHAIN","description":"Financial Chain Corporation in Czech Republic","potentialAction":[{"@type":"SearchAction","target":{"@type":"EntryPoint","urlTemplate":"https:\/\/cz.f-chain.com\/?s={search_term_string}"},"query-input":{"@type":"PropertyValueSpecification","valueRequired":true,"valueName":"search_term_string"}}],"inLanguage":"cs"}]}},"_links":{"self":[{"href":"https:\/\/cz.f-chain.com\/cs\/wp-json\/wp\/v2\/pages\/14171","targetHints":{"allow":["GET"]}}],"collection":[{"href":"https:\/\/cz.f-chain.com\/cs\/wp-json\/wp\/v2\/pages"}],"about":[{"href":"https:\/\/cz.f-chain.com\/cs\/wp-json\/wp\/v2\/types\/page"}],"author":[{"embeddable":true,"href":"https:\/\/cz.f-chain.com\/cs\/wp-json\/wp\/v2\/users\/1"}],"replies":[{"embeddable":true,"href":"https:\/\/cz.f-chain.com\/cs\/wp-json\/wp\/v2\/comments?post=14171"}],"version-history":[{"count":11,"href":"https:\/\/cz.f-chain.com\/cs\/wp-json\/wp\/v2\/pages\/14171\/revisions"}],"predecessor-version":[{"id":20815,"href":"https:\/\/cz.f-chain.com\/cs\/wp-json\/wp\/v2\/pages\/14171\/revisions\/20815"}],"wp:featuredmedia":[{"embeddable":true,"href":"https:\/\/cz.f-chain.com\/cs\/wp-json\/wp\/v2\/media\/19603"}],"wp:attachment":[{"href":"https:\/\/cz.f-chain.com\/cs\/wp-json\/wp\/v2\/media?parent=14171"}],"curies":[{"name":"wp","href":"https:\/\/api.w.org\/{rel}","templated":true}]}}